{"id":791,"date":"2025-01-31T14:46:38","date_gmt":"2025-01-31T13:46:38","guid":{"rendered":"https:\/\/www.szexshopbelvaros.com\/termek\/x-men-secret-shade-metal-butt-plug-red-m\/"},"modified":"2026-04-10T15:51:53","modified_gmt":"2026-04-10T13:51:53","slug":"x-men-secret-shade-metal-butt-plug-red-m","status":"publish","type":"product","link":"https:\/\/www.szexshopbelvaros.com\/en\/product\/x-men-secret-shade-metal-butt-plug-red-m\/","title":{"rendered":"Secret Shade Metal Butt Plug M \u2013 The silver plug with its red stone that sparkles in your butt like Christmas came early"},"content":{"rendered":"<p data-start=\"1070\" data-end=\"1487\">This 8.2 cm long, 3.4 cm diameter, waterproof metal butt plug glides in so smoothly with its shiny silver body, as if gravity itself were asking for permission to help. Its tapered design gradually dilates your sphincter muscles, making this medium-sized anal dilator not only spectacular, but also a real source of pleasure. And the blood-red, diamond-like gemstone at the end provides a sight that will make even the mirror look twice.<\/p>\n<p data-start=\"1489\" data-end=\"1747\">This shiny butt plug is a unisex sex toy for men and women, designed for anal stimulation. It&#039;s even more enjoyable with water-based lubricant, and when cared for with warm soapy water and a little accessory cleaner, it&#039;s guaranteed to shine again and again.<\/p>\n<p>&nbsp;<\/p>","protected":false},"excerpt":{"rendered":"<p>Ez a 8,2 centi hossz\u00fa, 3,4 cm \u00e1tm\u00e9r\u0151j\u0171, v\u00edz\u00e1ll\u00f3 f\u00e9man\u00e1ldug\u00f3 olyan sim\u00e1n siklik be a f\u00e9nyes ez\u00fcst test\u00e9vel, mintha maga a gravit\u00e1ci\u00f3 k\u00e9rne enged\u00e9lyt, hogy seg\u00edtsen. A k\u00fapos kialak\u00edt\u00e1sa fokozatosan t\u00e1g\u00edtja a z\u00e1r\u00f3izmaidat, \u00edgy ez a k\u00f6zepes m\u00e9ret\u0171 an\u00e1l t\u00e1g\u00edt\u00f3 nemcsak l\u00e1tv\u00e1nyos, hanem igazi \u00f6r\u00f6mforr\u00e1s is. A v\u00e9g\u00e9n tr\u00f3nol\u00f3 v\u00e9rv\u00f6r\u00f6s, gy\u00e9m\u00e1nt hat\u00e1s\u00fa \u00e9kk\u0151 pedig olyan [&#8230;]\n","protected":false},"featured_media":792,"comment_status":"closed","ping_status":"closed","template":"","meta":[],"product_brand":[161],"product_cat":[135,86],"product_tag":[684,418,676,694,1392,1393,424,1828,1842,1829,1381,1819,1318,1845,1827,1820,1844,1849,1848,1821,698,695,1904,1847,1846,1818,1843,1825],"class_list":{"0":"post-791","1":"product","2":"type-product","3":"status-publish","4":"has-post-thumbnail","6":"product_brand-x-men","7":"product_cat-anal","8":"product_cat-analdugok-prosztata-masszirozok","9":"product_tag-anal-dugo","10":"product_tag-anal-jatek","11":"product_tag-anal-play","12":"product_tag-anal-plug","13":"product_tag-anal-stimulacio","14":"product_tag-anal-stimulation","15":"product_tag-anal-toy","16":"product_tag-cold-metal-toy","17":"product_tag-ezust-anal-dugo","18":"product_tag-fem-anal-dugo","19":"product_tag-hatso-jatek","20":"product_tag-hideg-fem-jatek","21":"product_tag-intimate-toy","22":"product_tag-kozepes-meretu-anal-dugo","23":"product_tag-luxury-anal-toy","24":"product_tag-luxus-anal-jatek","25":"product_tag-m-meretu-anal-dugo","26":"product_tag-m-size-butt-plug","27":"product_tag-medium-butt-plug","28":"product_tag-metal-butt-plug","29":"product_tag-p-spot-toy","30":"product_tag-prostate-massager","31":"product_tag-prosztata-masszirozo","32":"product_tag-red-jewel-butt-plug","33":"product_tag-silver-butt-plug","34":"product_tag-sulyozott-anal-dugo","35":"product_tag-voros-koves-anal-dugo","36":"product_tag-weighted-butt-plug","38":"first","39":"instock","40":"taxable","41":"shipping-taxable","42":"purchasable","43":"product-type-simple"},"yoast_head":"<!-- This site is optimized with the Yoast SEO plugin v27.4 - https:\/\/yoast.com\/product\/yoast-seo-wordpress\/ -->\n<title>Secret Shade Metal Butt Plug M \u2013 Az ez\u00fcst dug\u00f3, ami v\u00f6r\u00f6s k\u00f6v\u00e9vel \u00fagy villan a fenekedben, mintha kar\u00e1csony j\u00f6tt volna kor\u00e1bban - Szexshop Belvaros<\/title>\n<meta name=\"robots\" content=\"index, follow, max-snippet:-1, max-image-preview:large, max-video-preview:-1\" \/>\n<link rel=\"canonical\" href=\"https:\/\/www.szexshopbelvaros.com\/en\/product\/x-men-secret-shade-metal-butt-plug-red-m\/\" \/>\n<meta property=\"og:locale\" content=\"en_US\" \/>\n<meta property=\"og:type\" content=\"article\" \/>\n<meta property=\"og:title\" content=\"Secret Shade Metal Butt Plug M \u2013 Az ez\u00fcst dug\u00f3, ami v\u00f6r\u00f6s k\u00f6v\u00e9vel \u00fagy villan a fenekedben, mintha kar\u00e1csony j\u00f6tt volna kor\u00e1bban - Szexshop Belvaros\" \/>\n<meta property=\"og:description\" content=\"Ez a 8,2 centi hossz\u00fa, 3,4 cm \u00e1tm\u00e9r\u0151j\u0171, v\u00edz\u00e1ll\u00f3 f\u00e9man\u00e1ldug\u00f3 olyan sim\u00e1n siklik be a f\u00e9nyes ez\u00fcst test\u00e9vel, mintha maga a gravit\u00e1ci\u00f3 k\u00e9rne enged\u00e9lyt, hogy seg\u00edtsen. A k\u00fapos kialak\u00edt\u00e1sa fokozatosan t\u00e1g\u00edtja a z\u00e1r\u00f3izmaidat, \u00edgy ez a k\u00f6zepes m\u00e9ret\u0171 an\u00e1l t\u00e1g\u00edt\u00f3 nemcsak l\u00e1tv\u00e1nyos, hanem igazi \u00f6r\u00f6mforr\u00e1s is. A v\u00e9g\u00e9n tr\u00f3nol\u00f3 v\u00e9rv\u00f6r\u00f6s, gy\u00e9m\u00e1nt hat\u00e1s\u00fa \u00e9kk\u0151 pedig olyan [...]\" \/>\n<meta property=\"og:url\" content=\"https:\/\/www.szexshopbelvaros.com\/en\/product\/x-men-secret-shade-metal-butt-plug-red-m\/\" \/>\n<meta property=\"og:site_name\" content=\"Szexshop Belvaros\" \/>\n<meta property=\"article:publisher\" content=\"https:\/\/www.facebook.com\/belvarossecrets\/\" \/>\n<meta property=\"article:modified_time\" content=\"2026-04-10T13:51:53+00:00\" \/>\n<meta property=\"og:image\" content=\"https:\/\/www.szexshopbelvaros.com\/wp-content\/uploads\/2025\/01\/6738a8c26d0f887f0ad2b11a.jpeg\" \/>\n\t<meta property=\"og:image:width\" content=\"1200\" \/>\n\t<meta property=\"og:image:height\" content=\"676\" \/>\n\t<meta property=\"og:image:type\" content=\"image\/jpeg\" \/>\n<meta name=\"twitter:card\" content=\"summary_large_image\" \/>\n<meta name=\"twitter:site\" content=\"@belvarossecrets\" \/>\n<meta name=\"twitter:label1\" content=\"Est. reading time\" \/>\n\t<meta name=\"twitter:data1\" content=\"1 minute\" \/>\n<script type=\"application\/ld+json\" class=\"yoast-schema-graph\">{\"@context\":\"https:\\\/\\\/schema.org\",\"@graph\":[{\"@type\":\"WebPage\",\"@id\":\"https:\\\/\\\/www.szexshopbelvaros.com\\\/termek\\\/x-men-secret-shade-metal-butt-plug-red-m\\\/\",\"url\":\"https:\\\/\\\/www.szexshopbelvaros.com\\\/termek\\\/x-men-secret-shade-metal-butt-plug-red-m\\\/\",\"name\":\"Secret Shade Metal Butt Plug M \u2013 Az ez\u00fcst dug\u00f3, ami v\u00f6r\u00f6s k\u00f6v\u00e9vel \u00fagy villan a fenekedben, mintha kar\u00e1csony j\u00f6tt volna kor\u00e1bban - Szexshop Belvaros\",\"isPartOf\":{\"@id\":\"https:\\\/\\\/www.szexshopbelvaros.com\\\/#website\"},\"primaryImageOfPage\":{\"@id\":\"https:\\\/\\\/www.szexshopbelvaros.com\\\/termek\\\/x-men-secret-shade-metal-butt-plug-red-m\\\/#primaryimage\"},\"image\":{\"@id\":\"https:\\\/\\\/www.szexshopbelvaros.com\\\/termek\\\/x-men-secret-shade-metal-butt-plug-red-m\\\/#primaryimage\"},\"thumbnailUrl\":\"https:\\\/\\\/www.szexshopbelvaros.com\\\/wp-content\\\/uploads\\\/2025\\\/01\\\/6738a8c26d0f887f0ad2b11a.jpeg\",\"datePublished\":\"2025-01-31T13:46:38+00:00\",\"dateModified\":\"2026-04-10T13:51:53+00:00\",\"breadcrumb\":{\"@id\":\"https:\\\/\\\/www.szexshopbelvaros.com\\\/termek\\\/x-men-secret-shade-metal-butt-plug-red-m\\\/#breadcrumb\"},\"inLanguage\":\"en-US\",\"potentialAction\":[{\"@type\":\"ReadAction\",\"target\":[\"https:\\\/\\\/www.szexshopbelvaros.com\\\/termek\\\/x-men-secret-shade-metal-butt-plug-red-m\\\/\"]}]},{\"@type\":\"ImageObject\",\"inLanguage\":\"en-US\",\"@id\":\"https:\\\/\\\/www.szexshopbelvaros.com\\\/termek\\\/x-men-secret-shade-metal-butt-plug-red-m\\\/#primaryimage\",\"url\":\"https:\\\/\\\/www.szexshopbelvaros.com\\\/wp-content\\\/uploads\\\/2025\\\/01\\\/6738a8c26d0f887f0ad2b11a.jpeg\",\"contentUrl\":\"https:\\\/\\\/www.szexshopbelvaros.com\\\/wp-content\\\/uploads\\\/2025\\\/01\\\/6738a8c26d0f887f0ad2b11a.jpeg\",\"width\":1200,\"height\":676},{\"@type\":\"BreadcrumbList\",\"@id\":\"https:\\\/\\\/www.szexshopbelvaros.com\\\/termek\\\/x-men-secret-shade-metal-butt-plug-red-m\\\/#breadcrumb\",\"itemListElement\":[{\"@type\":\"ListItem\",\"position\":1,\"name\":\"Home\",\"item\":\"https:\\\/\\\/www.szexshopbelvaros.com\\\/\"},{\"@type\":\"ListItem\",\"position\":2,\"name\":\"\u00c1ruh\u00e1z\",\"item\":\"https:\\\/\\\/www.szexshopbelvaros.com\\\/uzlet\\\/\"},{\"@type\":\"ListItem\",\"position\":3,\"name\":\"Secret Shade Metal Butt Plug M \u2013 Az ez\u00fcst dug\u00f3, ami v\u00f6r\u00f6s k\u00f6v\u00e9vel \u00fagy villan a fenekedben, mintha kar\u00e1csony j\u00f6tt volna kor\u00e1bban\"}]},{\"@type\":\"WebSite\",\"@id\":\"https:\\\/\\\/www.szexshopbelvaros.com\\\/#website\",\"url\":\"https:\\\/\\\/www.szexshopbelvaros.com\\\/\",\"name\":\"Szexshop Belv\u00e1ros\",\"description\":\"\ud83d\udd25 A szex olyan, mint a p\u00e9nz; csak a t\u00fal sok el\u00e9g!\u2122 Titkok a belv\u00e1rosb\u00f3l \ud83d\udc8b | Secrets from Budapest \ud83d\udc8e Feln\u0151tt j\u00e1t\u00e9kok \u2022 Erotika \u2022 Szexshop Belvaros\",\"publisher\":{\"@id\":\"https:\\\/\\\/www.szexshopbelvaros.com\\\/#organization\"},\"potentialAction\":[{\"@type\":\"SearchAction\",\"target\":{\"@type\":\"EntryPoint\",\"urlTemplate\":\"https:\\\/\\\/www.szexshopbelvaros.com\\\/?s={search_term_string}\"},\"query-input\":{\"@type\":\"PropertyValueSpecification\",\"valueRequired\":true,\"valueName\":\"search_term_string\"}}],\"inLanguage\":\"en-US\"},{\"@type\":\"Organization\",\"@id\":\"https:\\\/\\\/www.szexshopbelvaros.com\\\/#organization\",\"name\":\"Szexshop Belv\u00e1ros\",\"alternateName\":\"szexshopbelvaros.com\",\"url\":\"https:\\\/\\\/www.szexshopbelvaros.com\\\/\",\"logo\":{\"@type\":\"ImageObject\",\"inLanguage\":\"en-US\",\"@id\":\"https:\\\/\\\/www.szexshopbelvaros.com\\\/#\\\/schema\\\/logo\\\/image\\\/\",\"url\":\"https:\\\/\\\/www.szexshopbelvaros.com\\\/wp-content\\\/uploads\\\/2025\\\/09\\\/1Szexshopbelvaroslogo_blurred_stronger.jpg\",\"contentUrl\":\"https:\\\/\\\/www.szexshopbelvaros.com\\\/wp-content\\\/uploads\\\/2025\\\/09\\\/1Szexshopbelvaroslogo_blurred_stronger.jpg\",\"width\":1024,\"height\":1024,\"caption\":\"Szexshop Belv\u00e1ros\"},\"image\":{\"@id\":\"https:\\\/\\\/www.szexshopbelvaros.com\\\/#\\\/schema\\\/logo\\\/image\\\/\"},\"sameAs\":[\"https:\\\/\\\/www.facebook.com\\\/belvarossecrets\\\/\",\"https:\\\/\\\/x.com\\\/belvarossecrets\",\"https:\\\/\\\/www.instagram.com\\\/belvarossecrets\\\/\",\"https:\\\/\\\/www.tiktok.com\\\/@belvarossecrets\"]}]}<\/script>\n<!-- \/ Yoast SEO plugin. -->","yoast_head_json":{"title":"Secret Shade Metal Butt Plug M \u2013 The silver plug with its red stone that flashes in your butt as if Christmas had come early - Szexshop Belvaros","robots":{"index":"index","follow":"follow","max-snippet":"max-snippet:-1","max-image-preview":"max-image-preview:large","max-video-preview":"max-video-preview:-1"},"canonical":"https:\/\/www.szexshopbelvaros.com\/en\/product\/x-men-secret-shade-metal-butt-plug-red-m\/","og_locale":"en_US","og_type":"article","og_title":"Secret Shade Metal Butt Plug M \u2013 Az ez\u00fcst dug\u00f3, ami v\u00f6r\u00f6s k\u00f6v\u00e9vel \u00fagy villan a fenekedben, mintha kar\u00e1csony j\u00f6tt volna kor\u00e1bban - Szexshop Belvaros","og_description":"Ez a 8,2 centi hossz\u00fa, 3,4 cm \u00e1tm\u00e9r\u0151j\u0171, v\u00edz\u00e1ll\u00f3 f\u00e9man\u00e1ldug\u00f3 olyan sim\u00e1n siklik be a f\u00e9nyes ez\u00fcst test\u00e9vel, mintha maga a gravit\u00e1ci\u00f3 k\u00e9rne enged\u00e9lyt, hogy seg\u00edtsen. A k\u00fapos kialak\u00edt\u00e1sa fokozatosan t\u00e1g\u00edtja a z\u00e1r\u00f3izmaidat, \u00edgy ez a k\u00f6zepes m\u00e9ret\u0171 an\u00e1l t\u00e1g\u00edt\u00f3 nemcsak l\u00e1tv\u00e1nyos, hanem igazi \u00f6r\u00f6mforr\u00e1s is. A v\u00e9g\u00e9n tr\u00f3nol\u00f3 v\u00e9rv\u00f6r\u00f6s, gy\u00e9m\u00e1nt hat\u00e1s\u00fa \u00e9kk\u0151 pedig olyan [...]","og_url":"https:\/\/www.szexshopbelvaros.com\/en\/product\/x-men-secret-shade-metal-butt-plug-red-m\/","og_site_name":"Szexshop Belvaros","article_publisher":"https:\/\/www.facebook.com\/belvarossecrets\/","article_modified_time":"2026-04-10T13:51:53+00:00","og_image":[{"width":1200,"height":676,"url":"https:\/\/www.szexshopbelvaros.com\/wp-content\/uploads\/2025\/01\/6738a8c26d0f887f0ad2b11a.jpeg","type":"image\/jpeg"}],"twitter_card":"summary_large_image","twitter_site":"@belvarossecrets","twitter_misc":{"Est. reading time":"1 minute"},"schema":{"@context":"https:\/\/schema.org","@graph":[{"@type":"WebPage","@id":"https:\/\/www.szexshopbelvaros.com\/termek\/x-men-secret-shade-metal-butt-plug-red-m\/","url":"https:\/\/www.szexshopbelvaros.com\/termek\/x-men-secret-shade-metal-butt-plug-red-m\/","name":"Secret Shade Metal Butt Plug M \u2013 The silver plug with its red stone that flashes in your butt as if Christmas had come early - Szexshop Belvaros","isPartOf":{"@id":"https:\/\/www.szexshopbelvaros.com\/#website"},"primaryImageOfPage":{"@id":"https:\/\/www.szexshopbelvaros.com\/termek\/x-men-secret-shade-metal-butt-plug-red-m\/#primaryimage"},"image":{"@id":"https:\/\/www.szexshopbelvaros.com\/termek\/x-men-secret-shade-metal-butt-plug-red-m\/#primaryimage"},"thumbnailUrl":"https:\/\/www.szexshopbelvaros.com\/wp-content\/uploads\/2025\/01\/6738a8c26d0f887f0ad2b11a.jpeg","datePublished":"2025-01-31T13:46:38+00:00","dateModified":"2026-04-10T13:51:53+00:00","breadcrumb":{"@id":"https:\/\/www.szexshopbelvaros.com\/termek\/x-men-secret-shade-metal-butt-plug-red-m\/#breadcrumb"},"inLanguage":"en-US","potentialAction":[{"@type":"ReadAction","target":["https:\/\/www.szexshopbelvaros.com\/termek\/x-men-secret-shade-metal-butt-plug-red-m\/"]}]},{"@type":"ImageObject","inLanguage":"en-US","@id":"https:\/\/www.szexshopbelvaros.com\/termek\/x-men-secret-shade-metal-butt-plug-red-m\/#primaryimage","url":"https:\/\/www.szexshopbelvaros.com\/wp-content\/uploads\/2025\/01\/6738a8c26d0f887f0ad2b11a.jpeg","contentUrl":"https:\/\/www.szexshopbelvaros.com\/wp-content\/uploads\/2025\/01\/6738a8c26d0f887f0ad2b11a.jpeg","width":1200,"height":676},{"@type":"BreadcrumbList","@id":"https:\/\/www.szexshopbelvaros.com\/termek\/x-men-secret-shade-metal-butt-plug-red-m\/#breadcrumb","itemListElement":[{"@type":"ListItem","position":1,"name":"Home","item":"https:\/\/www.szexshopbelvaros.com\/"},{"@type":"ListItem","position":2,"name":"\u00c1ruh\u00e1z","item":"https:\/\/www.szexshopbelvaros.com\/uzlet\/"},{"@type":"ListItem","position":3,"name":"Secret Shade Metal Butt Plug M \u2013 Az ez\u00fcst dug\u00f3, ami v\u00f6r\u00f6s k\u00f6v\u00e9vel \u00fagy villan a fenekedben, mintha kar\u00e1csony j\u00f6tt volna kor\u00e1bban"}]},{"@type":"WebSite","@id":"https:\/\/www.szexshopbelvaros.com\/#website","url":"https:\/\/www.szexshopbelvaros.com\/","name":"at our Szexshop Belv\u00e1ros","description":"\ud83d\udd25 Sex is like money; only too much is enough!\u2122 Secrets from the city center \ud83d\udc8b | Secrets from Budapest \ud83d\udc8e Adult games \u2022 Erotica \u2022 Sex shop Belvaros","publisher":{"@id":"https:\/\/www.szexshopbelvaros.com\/#organization"},"potentialAction":[{"@type":"SearchAction","target":{"@type":"EntryPoint","urlTemplate":"https:\/\/www.szexshopbelvaros.com\/?s={search_term_string}"},"query-input":{"@type":"PropertyValueSpecification","valueRequired":true,"valueName":"search_term_string"}}],"inLanguage":"en-US"},{"@type":"Organization","@id":"https:\/\/www.szexshopbelvaros.com\/#organization","name":"at our Szexshop Belv\u00e1ros","alternateName":"szexshopbelvaros.com","url":"https:\/\/www.szexshopbelvaros.com\/","logo":{"@type":"ImageObject","inLanguage":"en-US","@id":"https:\/\/www.szexshopbelvaros.com\/#\/schema\/logo\/image\/","url":"https:\/\/www.szexshopbelvaros.com\/wp-content\/uploads\/2025\/09\/1Szexshopbelvaroslogo_blurred_stronger.jpg","contentUrl":"https:\/\/www.szexshopbelvaros.com\/wp-content\/uploads\/2025\/09\/1Szexshopbelvaroslogo_blurred_stronger.jpg","width":1024,"height":1024,"caption":"Szexshop Belv\u00e1ros"},"image":{"@id":"https:\/\/www.szexshopbelvaros.com\/#\/schema\/logo\/image\/"},"sameAs":["https:\/\/www.facebook.com\/belvarossecrets\/","https:\/\/x.com\/belvarossecrets","https:\/\/www.instagram.com\/belvarossecrets\/","https:\/\/www.tiktok.com\/@belvarossecrets"]}]}},"_links":{"self":[{"href":"https:\/\/www.szexshopbelvaros.com\/en\/wp-json\/wp\/v2\/product\/791","targetHints":{"allow":["GET"]}}],"collection":[{"href":"https:\/\/www.szexshopbelvaros.com\/en\/wp-json\/wp\/v2\/product"}],"about":[{"href":"https:\/\/www.szexshopbelvaros.com\/en\/wp-json\/wp\/v2\/types\/product"}],"replies":[{"embeddable":true,"href":"https:\/\/www.szexshopbelvaros.com\/en\/wp-json\/wp\/v2\/comments?post=791"}],"wp:featuredmedia":[{"embeddable":true,"href":"https:\/\/www.szexshopbelvaros.com\/en\/wp-json\/wp\/v2\/media\/792"}],"wp:attachment":[{"href":"https:\/\/www.szexshopbelvaros.com\/en\/wp-json\/wp\/v2\/media?parent=791"}],"wp:term":[{"taxonomy":"product_brand","embeddable":true,"href":"https:\/\/www.szexshopbelvaros.com\/en\/wp-json\/wp\/v2\/product_brand?post=791"},{"taxonomy":"product_cat","embeddable":true,"href":"https:\/\/www.szexshopbelvaros.com\/en\/wp-json\/wp\/v2\/product_cat?post=791"},{"taxonomy":"product_tag","embeddable":true,"href":"https:\/\/www.szexshopbelvaros.com\/en\/wp-json\/wp\/v2\/product_tag?post=791"}],"curies":[{"name":"wp","href":"https:\/\/api.w.org\/{rel}","templated":true}]}}