{"id":793,"date":"2025-01-31T14:46:38","date_gmt":"2025-01-31T13:46:38","guid":{"rendered":"https:\/\/www.szexshopbelvaros.com\/termek\/x-men-secret-shine-metal-butt-plug-rainbowheart-l\/"},"modified":"2026-04-10T15:52:15","modified_gmt":"2026-04-10T13:52:15","slug":"x-men-secret-shine-metal-butt-plug-rainbowheart-l","status":"publish","type":"product","link":"https:\/\/www.szexshopbelvaros.com\/en\/product\/x-men-secret-shine-metal-butt-plug-rainbowheart-l\/","title":{"rendered":"Secret Shine Metal Butt Plug L \u2013 The rainbow behemoth that is colorful, shiny and relentlessly dilated"},"content":{"rendered":"<p data-start=\"996\" data-end=\"1308\">This 9.5 cm long, 4.1 cm diameter, waterproof metal butt plug doesn&#039;t ask, it just slides \u2014 its tapered shape gradually tightens, and the shiny, rainbow-colored body shimmers like a warm pride parade has moved into your butt. And the diamond-effect base just adds a shovel to the visual experience.<\/p>\n<p data-start=\"1310\" data-end=\"1651\">This oversized, sparkly butt plug is a unisex sex toy for men and women, designed specifically for anal and anal penetration. As a rainbow anal dilator, it&#039;s even smoother than a bad decision with water-based lube, and can be brought back to its shining form in a flash with a little warm soapy water and an accessory cleaner.<\/p>","protected":false},"excerpt":{"rendered":"<p>Ez a 9,5 centis hossz\u00fas\u00e1g\u00fa, 4,1 cm \u00e1tm\u00e9r\u0151j\u0171, v\u00edz\u00e1ll\u00f3 f\u00e9man\u00e1ldug\u00f3 nem k\u00e9rdez, csak cs\u00faszik \u2014 a k\u00fapos form\u00e1ja fokozatosan fesz\u00edt, a f\u00e9nyes, sziv\u00e1rv\u00e1ny sz\u00edn\u0171 test pedig \u00fagy csillog, mintha egy meleg pride menet k\u00f6lt\u00f6z\u00f6tt volna a fenekedbe. A gy\u00e9m\u00e1nt hat\u00e1s\u00fa alap pedig csak r\u00e1tesz egy lap\u00e1ttal a vizu\u00e1lis \u00e9lm\u00e9nyre. Ez a nagy m\u00e9ret\u0171, csillog\u00f3 fen\u00e9kdug\u00f3 [&#8230;]\n","protected":false},"featured_media":2129,"comment_status":"closed","ping_status":"closed","template":"","meta":[],"product_brand":[161],"product_cat":[135,86],"product_tag":[684,418,676,694,1392,1393,424,1828,1829,1381,1819,1318,1817,1824,1823,1827,1820,1821,1816,1841,698,695,1904,1838,1840,1818,1839,1837,1825],"class_list":{"0":"post-793","1":"product","2":"type-product","3":"status-publish","4":"has-post-thumbnail","6":"product_brand-x-men","7":"product_cat-anal","8":"product_cat-analdugok-prosztata-masszirozok","9":"product_tag-anal-dugo","10":"product_tag-anal-jatek","11":"product_tag-anal-play","12":"product_tag-anal-plug","13":"product_tag-anal-stimulacio","14":"product_tag-anal-stimulation","15":"product_tag-anal-toy","16":"product_tag-cold-metal-toy","17":"product_tag-fem-anal-dugo","18":"product_tag-hatso-jatek","19":"product_tag-hideg-fem-jatek","20":"product_tag-intimate-toy","21":"product_tag-l-meretu-anal-dugo","22":"product_tag-l-size-butt-plug","23":"product_tag-large-butt-plug","24":"product_tag-luxury-anal-toy","25":"product_tag-luxus-anal-jatek","26":"product_tag-metal-butt-plug","27":"product_tag-nagy-meretu-anal-dugo","28":"product_tag-oil-slick-butt-plug","29":"product_tag-p-spot-toy","30":"product_tag-prostate-massager","31":"product_tag-prosztata-masszirozo","32":"product_tag-rainbow-anal-dugo","33":"product_tag-rainbow-butt-plug","34":"product_tag-sulyozott-anal-dugo","35":"product_tag-szines-fem-dugo","36":"product_tag-szivarvany-anal-dugo","37":"product_tag-weighted-butt-plug","39":"first","40":"instock","41":"taxable","42":"shipping-taxable","43":"purchasable","44":"product-type-simple"},"yoast_head":"<!-- This site is optimized with the Yoast SEO plugin v27.4 - https:\/\/yoast.com\/product\/yoast-seo-wordpress\/ -->\n<title>Secret Shine Metal Butt Plug L \u2013 A sziv\u00e1rv\u00e1nyos behem\u00f3t, ami sz\u00ednesen, f\u00e9nyesen \u00e9s k\u00f6ny\u00f6rtelen\u00fcl t\u00e1g\u00edt - Szexshop Belvaros<\/title>\n<meta name=\"robots\" content=\"index, follow, max-snippet:-1, max-image-preview:large, max-video-preview:-1\" \/>\n<link rel=\"canonical\" href=\"https:\/\/www.szexshopbelvaros.com\/en\/product\/x-men-secret-shine-metal-butt-plug-rainbowheart-l\/\" \/>\n<meta property=\"og:locale\" content=\"en_US\" \/>\n<meta property=\"og:type\" content=\"article\" \/>\n<meta property=\"og:title\" content=\"Secret Shine Metal Butt Plug L \u2013 A sziv\u00e1rv\u00e1nyos behem\u00f3t, ami sz\u00ednesen, f\u00e9nyesen \u00e9s k\u00f6ny\u00f6rtelen\u00fcl t\u00e1g\u00edt - Szexshop Belvaros\" \/>\n<meta property=\"og:description\" content=\"Ez a 9,5 centis hossz\u00fas\u00e1g\u00fa, 4,1 cm \u00e1tm\u00e9r\u0151j\u0171, v\u00edz\u00e1ll\u00f3 f\u00e9man\u00e1ldug\u00f3 nem k\u00e9rdez, csak cs\u00faszik \u2014 a k\u00fapos form\u00e1ja fokozatosan fesz\u00edt, a f\u00e9nyes, sziv\u00e1rv\u00e1ny sz\u00edn\u0171 test pedig \u00fagy csillog, mintha egy meleg pride menet k\u00f6lt\u00f6z\u00f6tt volna a fenekedbe. A gy\u00e9m\u00e1nt hat\u00e1s\u00fa alap pedig csak r\u00e1tesz egy lap\u00e1ttal a vizu\u00e1lis \u00e9lm\u00e9nyre. Ez a nagy m\u00e9ret\u0171, csillog\u00f3 fen\u00e9kdug\u00f3 [...]\" \/>\n<meta property=\"og:url\" content=\"https:\/\/www.szexshopbelvaros.com\/en\/product\/x-men-secret-shine-metal-butt-plug-rainbowheart-l\/\" \/>\n<meta property=\"og:site_name\" content=\"Szexshop Belvaros\" \/>\n<meta property=\"article:publisher\" content=\"https:\/\/www.facebook.com\/belvarossecrets\/\" \/>\n<meta property=\"article:modified_time\" content=\"2026-04-10T13:52:15+00:00\" \/>\n<meta property=\"og:image\" content=\"https:\/\/www.szexshopbelvaros.com\/wp-content\/uploads\/2025\/01\/front.png\" \/>\n\t<meta property=\"og:image:width\" content=\"1000\" \/>\n\t<meta property=\"og:image:height\" content=\"735\" \/>\n\t<meta property=\"og:image:type\" content=\"image\/png\" \/>\n<meta name=\"twitter:card\" content=\"summary_large_image\" \/>\n<meta name=\"twitter:site\" content=\"@belvarossecrets\" \/>\n<meta name=\"twitter:label1\" content=\"Est. reading time\" \/>\n\t<meta name=\"twitter:data1\" content=\"1 minute\" \/>\n<script type=\"application\/ld+json\" class=\"yoast-schema-graph\">{\"@context\":\"https:\\\/\\\/schema.org\",\"@graph\":[{\"@type\":\"WebPage\",\"@id\":\"https:\\\/\\\/www.szexshopbelvaros.com\\\/termek\\\/x-men-secret-shine-metal-butt-plug-rainbowheart-l\\\/\",\"url\":\"https:\\\/\\\/www.szexshopbelvaros.com\\\/termek\\\/x-men-secret-shine-metal-butt-plug-rainbowheart-l\\\/\",\"name\":\"Secret Shine Metal Butt Plug L \u2013 A sziv\u00e1rv\u00e1nyos behem\u00f3t, ami sz\u00ednesen, f\u00e9nyesen \u00e9s k\u00f6ny\u00f6rtelen\u00fcl t\u00e1g\u00edt - Szexshop Belvaros\",\"isPartOf\":{\"@id\":\"https:\\\/\\\/www.szexshopbelvaros.com\\\/#website\"},\"primaryImageOfPage\":{\"@id\":\"https:\\\/\\\/www.szexshopbelvaros.com\\\/termek\\\/x-men-secret-shine-metal-butt-plug-rainbowheart-l\\\/#primaryimage\"},\"image\":{\"@id\":\"https:\\\/\\\/www.szexshopbelvaros.com\\\/termek\\\/x-men-secret-shine-metal-butt-plug-rainbowheart-l\\\/#primaryimage\"},\"thumbnailUrl\":\"https:\\\/\\\/www.szexshopbelvaros.com\\\/wp-content\\\/uploads\\\/2025\\\/01\\\/front.png\",\"datePublished\":\"2025-01-31T13:46:38+00:00\",\"dateModified\":\"2026-04-10T13:52:15+00:00\",\"breadcrumb\":{\"@id\":\"https:\\\/\\\/www.szexshopbelvaros.com\\\/termek\\\/x-men-secret-shine-metal-butt-plug-rainbowheart-l\\\/#breadcrumb\"},\"inLanguage\":\"en-US\",\"potentialAction\":[{\"@type\":\"ReadAction\",\"target\":[\"https:\\\/\\\/www.szexshopbelvaros.com\\\/termek\\\/x-men-secret-shine-metal-butt-plug-rainbowheart-l\\\/\"]}]},{\"@type\":\"ImageObject\",\"inLanguage\":\"en-US\",\"@id\":\"https:\\\/\\\/www.szexshopbelvaros.com\\\/termek\\\/x-men-secret-shine-metal-butt-plug-rainbowheart-l\\\/#primaryimage\",\"url\":\"https:\\\/\\\/www.szexshopbelvaros.com\\\/wp-content\\\/uploads\\\/2025\\\/01\\\/front.png\",\"contentUrl\":\"https:\\\/\\\/www.szexshopbelvaros.com\\\/wp-content\\\/uploads\\\/2025\\\/01\\\/front.png\",\"width\":1000,\"height\":735},{\"@type\":\"BreadcrumbList\",\"@id\":\"https:\\\/\\\/www.szexshopbelvaros.com\\\/termek\\\/x-men-secret-shine-metal-butt-plug-rainbowheart-l\\\/#breadcrumb\",\"itemListElement\":[{\"@type\":\"ListItem\",\"position\":1,\"name\":\"Home\",\"item\":\"https:\\\/\\\/www.szexshopbelvaros.com\\\/\"},{\"@type\":\"ListItem\",\"position\":2,\"name\":\"\u00c1ruh\u00e1z\",\"item\":\"https:\\\/\\\/www.szexshopbelvaros.com\\\/uzlet\\\/\"},{\"@type\":\"ListItem\",\"position\":3,\"name\":\"Secret Shine Metal Butt Plug L \u2013 A sziv\u00e1rv\u00e1nyos behem\u00f3t, ami sz\u00ednesen, f\u00e9nyesen \u00e9s k\u00f6ny\u00f6rtelen\u00fcl t\u00e1g\u00edt\"}]},{\"@type\":\"WebSite\",\"@id\":\"https:\\\/\\\/www.szexshopbelvaros.com\\\/#website\",\"url\":\"https:\\\/\\\/www.szexshopbelvaros.com\\\/\",\"name\":\"Szexshop Belv\u00e1ros\",\"description\":\"\ud83d\udd25 A szex olyan, mint a p\u00e9nz; csak a t\u00fal sok el\u00e9g!\u2122 Titkok a belv\u00e1rosb\u00f3l \ud83d\udc8b | Secrets from Budapest \ud83d\udc8e Feln\u0151tt j\u00e1t\u00e9kok \u2022 Erotika \u2022 Szexshop Belvaros\",\"publisher\":{\"@id\":\"https:\\\/\\\/www.szexshopbelvaros.com\\\/#organization\"},\"potentialAction\":[{\"@type\":\"SearchAction\",\"target\":{\"@type\":\"EntryPoint\",\"urlTemplate\":\"https:\\\/\\\/www.szexshopbelvaros.com\\\/?s={search_term_string}\"},\"query-input\":{\"@type\":\"PropertyValueSpecification\",\"valueRequired\":true,\"valueName\":\"search_term_string\"}}],\"inLanguage\":\"en-US\"},{\"@type\":\"Organization\",\"@id\":\"https:\\\/\\\/www.szexshopbelvaros.com\\\/#organization\",\"name\":\"Szexshop Belv\u00e1ros\",\"alternateName\":\"szexshopbelvaros.com\",\"url\":\"https:\\\/\\\/www.szexshopbelvaros.com\\\/\",\"logo\":{\"@type\":\"ImageObject\",\"inLanguage\":\"en-US\",\"@id\":\"https:\\\/\\\/www.szexshopbelvaros.com\\\/#\\\/schema\\\/logo\\\/image\\\/\",\"url\":\"https:\\\/\\\/www.szexshopbelvaros.com\\\/wp-content\\\/uploads\\\/2025\\\/09\\\/1Szexshopbelvaroslogo_blurred_stronger.jpg\",\"contentUrl\":\"https:\\\/\\\/www.szexshopbelvaros.com\\\/wp-content\\\/uploads\\\/2025\\\/09\\\/1Szexshopbelvaroslogo_blurred_stronger.jpg\",\"width\":1024,\"height\":1024,\"caption\":\"Szexshop Belv\u00e1ros\"},\"image\":{\"@id\":\"https:\\\/\\\/www.szexshopbelvaros.com\\\/#\\\/schema\\\/logo\\\/image\\\/\"},\"sameAs\":[\"https:\\\/\\\/www.facebook.com\\\/belvarossecrets\\\/\",\"https:\\\/\\\/x.com\\\/belvarossecrets\",\"https:\\\/\\\/www.instagram.com\\\/belvarossecrets\\\/\",\"https:\\\/\\\/www.tiktok.com\\\/@belvarossecrets\"]}]}<\/script>\n<!-- \/ Yoast SEO plugin. -->","yoast_head_json":{"title":"Secret Shine Metal Butt Plug L \u2013 The rainbow behemoth that expands colorfully, brightly and mercilessly - Szexshop Belvaros","robots":{"index":"index","follow":"follow","max-snippet":"max-snippet:-1","max-image-preview":"max-image-preview:large","max-video-preview":"max-video-preview:-1"},"canonical":"https:\/\/www.szexshopbelvaros.com\/en\/product\/x-men-secret-shine-metal-butt-plug-rainbowheart-l\/","og_locale":"en_US","og_type":"article","og_title":"Secret Shine Metal Butt Plug L \u2013 A sziv\u00e1rv\u00e1nyos behem\u00f3t, ami sz\u00ednesen, f\u00e9nyesen \u00e9s k\u00f6ny\u00f6rtelen\u00fcl t\u00e1g\u00edt - Szexshop Belvaros","og_description":"Ez a 9,5 centis hossz\u00fas\u00e1g\u00fa, 4,1 cm \u00e1tm\u00e9r\u0151j\u0171, v\u00edz\u00e1ll\u00f3 f\u00e9man\u00e1ldug\u00f3 nem k\u00e9rdez, csak cs\u00faszik \u2014 a k\u00fapos form\u00e1ja fokozatosan fesz\u00edt, a f\u00e9nyes, sziv\u00e1rv\u00e1ny sz\u00edn\u0171 test pedig \u00fagy csillog, mintha egy meleg pride menet k\u00f6lt\u00f6z\u00f6tt volna a fenekedbe. A gy\u00e9m\u00e1nt hat\u00e1s\u00fa alap pedig csak r\u00e1tesz egy lap\u00e1ttal a vizu\u00e1lis \u00e9lm\u00e9nyre. Ez a nagy m\u00e9ret\u0171, csillog\u00f3 fen\u00e9kdug\u00f3 [...]","og_url":"https:\/\/www.szexshopbelvaros.com\/en\/product\/x-men-secret-shine-metal-butt-plug-rainbowheart-l\/","og_site_name":"Szexshop Belvaros","article_publisher":"https:\/\/www.facebook.com\/belvarossecrets\/","article_modified_time":"2026-04-10T13:52:15+00:00","og_image":[{"width":1000,"height":735,"url":"https:\/\/www.szexshopbelvaros.com\/wp-content\/uploads\/2025\/01\/front.png","type":"image\/png"}],"twitter_card":"summary_large_image","twitter_site":"@belvarossecrets","twitter_misc":{"Est. reading time":"1 minute"},"schema":{"@context":"https:\/\/schema.org","@graph":[{"@type":"WebPage","@id":"https:\/\/www.szexshopbelvaros.com\/termek\/x-men-secret-shine-metal-butt-plug-rainbowheart-l\/","url":"https:\/\/www.szexshopbelvaros.com\/termek\/x-men-secret-shine-metal-butt-plug-rainbowheart-l\/","name":"Secret Shine Metal Butt Plug L \u2013 The rainbow behemoth that expands colorfully, brightly and mercilessly - Szexshop Belvaros","isPartOf":{"@id":"https:\/\/www.szexshopbelvaros.com\/#website"},"primaryImageOfPage":{"@id":"https:\/\/www.szexshopbelvaros.com\/termek\/x-men-secret-shine-metal-butt-plug-rainbowheart-l\/#primaryimage"},"image":{"@id":"https:\/\/www.szexshopbelvaros.com\/termek\/x-men-secret-shine-metal-butt-plug-rainbowheart-l\/#primaryimage"},"thumbnailUrl":"https:\/\/www.szexshopbelvaros.com\/wp-content\/uploads\/2025\/01\/front.png","datePublished":"2025-01-31T13:46:38+00:00","dateModified":"2026-04-10T13:52:15+00:00","breadcrumb":{"@id":"https:\/\/www.szexshopbelvaros.com\/termek\/x-men-secret-shine-metal-butt-plug-rainbowheart-l\/#breadcrumb"},"inLanguage":"en-US","potentialAction":[{"@type":"ReadAction","target":["https:\/\/www.szexshopbelvaros.com\/termek\/x-men-secret-shine-metal-butt-plug-rainbowheart-l\/"]}]},{"@type":"ImageObject","inLanguage":"en-US","@id":"https:\/\/www.szexshopbelvaros.com\/termek\/x-men-secret-shine-metal-butt-plug-rainbowheart-l\/#primaryimage","url":"https:\/\/www.szexshopbelvaros.com\/wp-content\/uploads\/2025\/01\/front.png","contentUrl":"https:\/\/www.szexshopbelvaros.com\/wp-content\/uploads\/2025\/01\/front.png","width":1000,"height":735},{"@type":"BreadcrumbList","@id":"https:\/\/www.szexshopbelvaros.com\/termek\/x-men-secret-shine-metal-butt-plug-rainbowheart-l\/#breadcrumb","itemListElement":[{"@type":"ListItem","position":1,"name":"Home","item":"https:\/\/www.szexshopbelvaros.com\/"},{"@type":"ListItem","position":2,"name":"\u00c1ruh\u00e1z","item":"https:\/\/www.szexshopbelvaros.com\/uzlet\/"},{"@type":"ListItem","position":3,"name":"Secret Shine Metal Butt Plug L \u2013 A sziv\u00e1rv\u00e1nyos behem\u00f3t, ami sz\u00ednesen, f\u00e9nyesen \u00e9s k\u00f6ny\u00f6rtelen\u00fcl t\u00e1g\u00edt"}]},{"@type":"WebSite","@id":"https:\/\/www.szexshopbelvaros.com\/#website","url":"https:\/\/www.szexshopbelvaros.com\/","name":"at our Szexshop Belv\u00e1ros","description":"\ud83d\udd25 Sex is like money; only too much is enough!\u2122 Secrets from the city center \ud83d\udc8b | Secrets from Budapest \ud83d\udc8e Adult games \u2022 Erotica \u2022 Sex shop Belvaros","publisher":{"@id":"https:\/\/www.szexshopbelvaros.com\/#organization"},"potentialAction":[{"@type":"SearchAction","target":{"@type":"EntryPoint","urlTemplate":"https:\/\/www.szexshopbelvaros.com\/?s={search_term_string}"},"query-input":{"@type":"PropertyValueSpecification","valueRequired":true,"valueName":"search_term_string"}}],"inLanguage":"en-US"},{"@type":"Organization","@id":"https:\/\/www.szexshopbelvaros.com\/#organization","name":"at our Szexshop Belv\u00e1ros","alternateName":"szexshopbelvaros.com","url":"https:\/\/www.szexshopbelvaros.com\/","logo":{"@type":"ImageObject","inLanguage":"en-US","@id":"https:\/\/www.szexshopbelvaros.com\/#\/schema\/logo\/image\/","url":"https:\/\/www.szexshopbelvaros.com\/wp-content\/uploads\/2025\/09\/1Szexshopbelvaroslogo_blurred_stronger.jpg","contentUrl":"https:\/\/www.szexshopbelvaros.com\/wp-content\/uploads\/2025\/09\/1Szexshopbelvaroslogo_blurred_stronger.jpg","width":1024,"height":1024,"caption":"Szexshop Belv\u00e1ros"},"image":{"@id":"https:\/\/www.szexshopbelvaros.com\/#\/schema\/logo\/image\/"},"sameAs":["https:\/\/www.facebook.com\/belvarossecrets\/","https:\/\/x.com\/belvarossecrets","https:\/\/www.instagram.com\/belvarossecrets\/","https:\/\/www.tiktok.com\/@belvarossecrets"]}]}},"_links":{"self":[{"href":"https:\/\/www.szexshopbelvaros.com\/en\/wp-json\/wp\/v2\/product\/793","targetHints":{"allow":["GET"]}}],"collection":[{"href":"https:\/\/www.szexshopbelvaros.com\/en\/wp-json\/wp\/v2\/product"}],"about":[{"href":"https:\/\/www.szexshopbelvaros.com\/en\/wp-json\/wp\/v2\/types\/product"}],"replies":[{"embeddable":true,"href":"https:\/\/www.szexshopbelvaros.com\/en\/wp-json\/wp\/v2\/comments?post=793"}],"wp:featuredmedia":[{"embeddable":true,"href":"https:\/\/www.szexshopbelvaros.com\/en\/wp-json\/wp\/v2\/media\/2129"}],"wp:attachment":[{"href":"https:\/\/www.szexshopbelvaros.com\/en\/wp-json\/wp\/v2\/media?parent=793"}],"wp:term":[{"taxonomy":"product_brand","embeddable":true,"href":"https:\/\/www.szexshopbelvaros.com\/en\/wp-json\/wp\/v2\/product_brand?post=793"},{"taxonomy":"product_cat","embeddable":true,"href":"https:\/\/www.szexshopbelvaros.com\/en\/wp-json\/wp\/v2\/product_cat?post=793"},{"taxonomy":"product_tag","embeddable":true,"href":"https:\/\/www.szexshopbelvaros.com\/en\/wp-json\/wp\/v2\/product_tag?post=793"}],"curies":[{"name":"wp","href":"https:\/\/api.w.org\/{rel}","templated":true}]}}