{"id":801,"date":"2025-01-31T14:46:38","date_gmt":"2025-01-31T13:46:38","guid":{"rendered":"https:\/\/www.szexshopbelvaros.com\/termek\/gp-nipple-tweezers\/"},"modified":"2026-04-10T14:00:46","modified_gmt":"2026-04-10T12:00:46","slug":"gp-nipple-tweezers","status":"publish","type":"product","link":"https:\/\/www.szexshopbelvaros.com\/en\/product\/gp-nipple-tweezers\/","title":{"rendered":"\ud83d\udd29 Pinch Me, Darling"},"content":{"rendered":"<p data-start=\"247\" data-end=\"306\"><strong data-start=\"247\" data-end=\"304\">Pinch Me, Darling \u2013 silver nipple clamp with chain \ud83d\udc8b<\/strong><\/p>\n<p data-start=\"308\" data-end=\"631\">Because the real pleasure is when it bites a little. \ud83d\ude08 This silver <strong data-start=\"376\" data-end=\"404\">nipple clamp with chain<\/strong> is the perfect choice for anyone who likes pleasure mixed with a little pain. The cool touch of the metal is exciting. The delicate weight of the shiny chain is both provocative and sensual. It awakens every nerve ending in your body.<\/p>\n<p data-start=\"633\" data-end=\"931\">Our <strong data-start=\"635\" data-end=\"672\">GP nipple clamp with silver chain<\/strong> is 45.7 cm long. It's precisely machined metal chain sparkles with every movement. Its grip sweetly scorches desire. Perfect for fetish play, foreplay, or exploring control. This tool knows exactly where the line is - and how to cross it delicately.<\/p>\n<p data-start=\"933\" data-end=\"1173\">Whether you&#039;re a beginner or an experienced BDSM enthusiast, this nipple clamp with chain will help you experience the balance of pleasure and pain. Use it with a partner and enjoy the waves of desire together. Exploring together is always the most exciting.<\/p>\n<p data-start=\"1175\" data-end=\"1316\">\ud83d\udc8e <strong data-start=\"1178\" data-end=\"1187\">Tip:<\/strong> Combine it with other fetish accessories from the GP brand \u2013 such as handcuffs or a whip. Create your own kingdom of pleasure.<\/p>\n<p data-start=\"1409\" data-end=\"1722\">Get to know the rest <a href=\"https:\/\/www.szexshopbelvaros.com\/en\/product-category\/erotikus-ruhazat\/testekszerek\/\"><strong data-start=\"1429\" data-end=\"1442\">GP brand<\/strong> <\/a>\u2013 masters of sophisticated fetish tools.<br data-start=\"1529\" data-end=\"1532\" \/>\ud83d\udc49 <a class=\"decorated-link cursor-pointer\" href=\"https:\/\/www.szexshopbelvaros.com\/en\/product-category\/bdsm\/sado-mazo-kellekek\/\" target=\"_new\" rel=\"noopener\" data-start=\"1535\" data-end=\"1616\"><strong data-start=\"1536\" data-end=\"1556\">BDSM accessories<\/strong><\/a> We have a full selection.<br data-start=\"1642\" data-end=\"1645\" \/>Szexshopbelvaros.com \u2013 where elegance and pain go hand in hand. \ud83d\udc8b<\/p>","protected":false},"excerpt":{"rendered":"<p>Cs\u00edpj Meg, Dr\u00e1g\u00e1m \u2013 ez\u00fcst mellbimb\u00f3csipesz l\u00e1nccal \ud83d\udc8b Mert az \u00e9lvezet akkor az igazi, ha egy kicsit harap. \ud83d\ude08 Ez az ez\u00fcst mellbimb\u00f3csipesz l\u00e1nccal t\u00f6k\u00e9letes v\u00e1laszt\u00e1s mindenkinek, aki szereti, ha a gy\u00f6ny\u00f6r egy kis f\u00e1jdalommal keveredik. A h\u0171v\u00f6s f\u00e9m \u00e9rint\u00e9se izgalmas. A csillog\u00f3 l\u00e1nc finom s\u00falya egyszerre provokat\u00edv \u00e9s \u00e9rz\u00e9ki. A tested minden idegv\u00e9gz\u0151d\u00e9s\u00e9t fel\u00e9breszti. [&#8230;]\n","protected":false},"featured_media":802,"comment_status":"closed","ping_status":"closed","template":"","meta":[],"product_brand":[90],"product_cat":[106],"product_tag":[332,951,2041,2038,503,937,2023,2040,933,2039,989,945,932,220,331],"class_list":{"0":"post-801","1":"product","2":"type-product","3":"status-publish","4":"has-post-thumbnail","6":"product_brand-guilty-pleasure","7":"product_cat-testekszerek","8":"product_tag-body-jewelry","9":"product_tag-erotic-clothing","10":"product_tag-erotic-jewelry","11":"product_tag-erotikus-ekszer","12":"product_tag-erotikus-ruha","13":"product_tag-fehernemu","14":"product_tag-haloszoba-divat","15":"product_tag-intim-ekszer","16":"product_tag-lingerie","17":"product_tag-mellbimbo-ekszer","18":"product_tag-nipple-jewelry","19":"product_tag-sexy-outfit","20":"product_tag-szexi-ruha","21":"product_tag-szexshop-belvaros","22":"product_tag-testekszer","24":"first","25":"instock","26":"taxable","27":"shipping-taxable","28":"purchasable","29":"product-type-simple"},"yoast_head":"<!-- This site is optimized with the Yoast SEO plugin v27.4 - https:\/\/yoast.com\/product\/yoast-seo-wordpress\/ -->\n<title>\ud83d\udd29 Cs\u00edpj Meg, Dr\u00e1g\u00e1m - Szexshop Belvaros Ez\u00fcst Mellbimb\u00f3csipesz L\u00e1nccal<\/title>\n<meta name=\"description\" content=\"Cs\u00edpj Meg, Dr\u00e1g\u00e1m \u2013 ez\u00fcst mellbimb\u00f3csipesz l\u00e1nccal a v\u00e1gy \u00e9s f\u00e1jdalom j\u00e1t\u00e9k\u00e1hoz. Eleg\u00e1ns, h\u0171v\u00f6s f\u00e9m, forr\u00f3 \u00e9lvezet. SzexshopBelv\u00e1ros.com \ud83d\udc8b\" \/>\n<meta name=\"robots\" content=\"index, follow, max-snippet:-1, max-image-preview:large, max-video-preview:-1\" \/>\n<link rel=\"canonical\" href=\"https:\/\/www.szexshopbelvaros.com\/en\/product\/gp-nipple-tweezers\/\" \/>\n<meta property=\"og:locale\" content=\"en_US\" \/>\n<meta property=\"og:type\" content=\"article\" \/>\n<meta property=\"og:title\" content=\"\ud83d\udd29 Cs\u00edpj Meg, Dr\u00e1g\u00e1m - Szexshop Belvaros Ez\u00fcst Mellbimb\u00f3csipesz L\u00e1nccal\" \/>\n<meta property=\"og:description\" content=\"Cs\u00edpj Meg, Dr\u00e1g\u00e1m \u2013 ez\u00fcst mellbimb\u00f3csipesz l\u00e1nccal a v\u00e1gy \u00e9s f\u00e1jdalom j\u00e1t\u00e9k\u00e1hoz. Eleg\u00e1ns, h\u0171v\u00f6s f\u00e9m, forr\u00f3 \u00e9lvezet. SzexshopBelv\u00e1ros.com \ud83d\udc8b\" \/>\n<meta property=\"og:url\" content=\"https:\/\/www.szexshopbelvaros.com\/en\/product\/gp-nipple-tweezers\/\" \/>\n<meta property=\"og:site_name\" content=\"Szexshop Belvaros\" \/>\n<meta property=\"article:publisher\" content=\"https:\/\/www.facebook.com\/belvarossecrets\/\" \/>\n<meta property=\"article:modified_time\" content=\"2026-04-10T12:00:46+00:00\" \/>\n<meta property=\"og:image\" content=\"https:\/\/www.szexshopbelvaros.com\/wp-content\/uploads\/2025\/01\/673b4e066160d2426a94a845.jpeg\" \/>\n\t<meta property=\"og:image:width\" content=\"1200\" \/>\n\t<meta property=\"og:image:height\" content=\"676\" \/>\n\t<meta property=\"og:image:type\" content=\"image\/jpeg\" \/>\n<meta name=\"twitter:card\" content=\"summary_large_image\" \/>\n<meta name=\"twitter:site\" content=\"@belvarossecrets\" \/>\n<meta name=\"twitter:label1\" content=\"Est. reading time\" \/>\n\t<meta name=\"twitter:data1\" content=\"2 minutes\" \/>\n<script type=\"application\/ld+json\" class=\"yoast-schema-graph\">{\"@context\":\"https:\\\/\\\/schema.org\",\"@graph\":[{\"@type\":\"WebPage\",\"@id\":\"https:\\\/\\\/www.szexshopbelvaros.com\\\/termek\\\/gp-nipple-tweezers\\\/\",\"url\":\"https:\\\/\\\/www.szexshopbelvaros.com\\\/termek\\\/gp-nipple-tweezers\\\/\",\"name\":\"\ud83d\udd29 Cs\u00edpj Meg, Dr\u00e1g\u00e1m - Szexshop Belvaros Ez\u00fcst Mellbimb\u00f3csipesz L\u00e1nccal\",\"isPartOf\":{\"@id\":\"https:\\\/\\\/www.szexshopbelvaros.com\\\/#website\"},\"primaryImageOfPage\":{\"@id\":\"https:\\\/\\\/www.szexshopbelvaros.com\\\/termek\\\/gp-nipple-tweezers\\\/#primaryimage\"},\"image\":{\"@id\":\"https:\\\/\\\/www.szexshopbelvaros.com\\\/termek\\\/gp-nipple-tweezers\\\/#primaryimage\"},\"thumbnailUrl\":\"https:\\\/\\\/www.szexshopbelvaros.com\\\/wp-content\\\/uploads\\\/2025\\\/01\\\/673b4e066160d2426a94a845.jpeg\",\"datePublished\":\"2025-01-31T13:46:38+00:00\",\"dateModified\":\"2026-04-10T12:00:46+00:00\",\"description\":\"Cs\u00edpj Meg, Dr\u00e1g\u00e1m \u2013 ez\u00fcst mellbimb\u00f3csipesz l\u00e1nccal a v\u00e1gy \u00e9s f\u00e1jdalom j\u00e1t\u00e9k\u00e1hoz. Eleg\u00e1ns, h\u0171v\u00f6s f\u00e9m, forr\u00f3 \u00e9lvezet. SzexshopBelv\u00e1ros.com \ud83d\udc8b\",\"breadcrumb\":{\"@id\":\"https:\\\/\\\/www.szexshopbelvaros.com\\\/termek\\\/gp-nipple-tweezers\\\/#breadcrumb\"},\"inLanguage\":\"en-US\",\"potentialAction\":[{\"@type\":\"ReadAction\",\"target\":[\"https:\\\/\\\/www.szexshopbelvaros.com\\\/termek\\\/gp-nipple-tweezers\\\/\"]}]},{\"@type\":\"ImageObject\",\"inLanguage\":\"en-US\",\"@id\":\"https:\\\/\\\/www.szexshopbelvaros.com\\\/termek\\\/gp-nipple-tweezers\\\/#primaryimage\",\"url\":\"https:\\\/\\\/www.szexshopbelvaros.com\\\/wp-content\\\/uploads\\\/2025\\\/01\\\/673b4e066160d2426a94a845.jpeg\",\"contentUrl\":\"https:\\\/\\\/www.szexshopbelvaros.com\\\/wp-content\\\/uploads\\\/2025\\\/01\\\/673b4e066160d2426a94a845.jpeg\",\"width\":1200,\"height\":676,\"caption\":\"Ez\u00fcst mellbimb\u00f3csipesz l\u00e1nccal \u2013 GP m\u00e1rk\u00e1j\u00fa, f\u00e9mb\u0151l k\u00e9sz\u00fclt erotikus kieg\u00e9sz\u00edt\u0151, Silver nipple clamps with chain \u2013 GP brand metal fetish accessory\"},{\"@type\":\"BreadcrumbList\",\"@id\":\"https:\\\/\\\/www.szexshopbelvaros.com\\\/termek\\\/gp-nipple-tweezers\\\/#breadcrumb\",\"itemListElement\":[{\"@type\":\"ListItem\",\"position\":1,\"name\":\"Home\",\"item\":\"https:\\\/\\\/www.szexshopbelvaros.com\\\/\"},{\"@type\":\"ListItem\",\"position\":2,\"name\":\"\u00c1ruh\u00e1z\",\"item\":\"https:\\\/\\\/www.szexshopbelvaros.com\\\/uzlet\\\/\"},{\"@type\":\"ListItem\",\"position\":3,\"name\":\"\ud83d\udd29 Cs\u00edpj Meg, Dr\u00e1g\u00e1m\"}]},{\"@type\":\"WebSite\",\"@id\":\"https:\\\/\\\/www.szexshopbelvaros.com\\\/#website\",\"url\":\"https:\\\/\\\/www.szexshopbelvaros.com\\\/\",\"name\":\"Szexshop Belv\u00e1ros\",\"description\":\"\ud83d\udd25 A szex olyan, mint a p\u00e9nz; csak a t\u00fal sok el\u00e9g!\u2122 Titkok a belv\u00e1rosb\u00f3l \ud83d\udc8b | Secrets from Budapest \ud83d\udc8e Feln\u0151tt j\u00e1t\u00e9kok \u2022 Erotika \u2022 Szexshop Belvaros\",\"publisher\":{\"@id\":\"https:\\\/\\\/www.szexshopbelvaros.com\\\/#organization\"},\"potentialAction\":[{\"@type\":\"SearchAction\",\"target\":{\"@type\":\"EntryPoint\",\"urlTemplate\":\"https:\\\/\\\/www.szexshopbelvaros.com\\\/?s={search_term_string}\"},\"query-input\":{\"@type\":\"PropertyValueSpecification\",\"valueRequired\":true,\"valueName\":\"search_term_string\"}}],\"inLanguage\":\"en-US\"},{\"@type\":\"Organization\",\"@id\":\"https:\\\/\\\/www.szexshopbelvaros.com\\\/#organization\",\"name\":\"Szexshop Belv\u00e1ros\",\"alternateName\":\"szexshopbelvaros.com\",\"url\":\"https:\\\/\\\/www.szexshopbelvaros.com\\\/\",\"logo\":{\"@type\":\"ImageObject\",\"inLanguage\":\"en-US\",\"@id\":\"https:\\\/\\\/www.szexshopbelvaros.com\\\/#\\\/schema\\\/logo\\\/image\\\/\",\"url\":\"https:\\\/\\\/www.szexshopbelvaros.com\\\/wp-content\\\/uploads\\\/2025\\\/09\\\/1Szexshopbelvaroslogo_blurred_stronger.jpg\",\"contentUrl\":\"https:\\\/\\\/www.szexshopbelvaros.com\\\/wp-content\\\/uploads\\\/2025\\\/09\\\/1Szexshopbelvaroslogo_blurred_stronger.jpg\",\"width\":1024,\"height\":1024,\"caption\":\"Szexshop Belv\u00e1ros\"},\"image\":{\"@id\":\"https:\\\/\\\/www.szexshopbelvaros.com\\\/#\\\/schema\\\/logo\\\/image\\\/\"},\"sameAs\":[\"https:\\\/\\\/www.facebook.com\\\/belvarossecrets\\\/\",\"https:\\\/\\\/x.com\\\/belvarossecrets\",\"https:\\\/\\\/www.instagram.com\\\/belvarossecrets\\\/\",\"https:\\\/\\\/www.tiktok.com\\\/@belvarossecrets\"]}]}<\/script>\n<!-- \/ Yoast SEO plugin. -->","yoast_head_json":{"title":"\ud83d\udd29 Pinch Me, My Darling - Sexshop Belvaros Silver Nipple Clamp with Chain","description":"Pinch Me, Darling \u2013 silver nipple clamp with chain for the game of desire and pain. Elegant, cool metal, hot pleasure. SzexshopBelv\u00e1ros.com \ud83d\udc8b","robots":{"index":"index","follow":"follow","max-snippet":"max-snippet:-1","max-image-preview":"max-image-preview:large","max-video-preview":"max-video-preview:-1"},"canonical":"https:\/\/www.szexshopbelvaros.com\/en\/product\/gp-nipple-tweezers\/","og_locale":"en_US","og_type":"article","og_title":"\ud83d\udd29 Cs\u00edpj Meg, Dr\u00e1g\u00e1m - Szexshop Belvaros Ez\u00fcst Mellbimb\u00f3csipesz L\u00e1nccal","og_description":"Cs\u00edpj Meg, Dr\u00e1g\u00e1m \u2013 ez\u00fcst mellbimb\u00f3csipesz l\u00e1nccal a v\u00e1gy \u00e9s f\u00e1jdalom j\u00e1t\u00e9k\u00e1hoz. Eleg\u00e1ns, h\u0171v\u00f6s f\u00e9m, forr\u00f3 \u00e9lvezet. SzexshopBelv\u00e1ros.com \ud83d\udc8b","og_url":"https:\/\/www.szexshopbelvaros.com\/en\/product\/gp-nipple-tweezers\/","og_site_name":"Szexshop Belvaros","article_publisher":"https:\/\/www.facebook.com\/belvarossecrets\/","article_modified_time":"2026-04-10T12:00:46+00:00","og_image":[{"width":1200,"height":676,"url":"https:\/\/www.szexshopbelvaros.com\/wp-content\/uploads\/2025\/01\/673b4e066160d2426a94a845.jpeg","type":"image\/jpeg"}],"twitter_card":"summary_large_image","twitter_site":"@belvarossecrets","twitter_misc":{"Est. reading time":"2 minutes"},"schema":{"@context":"https:\/\/schema.org","@graph":[{"@type":"WebPage","@id":"https:\/\/www.szexshopbelvaros.com\/termek\/gp-nipple-tweezers\/","url":"https:\/\/www.szexshopbelvaros.com\/termek\/gp-nipple-tweezers\/","name":"\ud83d\udd29 Pinch Me, My Darling - Sexshop Belvaros Silver Nipple Clamp with Chain","isPartOf":{"@id":"https:\/\/www.szexshopbelvaros.com\/#website"},"primaryImageOfPage":{"@id":"https:\/\/www.szexshopbelvaros.com\/termek\/gp-nipple-tweezers\/#primaryimage"},"image":{"@id":"https:\/\/www.szexshopbelvaros.com\/termek\/gp-nipple-tweezers\/#primaryimage"},"thumbnailUrl":"https:\/\/www.szexshopbelvaros.com\/wp-content\/uploads\/2025\/01\/673b4e066160d2426a94a845.jpeg","datePublished":"2025-01-31T13:46:38+00:00","dateModified":"2026-04-10T12:00:46+00:00","description":"Pinch Me, Darling \u2013 silver nipple clamp with chain for the game of desire and pain. Elegant, cool metal, hot pleasure. SzexshopBelv\u00e1ros.com \ud83d\udc8b","breadcrumb":{"@id":"https:\/\/www.szexshopbelvaros.com\/termek\/gp-nipple-tweezers\/#breadcrumb"},"inLanguage":"en-US","potentialAction":[{"@type":"ReadAction","target":["https:\/\/www.szexshopbelvaros.com\/termek\/gp-nipple-tweezers\/"]}]},{"@type":"ImageObject","inLanguage":"en-US","@id":"https:\/\/www.szexshopbelvaros.com\/termek\/gp-nipple-tweezers\/#primaryimage","url":"https:\/\/www.szexshopbelvaros.com\/wp-content\/uploads\/2025\/01\/673b4e066160d2426a94a845.jpeg","contentUrl":"https:\/\/www.szexshopbelvaros.com\/wp-content\/uploads\/2025\/01\/673b4e066160d2426a94a845.jpeg","width":1200,"height":676,"caption":"Ez\u00fcst mellbimb\u00f3csipesz l\u00e1nccal \u2013 GP m\u00e1rk\u00e1j\u00fa, f\u00e9mb\u0151l k\u00e9sz\u00fclt erotikus kieg\u00e9sz\u00edt\u0151, Silver nipple clamps with chain \u2013 GP brand metal fetish accessory"},{"@type":"BreadcrumbList","@id":"https:\/\/www.szexshopbelvaros.com\/termek\/gp-nipple-tweezers\/#breadcrumb","itemListElement":[{"@type":"ListItem","position":1,"name":"Home","item":"https:\/\/www.szexshopbelvaros.com\/"},{"@type":"ListItem","position":2,"name":"\u00c1ruh\u00e1z","item":"https:\/\/www.szexshopbelvaros.com\/uzlet\/"},{"@type":"ListItem","position":3,"name":"\ud83d\udd29 Cs\u00edpj Meg, Dr\u00e1g\u00e1m"}]},{"@type":"WebSite","@id":"https:\/\/www.szexshopbelvaros.com\/#website","url":"https:\/\/www.szexshopbelvaros.com\/","name":"at our Szexshop Belv\u00e1ros","description":"\ud83d\udd25 Sex is like money; only too much is enough!\u2122 Secrets from the city center \ud83d\udc8b | Secrets from Budapest \ud83d\udc8e Adult games \u2022 Erotica \u2022 Sex shop Belvaros","publisher":{"@id":"https:\/\/www.szexshopbelvaros.com\/#organization"},"potentialAction":[{"@type":"SearchAction","target":{"@type":"EntryPoint","urlTemplate":"https:\/\/www.szexshopbelvaros.com\/?s={search_term_string}"},"query-input":{"@type":"PropertyValueSpecification","valueRequired":true,"valueName":"search_term_string"}}],"inLanguage":"en-US"},{"@type":"Organization","@id":"https:\/\/www.szexshopbelvaros.com\/#organization","name":"at our Szexshop Belv\u00e1ros","alternateName":"szexshopbelvaros.com","url":"https:\/\/www.szexshopbelvaros.com\/","logo":{"@type":"ImageObject","inLanguage":"en-US","@id":"https:\/\/www.szexshopbelvaros.com\/#\/schema\/logo\/image\/","url":"https:\/\/www.szexshopbelvaros.com\/wp-content\/uploads\/2025\/09\/1Szexshopbelvaroslogo_blurred_stronger.jpg","contentUrl":"https:\/\/www.szexshopbelvaros.com\/wp-content\/uploads\/2025\/09\/1Szexshopbelvaroslogo_blurred_stronger.jpg","width":1024,"height":1024,"caption":"Szexshop Belv\u00e1ros"},"image":{"@id":"https:\/\/www.szexshopbelvaros.com\/#\/schema\/logo\/image\/"},"sameAs":["https:\/\/www.facebook.com\/belvarossecrets\/","https:\/\/x.com\/belvarossecrets","https:\/\/www.instagram.com\/belvarossecrets\/","https:\/\/www.tiktok.com\/@belvarossecrets"]}]}},"_links":{"self":[{"href":"https:\/\/www.szexshopbelvaros.com\/en\/wp-json\/wp\/v2\/product\/801","targetHints":{"allow":["GET"]}}],"collection":[{"href":"https:\/\/www.szexshopbelvaros.com\/en\/wp-json\/wp\/v2\/product"}],"about":[{"href":"https:\/\/www.szexshopbelvaros.com\/en\/wp-json\/wp\/v2\/types\/product"}],"replies":[{"embeddable":true,"href":"https:\/\/www.szexshopbelvaros.com\/en\/wp-json\/wp\/v2\/comments?post=801"}],"wp:featuredmedia":[{"embeddable":true,"href":"https:\/\/www.szexshopbelvaros.com\/en\/wp-json\/wp\/v2\/media\/802"}],"wp:attachment":[{"href":"https:\/\/www.szexshopbelvaros.com\/en\/wp-json\/wp\/v2\/media?parent=801"}],"wp:term":[{"taxonomy":"product_brand","embeddable":true,"href":"https:\/\/www.szexshopbelvaros.com\/en\/wp-json\/wp\/v2\/product_brand?post=801"},{"taxonomy":"product_cat","embeddable":true,"href":"https:\/\/www.szexshopbelvaros.com\/en\/wp-json\/wp\/v2\/product_cat?post=801"},{"taxonomy":"product_tag","embeddable":true,"href":"https:\/\/www.szexshopbelvaros.com\/en\/wp-json\/wp\/v2\/product_tag?post=801"}],"curies":[{"name":"wp","href":"https:\/\/api.w.org\/{rel}","templated":true}]}}