{"id":819,"date":"2025-01-31T14:47:29","date_gmt":"2025-01-31T13:47:29","guid":{"rendered":"https:\/\/www.szexshopbelvaros.com\/termek\/rocks-off-zinnia-vibracios-tojas\/"},"modified":"2026-04-23T13:00:05","modified_gmt":"2026-04-23T11:00:05","slug":"rocks-off-zinnia-vibracios-tojas","status":"publish","type":"product","link":"https:\/\/www.szexshopbelvaros.com\/en\/product\/rocks-off-zinnia-vibracios-tojas\/","title":{"rendered":"\ud83c\udf38 Zinnia \u2013 Purple Petal Order"},"content":{"rendered":"<p data-start=\"234\" data-end=\"612\">The Zinnia is not your average vibrating egg. It's a uniquely shaped pleasure toy that resembles flower petals. It's cute, elegant, and surprisingly effective. The silky silicone body gently glides against your skin. Meanwhile, the 10 vibration functions ensure that the toy quickly goes from \"this is cute\" to \"okay, that's all I'm going to do today.\".<\/p>\n<p data-start=\"614\" data-end=\"879\">The purple little charmer is compact, so it fits comfortably in your hand. Yet it has plenty of surprises. Rechargeable and waterproof, so it&#039;s not only beautiful, but also practical. Plus, it&#039;s just the kind of discreet yet sassy piece that makes solo play that much more exciting.<\/p>\n<p data-start=\"881\" data-end=\"1122\">Its shape is unusual, and that's a definite advantage here. When held, manipulated, and explored, it brings a lot more imagination to the experience than a dozen classic vibrators. If you like smaller but dangerously clever pieces, the Zinnia is for you.<\/p>\n<p data-start=\"1124\" data-end=\"1315\">It's about 6-10 cm long, 3-3.4 cm in diameter, and made of body-friendly silicone. It's small, but not reserved. It's more like a purple troublemaker that arrives quietly and then takes over completely.<\/p>\n<p data-start=\"1317\" data-end=\"1347\">Watch it in action<strong data-start=\"1317\" data-end=\"1347\"> \ud83c\udfa5<\/strong><\/p>\n<p><iframe title=\"Rocks-Off Zinnia\" width=\"1020\" height=\"574\" data-src=\"https:\/\/www.youtube.com\/embed\/vkSEFwFSxDM?feature=oembed\" frameborder=\"0\" allow=\"accelerometer; autoplay; clipboard-write; encrypted-media; gyroscope; picture-in-picture; web-share\" referrerpolicy=\"strict-origin-when-cross-origin\" allowfullscreen src=\"data:image\/svg+xml;base64,PHN2ZyB3aWR0aD0iMSIgaGVpZ2h0PSIxIiB4bWxucz0iaHR0cDovL3d3dy53My5vcmcvMjAwMC9zdmciPjwvc3ZnPg==\" class=\"lazyload\" data-load-mode=\"1\"><\/iframe><\/p>\n<p>&nbsp;<\/p>\n<p>It's worth checking out the rest of our <a href=\"https:\/\/www.szexshopbelvaros.com\/en\/product-category\/vibratorok\/\">vibrator pieces<\/a>\u00a0while you're at it!<\/p>\n<p>\ud83d\udc49 Get it within an hour at the Budapest Sex Shop Belv\u00e1ros <a href=\"https:\/\/wolt.com\/hu\/hun\/budapest\/venue\/szexshop-belvaros\/zinnia-lila-sziromparancs-itemid-580e9e34f096c8315718c193\">Wolt store<\/a>, or order here at www.szexshopbelvaros.com . We offer fast and discreet delivery throughout Hungary and the EU.<\/p>","protected":false},"excerpt":{"rendered":"<p>A Zinnia nem egy unalmas kis vibr\u00e1ci\u00f3s toj\u00e1s. Ez egy k\u00fcl\u00f6nleges form\u00e1j\u00fa, vir\u00e1gsziromra eml\u00e9keztet\u0151 \u00e9lvezetj\u00e1t\u00e9k. Egyszerre cuki, eleg\u00e1ns \u00e9s meglep\u0151en mocskosan hat\u00e9kony. A selymes szilikon test gyeng\u00e9den simul a b\u0151rh\u00f6z. K\u00f6zben a 10 rezg\u00e9si funkci\u00f3 gondoskodik r\u00f3la, hogy a j\u00e1t\u00e9k gyorsan \u00e1tl\u00e9pjen az \u201eez aranyos\u201d szintr\u0151l a \u201ena j\u00f3, akkor ma m\u00e1st m\u00e1r nem is [&#8230;]\n","protected":false},"featured_media":3117,"comment_status":"closed","ping_status":"closed","template":"","meta":[],"product_brand":[50],"product_cat":[170,99,136,2623],"product_tag":[398,2184,2626,2629,2108,2105,2103,2100,389,2182,1192,1318,2185,2628,2107,2630,2631,2104,2625,2180,2179,2181,2178,2102,2713,2627,2110,2101,322,220,2109,2624,2106,2715,2716,384,2183,2714],"class_list":{"0":"post-819","1":"product","2":"type-product","3":"status-publish","4":"has-post-thumbnail","6":"product_brand-rocks-off","7":"product_cat-mini-vibrator","8":"product_cat-noknek","9":"product_cat-vibratorok","10":"product_cat-uj-hullam","11":"product_tag-adult-toy","12":"product_tag-adult-toy-for-women","13":"product_tag-akcio","14":"product_tag-clearance","15":"product_tag-compact-vibrator","16":"product_tag-diszkret-vibrator","17":"product_tag-electric-stimulator","18":"product_tag-elektromos-jatek","19":"product_tag-felnott-jatek","20":"product_tag-female-sex-toy","21":"product_tag-intim-jatek","22":"product_tag-intimate-toy","23":"product_tag-intimate-toy-for-women","24":"product_tag-kiarusitas","25":"product_tag-kis-meretu-jatek","26":"product_tag-limitalt-keszlet","27":"product_tag-limited-stock","28":"product_tag-mini-vibrator","29":"product_tag-new-wave","30":"product_tag-noi-elvezet","31":"product_tag-noi-intim-jatek","32":"product_tag-noi-kiegeszito","33":"product_tag-noi-szexjatek","34":"product_tag-pleasure-device","35":"product_tag-rocks-off","36":"product_tag-sale","37":"product_tag-small-vibrator","38":"product_tag-stimulacio","39":"product_tag-szexjatek","40":"product_tag-szexshop-belvaros","41":"product_tag-travel-vibrator","42":"product_tag-uj-hullam","43":"product_tag-utazo-vibrator","44":"product_tag-vibracios-tojas","45":"product_tag-vibrating-egg","46":"product_tag-vibrator","47":"product_tag-womens-pleasure","48":"product_tag-zinnia","50":"first","51":"instock","52":"sale","53":"taxable","54":"shipping-taxable","55":"purchasable","56":"product-type-simple"},"yoast_head":"<!-- This site is optimized with the Yoast SEO plugin v27.4 - https:\/\/yoast.com\/product\/yoast-seo-wordpress\/ -->\n<title>Rocks-Off Zinnia - Lila Sziromparancs - Szexshop Belv\u00e1ros<\/title>\n<meta name=\"description\" content=\"Rocks-Off Zinnia vibracios tojas 10 rezgesi funkcioval, ujratoltheto, vizallo, selymes szilikon kialakitassal. Szexshop Belvaros.\" \/>\n<meta name=\"robots\" content=\"index, follow, max-snippet:-1, max-image-preview:large, max-video-preview:-1\" \/>\n<link rel=\"canonical\" href=\"https:\/\/www.szexshopbelvaros.com\/en\/product\/rocks-off-zinnia-vibracios-tojas\/\" \/>\n<meta property=\"og:locale\" content=\"en_US\" \/>\n<meta property=\"og:type\" content=\"article\" \/>\n<meta property=\"og:title\" content=\"Rocks-Off Zinnia - Lila Sziromparancs - Szexshop Belv\u00e1ros\" \/>\n<meta property=\"og:description\" content=\"Rocks-Off Zinnia vibracios tojas 10 rezgesi funkcioval, ujratoltheto, vizallo, selymes szilikon kialakitassal. Szexshop Belvaros.\" \/>\n<meta property=\"og:url\" content=\"https:\/\/www.szexshopbelvaros.com\/en\/product\/rocks-off-zinnia-vibracios-tojas\/\" \/>\n<meta property=\"og:site_name\" content=\"Szexshop Belvaros\" \/>\n<meta property=\"article:publisher\" content=\"https:\/\/www.facebook.com\/belvarossecrets\/\" \/>\n<meta property=\"article:modified_time\" content=\"2026-04-23T11:00:05+00:00\" \/>\n<meta property=\"og:image\" content=\"https:\/\/www.szexshopbelvaros.com\/wp-content\/uploads\/2025\/01\/ChatGPT-Image-Apr-22-2026-02_50_30-PM.png\" \/>\n\t<meta property=\"og:image:width\" content=\"1295\" \/>\n\t<meta property=\"og:image:height\" content=\"1215\" \/>\n\t<meta property=\"og:image:type\" content=\"image\/png\" \/>\n<meta name=\"twitter:card\" content=\"summary_large_image\" \/>\n<meta name=\"twitter:site\" content=\"@belvarossecrets\" \/>\n<meta name=\"twitter:label1\" content=\"Est. reading time\" \/>\n\t<meta name=\"twitter:data1\" content=\"2 minutes\" \/>\n<script type=\"application\/ld+json\" class=\"yoast-schema-graph\">{\"@context\":\"https:\\\/\\\/schema.org\",\"@graph\":[{\"@type\":\"WebPage\",\"@id\":\"https:\\\/\\\/www.szexshopbelvaros.com\\\/termek\\\/rocks-off-zinnia-vibracios-tojas\\\/\",\"url\":\"https:\\\/\\\/www.szexshopbelvaros.com\\\/termek\\\/rocks-off-zinnia-vibracios-tojas\\\/\",\"name\":\"Rocks-Off Zinnia - Lila Sziromparancs - Szexshop Belv\u00e1ros\",\"isPartOf\":{\"@id\":\"https:\\\/\\\/www.szexshopbelvaros.com\\\/#website\"},\"primaryImageOfPage\":{\"@id\":\"https:\\\/\\\/www.szexshopbelvaros.com\\\/termek\\\/rocks-off-zinnia-vibracios-tojas\\\/#primaryimage\"},\"image\":{\"@id\":\"https:\\\/\\\/www.szexshopbelvaros.com\\\/termek\\\/rocks-off-zinnia-vibracios-tojas\\\/#primaryimage\"},\"thumbnailUrl\":\"https:\\\/\\\/www.szexshopbelvaros.com\\\/wp-content\\\/uploads\\\/2025\\\/01\\\/ChatGPT-Image-Apr-22-2026-02_50_30-PM.png\",\"datePublished\":\"2025-01-31T13:47:29+00:00\",\"dateModified\":\"2026-04-23T11:00:05+00:00\",\"description\":\"Rocks-Off Zinnia vibracios tojas 10 rezgesi funkcioval, ujratoltheto, vizallo, selymes szilikon kialakitassal. Szexshop Belvaros.\",\"breadcrumb\":{\"@id\":\"https:\\\/\\\/www.szexshopbelvaros.com\\\/termek\\\/rocks-off-zinnia-vibracios-tojas\\\/#breadcrumb\"},\"inLanguage\":\"en-US\",\"potentialAction\":[{\"@type\":\"ReadAction\",\"target\":[\"https:\\\/\\\/www.szexshopbelvaros.com\\\/termek\\\/rocks-off-zinnia-vibracios-tojas\\\/\"]}]},{\"@type\":\"ImageObject\",\"inLanguage\":\"en-US\",\"@id\":\"https:\\\/\\\/www.szexshopbelvaros.com\\\/termek\\\/rocks-off-zinnia-vibracios-tojas\\\/#primaryimage\",\"url\":\"https:\\\/\\\/www.szexshopbelvaros.com\\\/wp-content\\\/uploads\\\/2025\\\/01\\\/ChatGPT-Image-Apr-22-2026-02_50_30-PM.png\",\"contentUrl\":\"https:\\\/\\\/www.szexshopbelvaros.com\\\/wp-content\\\/uploads\\\/2025\\\/01\\\/ChatGPT-Image-Apr-22-2026-02_50_30-PM.png\",\"width\":1295,\"height\":1215,\"caption\":\"HU: Rocks-Off Zinnia vibr\u00e1ci\u00f3s toj\u00e1s term\u00e9kdobozban, lila vir\u00e1gszirom form\u00e1j\u00fa toj\u00e1ssal \u00e9s vez\u00e9rl\u0151egys\u00e9ggel EN: Rocks-Off Zinnia vibrating egg in product box with purple flower petal-shaped egg and controller\"},{\"@type\":\"BreadcrumbList\",\"@id\":\"https:\\\/\\\/www.szexshopbelvaros.com\\\/termek\\\/rocks-off-zinnia-vibracios-tojas\\\/#breadcrumb\",\"itemListElement\":[{\"@type\":\"ListItem\",\"position\":1,\"name\":\"Home\",\"item\":\"https:\\\/\\\/www.szexshopbelvaros.com\\\/\"},{\"@type\":\"ListItem\",\"position\":2,\"name\":\"\u00c1ruh\u00e1z\",\"item\":\"https:\\\/\\\/www.szexshopbelvaros.com\\\/uzlet\\\/\"},{\"@type\":\"ListItem\",\"position\":3,\"name\":\"\ud83c\udf38 Zinnia \u2013 Lila Sziromparancs\"}]},{\"@type\":\"WebSite\",\"@id\":\"https:\\\/\\\/www.szexshopbelvaros.com\\\/#website\",\"url\":\"https:\\\/\\\/www.szexshopbelvaros.com\\\/\",\"name\":\"Szexshop Belv\u00e1ros\",\"description\":\"\ud83d\udd25 A szex olyan, mint a p\u00e9nz; csak a t\u00fal sok el\u00e9g!\u2122 Titkok a belv\u00e1rosb\u00f3l \ud83d\udc8b | Secrets from Budapest \ud83d\udc8e Feln\u0151tt j\u00e1t\u00e9kok \u2022 Erotika \u2022 Szexshop Belvaros\",\"publisher\":{\"@id\":\"https:\\\/\\\/www.szexshopbelvaros.com\\\/#organization\"},\"potentialAction\":[{\"@type\":\"SearchAction\",\"target\":{\"@type\":\"EntryPoint\",\"urlTemplate\":\"https:\\\/\\\/www.szexshopbelvaros.com\\\/?s={search_term_string}\"},\"query-input\":{\"@type\":\"PropertyValueSpecification\",\"valueRequired\":true,\"valueName\":\"search_term_string\"}}],\"inLanguage\":\"en-US\"},{\"@type\":\"Organization\",\"@id\":\"https:\\\/\\\/www.szexshopbelvaros.com\\\/#organization\",\"name\":\"Szexshop Belv\u00e1ros\",\"alternateName\":\"szexshopbelvaros.com\",\"url\":\"https:\\\/\\\/www.szexshopbelvaros.com\\\/\",\"logo\":{\"@type\":\"ImageObject\",\"inLanguage\":\"en-US\",\"@id\":\"https:\\\/\\\/www.szexshopbelvaros.com\\\/#\\\/schema\\\/logo\\\/image\\\/\",\"url\":\"https:\\\/\\\/www.szexshopbelvaros.com\\\/wp-content\\\/uploads\\\/2025\\\/09\\\/1Szexshopbelvaroslogo_blurred_stronger.jpg\",\"contentUrl\":\"https:\\\/\\\/www.szexshopbelvaros.com\\\/wp-content\\\/uploads\\\/2025\\\/09\\\/1Szexshopbelvaroslogo_blurred_stronger.jpg\",\"width\":1024,\"height\":1024,\"caption\":\"Szexshop Belv\u00e1ros\"},\"image\":{\"@id\":\"https:\\\/\\\/www.szexshopbelvaros.com\\\/#\\\/schema\\\/logo\\\/image\\\/\"},\"sameAs\":[\"https:\\\/\\\/www.facebook.com\\\/belvarossecrets\\\/\",\"https:\\\/\\\/x.com\\\/belvarossecrets\",\"https:\\\/\\\/www.instagram.com\\\/belvarossecrets\\\/\",\"https:\\\/\\\/www.tiktok.com\\\/@belvarossecrets\"]}]}<\/script>\n<!-- \/ Yoast SEO plugin. -->","yoast_head_json":{"title":"Rocks-Off Zinnia - Purple Petal Order - Sex Shop Belv\u00e1ros","description":"Rocks-Off Zinnia vibrating egg with 10 vibration functions, reusable, waterproof, silky silicone design. Sex shop Belvaros.","robots":{"index":"index","follow":"follow","max-snippet":"max-snippet:-1","max-image-preview":"max-image-preview:large","max-video-preview":"max-video-preview:-1"},"canonical":"https:\/\/www.szexshopbelvaros.com\/en\/product\/rocks-off-zinnia-vibracios-tojas\/","og_locale":"en_US","og_type":"article","og_title":"Rocks-Off Zinnia - Lila Sziromparancs - Szexshop Belv\u00e1ros","og_description":"Rocks-Off Zinnia vibracios tojas 10 rezgesi funkcioval, ujratoltheto, vizallo, selymes szilikon kialakitassal. Szexshop Belvaros.","og_url":"https:\/\/www.szexshopbelvaros.com\/en\/product\/rocks-off-zinnia-vibracios-tojas\/","og_site_name":"Szexshop Belvaros","article_publisher":"https:\/\/www.facebook.com\/belvarossecrets\/","article_modified_time":"2026-04-23T11:00:05+00:00","og_image":[{"width":1295,"height":1215,"url":"https:\/\/www.szexshopbelvaros.com\/wp-content\/uploads\/2025\/01\/ChatGPT-Image-Apr-22-2026-02_50_30-PM.png","type":"image\/png"}],"twitter_card":"summary_large_image","twitter_site":"@belvarossecrets","twitter_misc":{"Est. reading time":"2 minutes"},"schema":{"@context":"https:\/\/schema.org","@graph":[{"@type":"WebPage","@id":"https:\/\/www.szexshopbelvaros.com\/termek\/rocks-off-zinnia-vibracios-tojas\/","url":"https:\/\/www.szexshopbelvaros.com\/termek\/rocks-off-zinnia-vibracios-tojas\/","name":"Rocks-Off Zinnia - Purple Petal Order - Sex Shop Belv\u00e1ros","isPartOf":{"@id":"https:\/\/www.szexshopbelvaros.com\/#website"},"primaryImageOfPage":{"@id":"https:\/\/www.szexshopbelvaros.com\/termek\/rocks-off-zinnia-vibracios-tojas\/#primaryimage"},"image":{"@id":"https:\/\/www.szexshopbelvaros.com\/termek\/rocks-off-zinnia-vibracios-tojas\/#primaryimage"},"thumbnailUrl":"https:\/\/www.szexshopbelvaros.com\/wp-content\/uploads\/2025\/01\/ChatGPT-Image-Apr-22-2026-02_50_30-PM.png","datePublished":"2025-01-31T13:47:29+00:00","dateModified":"2026-04-23T11:00:05+00:00","description":"Rocks-Off Zinnia vibrating egg with 10 vibration functions, reusable, waterproof, silky silicone design. Sex shop Belvaros.","breadcrumb":{"@id":"https:\/\/www.szexshopbelvaros.com\/termek\/rocks-off-zinnia-vibracios-tojas\/#breadcrumb"},"inLanguage":"en-US","potentialAction":[{"@type":"ReadAction","target":["https:\/\/www.szexshopbelvaros.com\/termek\/rocks-off-zinnia-vibracios-tojas\/"]}]},{"@type":"ImageObject","inLanguage":"en-US","@id":"https:\/\/www.szexshopbelvaros.com\/termek\/rocks-off-zinnia-vibracios-tojas\/#primaryimage","url":"https:\/\/www.szexshopbelvaros.com\/wp-content\/uploads\/2025\/01\/ChatGPT-Image-Apr-22-2026-02_50_30-PM.png","contentUrl":"https:\/\/www.szexshopbelvaros.com\/wp-content\/uploads\/2025\/01\/ChatGPT-Image-Apr-22-2026-02_50_30-PM.png","width":1295,"height":1215,"caption":"HU: Rocks-Off Zinnia vibr\u00e1ci\u00f3s toj\u00e1s term\u00e9kdobozban, lila vir\u00e1gszirom form\u00e1j\u00fa toj\u00e1ssal \u00e9s vez\u00e9rl\u0151egys\u00e9ggel EN: Rocks-Off Zinnia vibrating egg in product box with purple flower petal-shaped egg and controller"},{"@type":"BreadcrumbList","@id":"https:\/\/www.szexshopbelvaros.com\/termek\/rocks-off-zinnia-vibracios-tojas\/#breadcrumb","itemListElement":[{"@type":"ListItem","position":1,"name":"Home","item":"https:\/\/www.szexshopbelvaros.com\/"},{"@type":"ListItem","position":2,"name":"\u00c1ruh\u00e1z","item":"https:\/\/www.szexshopbelvaros.com\/uzlet\/"},{"@type":"ListItem","position":3,"name":"\ud83c\udf38 Zinnia \u2013 Lila Sziromparancs"}]},{"@type":"WebSite","@id":"https:\/\/www.szexshopbelvaros.com\/#website","url":"https:\/\/www.szexshopbelvaros.com\/","name":"at our Szexshop Belv\u00e1ros","description":"\ud83d\udd25 Sex is like money; only too much is enough!\u2122 Secrets from the city center \ud83d\udc8b | Secrets from Budapest \ud83d\udc8e Adult games \u2022 Erotica \u2022 Sex shop Belvaros","publisher":{"@id":"https:\/\/www.szexshopbelvaros.com\/#organization"},"potentialAction":[{"@type":"SearchAction","target":{"@type":"EntryPoint","urlTemplate":"https:\/\/www.szexshopbelvaros.com\/?s={search_term_string}"},"query-input":{"@type":"PropertyValueSpecification","valueRequired":true,"valueName":"search_term_string"}}],"inLanguage":"en-US"},{"@type":"Organization","@id":"https:\/\/www.szexshopbelvaros.com\/#organization","name":"at our Szexshop Belv\u00e1ros","alternateName":"szexshopbelvaros.com","url":"https:\/\/www.szexshopbelvaros.com\/","logo":{"@type":"ImageObject","inLanguage":"en-US","@id":"https:\/\/www.szexshopbelvaros.com\/#\/schema\/logo\/image\/","url":"https:\/\/www.szexshopbelvaros.com\/wp-content\/uploads\/2025\/09\/1Szexshopbelvaroslogo_blurred_stronger.jpg","contentUrl":"https:\/\/www.szexshopbelvaros.com\/wp-content\/uploads\/2025\/09\/1Szexshopbelvaroslogo_blurred_stronger.jpg","width":1024,"height":1024,"caption":"Szexshop Belv\u00e1ros"},"image":{"@id":"https:\/\/www.szexshopbelvaros.com\/#\/schema\/logo\/image\/"},"sameAs":["https:\/\/www.facebook.com\/belvarossecrets\/","https:\/\/x.com\/belvarossecrets","https:\/\/www.instagram.com\/belvarossecrets\/","https:\/\/www.tiktok.com\/@belvarossecrets"]}]}},"_links":{"self":[{"href":"https:\/\/www.szexshopbelvaros.com\/en\/wp-json\/wp\/v2\/product\/819","targetHints":{"allow":["GET"]}}],"collection":[{"href":"https:\/\/www.szexshopbelvaros.com\/en\/wp-json\/wp\/v2\/product"}],"about":[{"href":"https:\/\/www.szexshopbelvaros.com\/en\/wp-json\/wp\/v2\/types\/product"}],"replies":[{"embeddable":true,"href":"https:\/\/www.szexshopbelvaros.com\/en\/wp-json\/wp\/v2\/comments?post=819"}],"wp:featuredmedia":[{"embeddable":true,"href":"https:\/\/www.szexshopbelvaros.com\/en\/wp-json\/wp\/v2\/media\/3117"}],"wp:attachment":[{"href":"https:\/\/www.szexshopbelvaros.com\/en\/wp-json\/wp\/v2\/media?parent=819"}],"wp:term":[{"taxonomy":"product_brand","embeddable":true,"href":"https:\/\/www.szexshopbelvaros.com\/en\/wp-json\/wp\/v2\/product_brand?post=819"},{"taxonomy":"product_cat","embeddable":true,"href":"https:\/\/www.szexshopbelvaros.com\/en\/wp-json\/wp\/v2\/product_cat?post=819"},{"taxonomy":"product_tag","embeddable":true,"href":"https:\/\/www.szexshopbelvaros.com\/en\/wp-json\/wp\/v2\/product_tag?post=819"}],"curies":[{"name":"wp","href":"https:\/\/api.w.org\/{rel}","templated":true}]}}