{"id":825,"date":"2025-01-31T14:47:29","date_gmt":"2025-01-31T13:47:29","guid":{"rendered":"https:\/\/www.szexshopbelvaros.com\/termek\/evolved-bunny-bright-g-pontos-vilagito-csikloizgato-vizallo-vibrator\/"},"modified":"2026-04-18T14:25:08","modified_gmt":"2026-04-18T12:25:08","slug":"bunny-hop-g-pontos-csikloizgato-nyuszi-vibrator","status":"publish","type":"product","link":"https:\/\/www.szexshopbelvaros.com\/en\/product\/bunny-hop-g-pontos-csikloizgato-nyuszi-vibrator\/","title":{"rendered":"\ud83d\udc30 Bunny Hop \u2013 The chrome bunny that hits the target Every Time \ud83c\udfaf"},"content":{"rendered":"<p data-start=\"140\" data-end=\"419\">The Bunny Hop is a G-spot clitoral stimulation bunny vibrator that looks sleek and cool at first glance \u2014 then you turn it on and suddenly it feels like a blue light rocket has launched through your body. The chrome body is sleek, futuristic, and not only looks good\u2026 it works.<\/p>\n<p data-start=\"421\" data-end=\"855\">The bunny ear arms don&#039;t &quot;stroke,&quot; they&#039;re aimed straight at you. Your G-spot and clitoris get what they want at the same time \u2014 and the two motors don&#039;t mince words: with 10 vibration modes, they do exactly what you asked for. Plus, the two motors can be controlled independently, so you always get the combination you want. It doesn&#039;t just vibrate \u2014 the inner part also works with a pulsating motion, while the bunny stimulates with a separate motor.<\/p>\n<p data-start=\"857\" data-end=\"932\">Not romantic \u2014 effective.<br data-start=\"885\" data-end=\"888\" \/>Not reserved \u2014 brazenly confident.<\/p>\n<p data-start=\"934\" data-end=\"1013\">This G-spot clitoral stimulation bunny vibrator gives you exactly what you expect.<\/p>\n<p data-start=\"1015\" data-end=\"1283\">The length of about 16\u201320 cm is just enough to avoid having to search for the right angle, while the diameter of 3.5\u20133.9 cm comfortably yet firmly fills the space. The silicone coating has a smooth, friendly touch, but underneath it is that certain cold precision at work.<\/p>\n<p data-start=\"1285\" data-end=\"1377\">USB-rechargeable, waterproof design \u2014 because sometimes the best ideas aren&#039;t born in bed.<\/p>\n<p data-start=\"1221\" data-end=\"1309\">\ud83d\udd17 You should check out the rest of our <a href=\"https:\/\/www.szexshopbelvaros.com\/en\/product-category\/vibratorok\/\">vibrator<\/a>\u2013 and our G-spot toys \u2013 there\u2019s always something new coming to stir things up. \ud83d\udc30<\/p>\n<p>\ud83d\udc49 Order discreetly at <a class=\"decorated-link cursor-pointer\" target=\"_new\" rel=\"noopener\" data-start=\"690\" data-end=\"714\">www.szexshopbelvaros.com<\/a> on the side \u2013 because there are things that can't wait. \ud83d\ude08<\/p>\n<p>We deliver quickly throughout Hungary and the EU.<\/p>","protected":false},"excerpt":{"rendered":"<p>A Bunny Hop egy g-pontos csikl\u00f3izgat\u00f3 nyuszi vibr\u00e1tor, ami els\u0151 r\u00e1n\u00e9z\u00e9sre eleg\u00e1ns \u00e9s h\u0171v\u00f6s \u2014 azt\u00e1n bekapcsolod, \u00e9s hirtelen \u00fagy \u00e9rzed, mintha egy k\u00e9k f\u00e9ny\u0171 rak\u00e9ta indult volna el a testedben. A kr\u00f3mozott test letisztult, futurisztikus \u00e9s nemcsak j\u00f3l n\u00e9z ki\u2026 hanem dolgozik. A nyuszif\u00fcl-karok nem \u201esimogatnak\u201d, hanem c\u00e9lra tartanak. A G-pont \u00e9s a csikl\u00f3 [&#8230;]\n","protected":false},"featured_media":3081,"comment_status":"closed","ping_status":"closed","template":"","meta":[],"product_brand":[162],"product_cat":[152,171,99,136,2623],"product_tag":[398,2184,2626,1315,2629,2188,1194,2186,575,2648,2103,2100,2113,2644,2645,2189,389,2182,2646,2649,2112,1192,1318,2185,2628,2111,2630,2631,2625,2180,2179,2181,2187,2178,2102,2647,2114,2627,2101,322,220,1316,2624,2115,384,2183],"class_list":{"0":"post-825","1":"product","2":"type-product","3":"status-publish","4":"has-post-thumbnail","6":"product_brand-evolved","7":"product_cat-csikloizgatok","8":"product_cat-klasszikus-vibratorok","9":"product_cat-noknek","10":"product_cat-vibratorok","11":"product_cat-uj-hullam","12":"product_tag-adult-toy","13":"product_tag-adult-toy-for-women","14":"product_tag-akcio","15":"product_tag-classic-vibrator","16":"product_tag-clearance","17":"product_tag-clit-vibrator","18":"product_tag-clitoral-stimulator","19":"product_tag-csiklo-stimulacio","20":"product_tag-csikloizgato","21":"product_tag-dual-stimulation-vibrator","22":"product_tag-electric-stimulator","23":"product_tag-elektromos-jatek","24":"product_tag-erotikus-vibrator","25":"product_tag-evolved","26":"product_tag-evolved-vibrator","27":"product_tag-external-stimulation","28":"product_tag-felnott-jatek","29":"product_tag-female-sex-toy","30":"product_tag-g-pontos-nyuszi-vibrator","31":"product_tag-g-spot-rabbit-vibrator","32":"product_tag-hagyomanyos-vibrator","33":"product_tag-intim-jatek","34":"product_tag-intimate-toy","35":"product_tag-intimate-toy-for-women","36":"product_tag-kiarusitas","37":"product_tag-klasszikus-vibrator","38":"product_tag-limitalt-keszlet","39":"product_tag-limited-stock","40":"product_tag-new-wave","41":"product_tag-noi-elvezet","42":"product_tag-noi-intim-jatek","43":"product_tag-noi-kiegeszito","44":"product_tag-noi-stimulacio","45":"product_tag-noi-szexjatek","46":"product_tag-pleasure-device","47":"product_tag-rabbit-vibrator","48":"product_tag-rezgo-jatek","49":"product_tag-sale","50":"product_tag-stimulacio","51":"product_tag-szexjatek","52":"product_tag-szexshop-belvaros","53":"product_tag-traditional-vibrator","54":"product_tag-uj-hullam","55":"product_tag-vibrating-toy","56":"product_tag-vibrator","57":"product_tag-womens-pleasure","59":"first","60":"instock","61":"sale","62":"taxable","63":"shipping-taxable","64":"purchasable","65":"product-type-simple"},"yoast_head":"<!-- This site is optimized with the Yoast SEO plugin v27.5 - https:\/\/yoast.com\/product\/yoast-seo-wordpress\/ -->\n<title>\ud83d\udc30 Bunny Hop \u2013 G-pontos csikl\u00f3izgat\u00f3 nyuszi vibr\u00e1tor, ami csak c\u00e9lra tart | Szexshop Belv\u00e1ros<\/title>\n<meta name=\"description\" content=\"Bunny Hop g-pontos csikl\u00f3izgat\u00f3 nyuszi vibr\u00e1tor 10 rezg\u00e9si m\u00f3ddal, v\u00edz\u00e1ll\u00f3 kivitelben \u00e9s USB-t\u00f6lt\u00e9ssel. Rendeld meg a Szexshop Belv\u00e1ros k\u00edn\u00e1lat\u00e1b\u00f3l!\" \/>\n<meta name=\"robots\" content=\"index, follow, max-snippet:-1, max-image-preview:large, max-video-preview:-1\" \/>\n<link rel=\"canonical\" href=\"https:\/\/www.szexshopbelvaros.com\/en\/product\/bunny-hop-g-pontos-csikloizgato-nyuszi-vibrator\/\" \/>\n<meta property=\"og:locale\" content=\"en_US\" \/>\n<meta property=\"og:type\" content=\"article\" \/>\n<meta property=\"og:title\" content=\"\ud83d\udc30 Bunny Hop \u2013 G-pontos csikl\u00f3izgat\u00f3 nyuszi vibr\u00e1tor, ami csak c\u00e9lra tart | Szexshop Belv\u00e1ros\" \/>\n<meta property=\"og:description\" content=\"Bunny Hop g-pontos csikl\u00f3izgat\u00f3 nyuszi vibr\u00e1tor 10 rezg\u00e9si m\u00f3ddal, v\u00edz\u00e1ll\u00f3 kivitelben \u00e9s USB-t\u00f6lt\u00e9ssel. Rendeld meg a Szexshop Belv\u00e1ros k\u00edn\u00e1lat\u00e1b\u00f3l!\" \/>\n<meta property=\"og:url\" content=\"https:\/\/www.szexshopbelvaros.com\/en\/product\/bunny-hop-g-pontos-csikloizgato-nyuszi-vibrator\/\" \/>\n<meta property=\"og:site_name\" content=\"Szexshop Belvaros\" \/>\n<meta property=\"article:publisher\" content=\"https:\/\/www.facebook.com\/belvarossecrets\/\" \/>\n<meta property=\"article:modified_time\" content=\"2026-04-18T12:25:08+00:00\" \/>\n<meta property=\"og:image\" content=\"https:\/\/www.szexshopbelvaros.com\/wp-content\/uploads\/2025\/01\/69e372962aa2e1eb09807c18-scaled.png\" \/>\n\t<meta property=\"og:image:width\" content=\"2560\" \/>\n\t<meta property=\"og:image:height\" content=\"1440\" \/>\n\t<meta property=\"og:image:type\" content=\"image\/png\" \/>\n<meta name=\"twitter:card\" content=\"summary_large_image\" \/>\n<meta name=\"twitter:site\" content=\"@belvarossecrets\" \/>\n<meta name=\"twitter:label1\" content=\"Est. reading time\" \/>\n\t<meta name=\"twitter:data1\" content=\"2 minutes\" \/>\n<script type=\"application\/ld+json\" class=\"yoast-schema-graph\">{\"@context\":\"https:\\\/\\\/schema.org\",\"@graph\":[{\"@type\":\"WebPage\",\"@id\":\"https:\\\/\\\/www.szexshopbelvaros.com\\\/termek\\\/bunny-hop-g-pontos-csikloizgato-nyuszi-vibrator\\\/\",\"url\":\"https:\\\/\\\/www.szexshopbelvaros.com\\\/termek\\\/bunny-hop-g-pontos-csikloizgato-nyuszi-vibrator\\\/\",\"name\":\"\ud83d\udc30 Bunny Hop \u2013 G-pontos csikl\u00f3izgat\u00f3 nyuszi vibr\u00e1tor, ami csak c\u00e9lra tart | Szexshop Belv\u00e1ros\",\"isPartOf\":{\"@id\":\"https:\\\/\\\/www.szexshopbelvaros.com\\\/#website\"},\"primaryImageOfPage\":{\"@id\":\"https:\\\/\\\/www.szexshopbelvaros.com\\\/termek\\\/bunny-hop-g-pontos-csikloizgato-nyuszi-vibrator\\\/#primaryimage\"},\"image\":{\"@id\":\"https:\\\/\\\/www.szexshopbelvaros.com\\\/termek\\\/bunny-hop-g-pontos-csikloizgato-nyuszi-vibrator\\\/#primaryimage\"},\"thumbnailUrl\":\"https:\\\/\\\/www.szexshopbelvaros.com\\\/wp-content\\\/uploads\\\/2025\\\/01\\\/69e372962aa2e1eb09807c18-scaled.png\",\"datePublished\":\"2025-01-31T13:47:29+00:00\",\"dateModified\":\"2026-04-18T12:25:08+00:00\",\"description\":\"Bunny Hop g-pontos csikl\u00f3izgat\u00f3 nyuszi vibr\u00e1tor 10 rezg\u00e9si m\u00f3ddal, v\u00edz\u00e1ll\u00f3 kivitelben \u00e9s USB-t\u00f6lt\u00e9ssel. Rendeld meg a Szexshop Belv\u00e1ros k\u00edn\u00e1lat\u00e1b\u00f3l!\",\"breadcrumb\":{\"@id\":\"https:\\\/\\\/www.szexshopbelvaros.com\\\/termek\\\/bunny-hop-g-pontos-csikloizgato-nyuszi-vibrator\\\/#breadcrumb\"},\"inLanguage\":\"en-US\",\"potentialAction\":[{\"@type\":\"ReadAction\",\"target\":[\"https:\\\/\\\/www.szexshopbelvaros.com\\\/termek\\\/bunny-hop-g-pontos-csikloizgato-nyuszi-vibrator\\\/\"]}]},{\"@type\":\"ImageObject\",\"inLanguage\":\"en-US\",\"@id\":\"https:\\\/\\\/www.szexshopbelvaros.com\\\/termek\\\/bunny-hop-g-pontos-csikloizgato-nyuszi-vibrator\\\/#primaryimage\",\"url\":\"https:\\\/\\\/www.szexshopbelvaros.com\\\/wp-content\\\/uploads\\\/2025\\\/01\\\/69e372962aa2e1eb09807c18-scaled.png\",\"contentUrl\":\"https:\\\/\\\/www.szexshopbelvaros.com\\\/wp-content\\\/uploads\\\/2025\\\/01\\\/69e372962aa2e1eb09807c18-scaled.png\",\"width\":2560,\"height\":1440,\"caption\":\"HU: Bunny Hop g-pontos csikl\u00f3izgat\u00f3 nyuszi vibr\u00e1tor k\u00e9k \u00e9s kr\u00f3mozott kivitelben, dobozzal \u00e9s oldals\u00f3 n\u00e9zetben EN: Bunny Hop rabbit vibrator in blue and chrome finish shown with packaging in side view for G-spot and clitoral stimulation\"},{\"@type\":\"BreadcrumbList\",\"@id\":\"https:\\\/\\\/www.szexshopbelvaros.com\\\/termek\\\/bunny-hop-g-pontos-csikloizgato-nyuszi-vibrator\\\/#breadcrumb\",\"itemListElement\":[{\"@type\":\"ListItem\",\"position\":1,\"name\":\"Home\",\"item\":\"https:\\\/\\\/www.szexshopbelvaros.com\\\/\"},{\"@type\":\"ListItem\",\"position\":2,\"name\":\"\u00c1ruh\u00e1z\",\"item\":\"https:\\\/\\\/www.szexshopbelvaros.com\\\/uzlet\\\/\"},{\"@type\":\"ListItem\",\"position\":3,\"name\":\"\ud83d\udc30 Bunny Hop &#8211; A kr\u00f3mozott nyuszi, ami csak c\u00e9lra tart \ud83c\udfaf\"}]},{\"@type\":\"WebSite\",\"@id\":\"https:\\\/\\\/www.szexshopbelvaros.com\\\/#website\",\"url\":\"https:\\\/\\\/www.szexshopbelvaros.com\\\/\",\"name\":\"Szexshop Belv\u00e1ros\",\"description\":\"\ud83d\udd25 A szex olyan, mint a p\u00e9nz; csak a t\u00fal sok el\u00e9g!\u2122 Titkok a belv\u00e1rosb\u00f3l \ud83d\udc8b | Secrets from Budapest \ud83d\udc8e Feln\u0151tt j\u00e1t\u00e9kok \u2022 Erotika \u2022 Szexshop Belvaros\",\"publisher\":{\"@id\":\"https:\\\/\\\/www.szexshopbelvaros.com\\\/#organization\"},\"potentialAction\":[{\"@type\":\"SearchAction\",\"target\":{\"@type\":\"EntryPoint\",\"urlTemplate\":\"https:\\\/\\\/www.szexshopbelvaros.com\\\/?s={search_term_string}\"},\"query-input\":{\"@type\":\"PropertyValueSpecification\",\"valueRequired\":true,\"valueName\":\"search_term_string\"}}],\"inLanguage\":\"en-US\"},{\"@type\":\"Organization\",\"@id\":\"https:\\\/\\\/www.szexshopbelvaros.com\\\/#organization\",\"name\":\"Szexshop Belv\u00e1ros\",\"alternateName\":\"szexshopbelvaros.com\",\"url\":\"https:\\\/\\\/www.szexshopbelvaros.com\\\/\",\"logo\":{\"@type\":\"ImageObject\",\"inLanguage\":\"en-US\",\"@id\":\"https:\\\/\\\/www.szexshopbelvaros.com\\\/#\\\/schema\\\/logo\\\/image\\\/\",\"url\":\"https:\\\/\\\/www.szexshopbelvaros.com\\\/wp-content\\\/uploads\\\/2025\\\/09\\\/1Szexshopbelvaroslogo_blurred_stronger.jpg\",\"contentUrl\":\"https:\\\/\\\/www.szexshopbelvaros.com\\\/wp-content\\\/uploads\\\/2025\\\/09\\\/1Szexshopbelvaroslogo_blurred_stronger.jpg\",\"width\":1024,\"height\":1024,\"caption\":\"Szexshop Belv\u00e1ros\"},\"image\":{\"@id\":\"https:\\\/\\\/www.szexshopbelvaros.com\\\/#\\\/schema\\\/logo\\\/image\\\/\"},\"sameAs\":[\"https:\\\/\\\/www.facebook.com\\\/belvarossecrets\\\/\",\"https:\\\/\\\/x.com\\\/belvarossecrets\",\"https:\\\/\\\/www.instagram.com\\\/belvarossecrets\\\/\",\"https:\\\/\\\/www.tiktok.com\\\/@belvarossecrets\"]}]}<\/script>\n<!-- \/ Yoast SEO plugin. -->","yoast_head_json":{"title":"\ud83d\udc30 Bunny Hop \u2013 G-spot clitoral stimulation bunny vibrator that only serves its purpose | Szexshop Belv\u00e1ros","description":"Bunny Hop G-spot clitoral stimulation bunny vibrator with 10 vibration modes, waterproof design and USB charging. Order from the Szexshop Belv\u00e1ros range!","robots":{"index":"index","follow":"follow","max-snippet":"max-snippet:-1","max-image-preview":"max-image-preview:large","max-video-preview":"max-video-preview:-1"},"canonical":"https:\/\/www.szexshopbelvaros.com\/en\/product\/bunny-hop-g-pontos-csikloizgato-nyuszi-vibrator\/","og_locale":"en_US","og_type":"article","og_title":"\ud83d\udc30 Bunny Hop \u2013 G-pontos csikl\u00f3izgat\u00f3 nyuszi vibr\u00e1tor, ami csak c\u00e9lra tart | Szexshop Belv\u00e1ros","og_description":"Bunny Hop g-pontos csikl\u00f3izgat\u00f3 nyuszi vibr\u00e1tor 10 rezg\u00e9si m\u00f3ddal, v\u00edz\u00e1ll\u00f3 kivitelben \u00e9s USB-t\u00f6lt\u00e9ssel. Rendeld meg a Szexshop Belv\u00e1ros k\u00edn\u00e1lat\u00e1b\u00f3l!","og_url":"https:\/\/www.szexshopbelvaros.com\/en\/product\/bunny-hop-g-pontos-csikloizgato-nyuszi-vibrator\/","og_site_name":"Szexshop Belvaros","article_publisher":"https:\/\/www.facebook.com\/belvarossecrets\/","article_modified_time":"2026-04-18T12:25:08+00:00","og_image":[{"width":2560,"height":1440,"url":"https:\/\/www.szexshopbelvaros.com\/wp-content\/uploads\/2025\/01\/69e372962aa2e1eb09807c18-scaled.png","type":"image\/png"}],"twitter_card":"summary_large_image","twitter_site":"@belvarossecrets","twitter_misc":{"Est. reading time":"2 minutes"},"schema":{"@context":"https:\/\/schema.org","@graph":[{"@type":"WebPage","@id":"https:\/\/www.szexshopbelvaros.com\/termek\/bunny-hop-g-pontos-csikloizgato-nyuszi-vibrator\/","url":"https:\/\/www.szexshopbelvaros.com\/termek\/bunny-hop-g-pontos-csikloizgato-nyuszi-vibrator\/","name":"\ud83d\udc30 Bunny Hop \u2013 G-spot clitoral stimulation bunny vibrator that only serves its purpose | Szexshop Belv\u00e1ros","isPartOf":{"@id":"https:\/\/www.szexshopbelvaros.com\/#website"},"primaryImageOfPage":{"@id":"https:\/\/www.szexshopbelvaros.com\/termek\/bunny-hop-g-pontos-csikloizgato-nyuszi-vibrator\/#primaryimage"},"image":{"@id":"https:\/\/www.szexshopbelvaros.com\/termek\/bunny-hop-g-pontos-csikloizgato-nyuszi-vibrator\/#primaryimage"},"thumbnailUrl":"https:\/\/www.szexshopbelvaros.com\/wp-content\/uploads\/2025\/01\/69e372962aa2e1eb09807c18-scaled.png","datePublished":"2025-01-31T13:47:29+00:00","dateModified":"2026-04-18T12:25:08+00:00","description":"Bunny Hop G-spot clitoral stimulation bunny vibrator with 10 vibration modes, waterproof design and USB charging. Order from the Szexshop Belv\u00e1ros range!","breadcrumb":{"@id":"https:\/\/www.szexshopbelvaros.com\/termek\/bunny-hop-g-pontos-csikloizgato-nyuszi-vibrator\/#breadcrumb"},"inLanguage":"en-US","potentialAction":[{"@type":"ReadAction","target":["https:\/\/www.szexshopbelvaros.com\/termek\/bunny-hop-g-pontos-csikloizgato-nyuszi-vibrator\/"]}]},{"@type":"ImageObject","inLanguage":"en-US","@id":"https:\/\/www.szexshopbelvaros.com\/termek\/bunny-hop-g-pontos-csikloizgato-nyuszi-vibrator\/#primaryimage","url":"https:\/\/www.szexshopbelvaros.com\/wp-content\/uploads\/2025\/01\/69e372962aa2e1eb09807c18-scaled.png","contentUrl":"https:\/\/www.szexshopbelvaros.com\/wp-content\/uploads\/2025\/01\/69e372962aa2e1eb09807c18-scaled.png","width":2560,"height":1440,"caption":"HU: Bunny Hop g-pontos csikl\u00f3izgat\u00f3 nyuszi vibr\u00e1tor k\u00e9k \u00e9s kr\u00f3mozott kivitelben, dobozzal \u00e9s oldals\u00f3 n\u00e9zetben EN: Bunny Hop rabbit vibrator in blue and chrome finish shown with packaging in side view for G-spot and clitoral stimulation"},{"@type":"BreadcrumbList","@id":"https:\/\/www.szexshopbelvaros.com\/termek\/bunny-hop-g-pontos-csikloizgato-nyuszi-vibrator\/#breadcrumb","itemListElement":[{"@type":"ListItem","position":1,"name":"Home","item":"https:\/\/www.szexshopbelvaros.com\/"},{"@type":"ListItem","position":2,"name":"\u00c1ruh\u00e1z","item":"https:\/\/www.szexshopbelvaros.com\/uzlet\/"},{"@type":"ListItem","position":3,"name":"\ud83d\udc30 Bunny Hop &#8211; A kr\u00f3mozott nyuszi, ami csak c\u00e9lra tart \ud83c\udfaf"}]},{"@type":"WebSite","@id":"https:\/\/www.szexshopbelvaros.com\/#website","url":"https:\/\/www.szexshopbelvaros.com\/","name":"at our Szexshop Belv\u00e1ros","description":"\ud83d\udd25 Sex is like money; only too much is enough!\u2122 Secrets from the city center \ud83d\udc8b | Secrets from Budapest \ud83d\udc8e Adult games \u2022 Erotica \u2022 Sex shop Belvaros","publisher":{"@id":"https:\/\/www.szexshopbelvaros.com\/#organization"},"potentialAction":[{"@type":"SearchAction","target":{"@type":"EntryPoint","urlTemplate":"https:\/\/www.szexshopbelvaros.com\/?s={search_term_string}"},"query-input":{"@type":"PropertyValueSpecification","valueRequired":true,"valueName":"search_term_string"}}],"inLanguage":"en-US"},{"@type":"Organization","@id":"https:\/\/www.szexshopbelvaros.com\/#organization","name":"at our Szexshop Belv\u00e1ros","alternateName":"szexshopbelvaros.com","url":"https:\/\/www.szexshopbelvaros.com\/","logo":{"@type":"ImageObject","inLanguage":"en-US","@id":"https:\/\/www.szexshopbelvaros.com\/#\/schema\/logo\/image\/","url":"https:\/\/www.szexshopbelvaros.com\/wp-content\/uploads\/2025\/09\/1Szexshopbelvaroslogo_blurred_stronger.jpg","contentUrl":"https:\/\/www.szexshopbelvaros.com\/wp-content\/uploads\/2025\/09\/1Szexshopbelvaroslogo_blurred_stronger.jpg","width":1024,"height":1024,"caption":"Szexshop Belv\u00e1ros"},"image":{"@id":"https:\/\/www.szexshopbelvaros.com\/#\/schema\/logo\/image\/"},"sameAs":["https:\/\/www.facebook.com\/belvarossecrets\/","https:\/\/x.com\/belvarossecrets","https:\/\/www.instagram.com\/belvarossecrets\/","https:\/\/www.tiktok.com\/@belvarossecrets"]}]}},"_links":{"self":[{"href":"https:\/\/www.szexshopbelvaros.com\/en\/wp-json\/wp\/v2\/product\/825","targetHints":{"allow":["GET"]}}],"collection":[{"href":"https:\/\/www.szexshopbelvaros.com\/en\/wp-json\/wp\/v2\/product"}],"about":[{"href":"https:\/\/www.szexshopbelvaros.com\/en\/wp-json\/wp\/v2\/types\/product"}],"replies":[{"embeddable":true,"href":"https:\/\/www.szexshopbelvaros.com\/en\/wp-json\/wp\/v2\/comments?post=825"}],"wp:featuredmedia":[{"embeddable":true,"href":"https:\/\/www.szexshopbelvaros.com\/en\/wp-json\/wp\/v2\/media\/3081"}],"wp:attachment":[{"href":"https:\/\/www.szexshopbelvaros.com\/en\/wp-json\/wp\/v2\/media?parent=825"}],"wp:term":[{"taxonomy":"product_brand","embeddable":true,"href":"https:\/\/www.szexshopbelvaros.com\/en\/wp-json\/wp\/v2\/product_brand?post=825"},{"taxonomy":"product_cat","embeddable":true,"href":"https:\/\/www.szexshopbelvaros.com\/en\/wp-json\/wp\/v2\/product_cat?post=825"},{"taxonomy":"product_tag","embeddable":true,"href":"https:\/\/www.szexshopbelvaros.com\/en\/wp-json\/wp\/v2\/product_tag?post=825"}],"curies":[{"name":"wp","href":"https:\/\/api.w.org\/{rel}","templated":true}]}}