{"id":837,"date":"2025-01-31T14:47:29","date_gmt":"2025-01-31T13:47:29","guid":{"rendered":"https:\/\/www.szexshopbelvaros.com\/termek\/chisa-sassy-anal-beads\/"},"modified":"2026-04-10T15:49:29","modified_gmt":"2026-04-10T13:49:29","slug":"sassy-anal-gyongyok","status":"publish","type":"product","link":"https:\/\/www.szexshopbelvaros.com\/en\/product\/sassy-anal-gyongyok\/","title":{"rendered":"\ud83c\udf47 Sassy Anal Beads \u2013 Waiting in line has never been so enjoyable!"},"content":{"rendered":"<p data-start=\"248\" data-end=\"596\">Our <strong data-start=\"250\" data-end=\"273\">Sassy anal beads<\/strong> They give you a real, gradual experience. This waterproof, 30 cm PVC pleasure chain consists of ten purple balls of different sizes (0.5\u20132.5 cm). They follow the inner shape of your body as if reading a sphincter map. The anal training device gradually dilates. It also relaxes you during intercourse. Unisex, because it doesn&#039;t matter who you are \u2014 pleasure matters.<\/p>\n<p data-start=\"598\" data-end=\"894\">Perfect for beginners and advanced users alike, Sassy anal beads are also great as sex toys for both men and women.<br data-start=\"708\" data-end=\"711\" \/>It glides on with water-based lubricant, like the first date excuses. All you need before and after is lukewarm soapy water and a device cleaner.<br data-start=\"842\" data-end=\"845\" \/>Afterwards, you will definitely only need pleasure.<\/p>\n<p>\ud83d\udc49 If love this toy then <strong data-start=\"529\" data-end=\"576\">check out the rest of <a href=\"https:\/\/www.szexshopbelvaros.com\/en\/product-category\/anal\/analdugok-prosztatamaszirozok\/\">our anal delicacies<\/a> :<\/strong>\u00a0guaranteed butt happiness. \ud83c\udf51\ud83d\udc9c<\/p>\n<p data-start=\"146\" data-end=\"305\">\ud83d\udc49 Order from <strong data-start=\"206\" data-end=\"234\"><a class=\"decorated-link\" href=\"http:\/\/www.szexshopbelvaros.com\/en\/\" target=\"_new\" rel=\"noopener\" data-start=\"208\" data-end=\"232\">www.szexshopbelvaros.com<\/a><\/strong> \u2014 where there is always something waiting to move you\u2026 inside too. \ud83d\ude09\ud83d\udc9c<\/p>\n<p data-start=\"307\" data-end=\"382\" data-is-last-node=\"\" data-is-only-node=\"\">","protected":false},"excerpt":{"rendered":"<p>A Sassy an\u00e1l gy\u00f6ngy\u00f6k igazi, fokozatos \u00e9lm\u00e9nyt adnak. Ez a v\u00edz\u00e1ll\u00f3, 30 centis PVC \u00f6r\u00f6ml\u00e1nc t\u00edz k\u00fcl\u00f6nb\u00f6z\u0151 m\u00e9ret\u0171 (0,5\u20132,5 cm) lila goly\u00f3b\u00f3l \u00e1ll. \u00dagy k\u00f6vetik a tested bels\u0151 form\u00e1j\u00e1t, mintha z\u00e1r\u00f3izomt\u00e9rk\u00e9pet olvasn\u00e1nak. Az an\u00e1l tr\u00e9ning eszk\u00f6z fokozatosan t\u00e1g\u00edt. Aktus k\u00f6zben is laz\u00edt rajtad. Uniszex, mert mindegy, ki vagy \u2014 az \u00e9lvezet sz\u00e1m\u00edt. Kezd\u0151knek \u00e9s halad\u00f3knak [&#8230;]\n","protected":false},"featured_media":2046,"comment_status":"closed","ping_status":"closed","template":"","meta":[],"product_brand":[67],"product_cat":[135,86],"product_tag":[1810,1809,423,684,1802,1803,418,676,694,1392,1393,424,2394,696,836,1805,1381,1318,1751,1804,698,695,1904,426,1806,1807,1811],"class_list":{"0":"post-837","1":"product","2":"type-product","3":"status-publish","4":"has-post-thumbnail","6":"product_brand-chisa-novelties","7":"product_cat-anal","8":"product_cat-analdugok-prosztata-masszirozok","9":"product_tag-advanced-anal-toy","10":"product_tag-anal-bead-chain","11":"product_tag-anal-beads","12":"product_tag-anal-dugo","13":"product_tag-anal-gyongy","14":"product_tag-anal-gyongysor","15":"product_tag-anal-jatek","16":"product_tag-anal-play","17":"product_tag-anal-plug","18":"product_tag-anal-stimulacio","19":"product_tag-anal-stimulation","20":"product_tag-anal-toy","21":"product_tag-analis-golyok","22":"product_tag-beginner-anal-toy","23":"product_tag-flexible-anal-beads","24":"product_tag-halado-anal-jatek","25":"product_tag-hatso-jatek","26":"product_tag-intimate-toy","27":"product_tag-kezdo-anal-jatek","28":"product_tag-lila-anal-gyongy","29":"product_tag-p-spot-toy","30":"product_tag-prostate-massager","31":"product_tag-prosztata-masszirozo","32":"product_tag-purple-anal-beads","33":"product_tag-rugalmas-anal-jatek","34":"product_tag-vizallo-anal-jatek","35":"product_tag-waterproof-anal-toy","37":"first","38":"instock","39":"taxable","40":"shipping-taxable","41":"purchasable","42":"product-type-simple"},"yoast_head":"<!-- This site is optimized with the Yoast SEO plugin v27.4 - https:\/\/yoast.com\/product\/yoast-seo-wordpress\/ -->\n<title>Sassy an\u00e1l gy\u00f6ngy\u00f6k \u2013 \u00e9lvezet fokozatosan | Szexshop Belvaros<\/title>\n<meta name=\"description\" content=\"A Sassy an\u00e1l gy\u00f6ngy\u00f6k fokozatos, lila \u00e9lm\u00e9nyt ad kezd\u0151knek \u00e9s halad\u00f3knak. V\u00edz\u00e1ll\u00f3, hajl\u00e9kony, 30 cm-es \u00f6r\u00f6ml\u00e1nc minden finoms\u00e1ghoz. Rendeld meg n\u00e1lunk!\" \/>\n<meta name=\"robots\" content=\"index, follow, max-snippet:-1, max-image-preview:large, max-video-preview:-1\" \/>\n<link rel=\"canonical\" href=\"https:\/\/www.szexshopbelvaros.com\/en\/product\/sassy-anal-gyongyok\/\" \/>\n<meta property=\"og:locale\" content=\"en_US\" \/>\n<meta property=\"og:type\" content=\"article\" \/>\n<meta property=\"og:title\" content=\"Sassy an\u00e1l gy\u00f6ngy\u00f6k \u2013 \u00e9lvezet fokozatosan | Szexshop Belvaros\" \/>\n<meta property=\"og:description\" content=\"A Sassy an\u00e1l gy\u00f6ngy\u00f6k fokozatos, lila \u00e9lm\u00e9nyt ad kezd\u0151knek \u00e9s halad\u00f3knak. V\u00edz\u00e1ll\u00f3, hajl\u00e9kony, 30 cm-es \u00f6r\u00f6ml\u00e1nc minden finoms\u00e1ghoz. Rendeld meg n\u00e1lunk!\" \/>\n<meta property=\"og:url\" content=\"https:\/\/www.szexshopbelvaros.com\/en\/product\/sassy-anal-gyongyok\/\" \/>\n<meta property=\"og:site_name\" content=\"Szexshop Belvaros\" \/>\n<meta property=\"article:publisher\" content=\"https:\/\/www.facebook.com\/belvarossecrets\/\" \/>\n<meta property=\"article:modified_time\" content=\"2026-04-10T13:49:29+00:00\" \/>\n<meta property=\"og:image\" content=\"https:\/\/www.szexshopbelvaros.com\/wp-content\/uploads\/2025\/01\/6909d8222b664a8501efd2ff.png\" \/>\n\t<meta property=\"og:image:width\" content=\"1000\" \/>\n\t<meta property=\"og:image:height\" content=\"563\" \/>\n\t<meta property=\"og:image:type\" content=\"image\/png\" \/>\n<meta name=\"twitter:card\" content=\"summary_large_image\" \/>\n<meta name=\"twitter:site\" content=\"@belvarossecrets\" \/>\n<meta name=\"twitter:label1\" content=\"Est. reading time\" \/>\n\t<meta name=\"twitter:data1\" content=\"1 minute\" \/>\n<script type=\"application\/ld+json\" class=\"yoast-schema-graph\">{\"@context\":\"https:\\\/\\\/schema.org\",\"@graph\":[{\"@type\":\"WebPage\",\"@id\":\"https:\\\/\\\/www.szexshopbelvaros.com\\\/termek\\\/sassy-anal-gyongyok\\\/\",\"url\":\"https:\\\/\\\/www.szexshopbelvaros.com\\\/termek\\\/sassy-anal-gyongyok\\\/\",\"name\":\"Sassy an\u00e1l gy\u00f6ngy\u00f6k \u2013 \u00e9lvezet fokozatosan | Szexshop Belvaros\",\"isPartOf\":{\"@id\":\"https:\\\/\\\/www.szexshopbelvaros.com\\\/#website\"},\"primaryImageOfPage\":{\"@id\":\"https:\\\/\\\/www.szexshopbelvaros.com\\\/termek\\\/sassy-anal-gyongyok\\\/#primaryimage\"},\"image\":{\"@id\":\"https:\\\/\\\/www.szexshopbelvaros.com\\\/termek\\\/sassy-anal-gyongyok\\\/#primaryimage\"},\"thumbnailUrl\":\"https:\\\/\\\/www.szexshopbelvaros.com\\\/wp-content\\\/uploads\\\/2025\\\/01\\\/6909d8222b664a8501efd2ff.png\",\"datePublished\":\"2025-01-31T13:47:29+00:00\",\"dateModified\":\"2026-04-10T13:49:29+00:00\",\"description\":\"A Sassy an\u00e1l gy\u00f6ngy\u00f6k fokozatos, lila \u00e9lm\u00e9nyt ad kezd\u0151knek \u00e9s halad\u00f3knak. V\u00edz\u00e1ll\u00f3, hajl\u00e9kony, 30 cm-es \u00f6r\u00f6ml\u00e1nc minden finoms\u00e1ghoz. Rendeld meg n\u00e1lunk!\",\"breadcrumb\":{\"@id\":\"https:\\\/\\\/www.szexshopbelvaros.com\\\/termek\\\/sassy-anal-gyongyok\\\/#breadcrumb\"},\"inLanguage\":\"en-US\",\"potentialAction\":[{\"@type\":\"ReadAction\",\"target\":[\"https:\\\/\\\/www.szexshopbelvaros.com\\\/termek\\\/sassy-anal-gyongyok\\\/\"]}]},{\"@type\":\"ImageObject\",\"inLanguage\":\"en-US\",\"@id\":\"https:\\\/\\\/www.szexshopbelvaros.com\\\/termek\\\/sassy-anal-gyongyok\\\/#primaryimage\",\"url\":\"https:\\\/\\\/www.szexshopbelvaros.com\\\/wp-content\\\/uploads\\\/2025\\\/01\\\/6909d8222b664a8501efd2ff.png\",\"contentUrl\":\"https:\\\/\\\/www.szexshopbelvaros.com\\\/wp-content\\\/uploads\\\/2025\\\/01\\\/6909d8222b664a8501efd2ff.png\",\"width\":1000,\"height\":563,\"caption\":\"Sassy an\u00e1l gy\u00f6ngy\u00f6k lila szexj\u00e1t\u00e9k \u2013 Szexshop Belvaros Sassy anal beads purple sex toy \u2013 Szexshop Belvaros\"},{\"@type\":\"BreadcrumbList\",\"@id\":\"https:\\\/\\\/www.szexshopbelvaros.com\\\/termek\\\/sassy-anal-gyongyok\\\/#breadcrumb\",\"itemListElement\":[{\"@type\":\"ListItem\",\"position\":1,\"name\":\"Home\",\"item\":\"https:\\\/\\\/www.szexshopbelvaros.com\\\/\"},{\"@type\":\"ListItem\",\"position\":2,\"name\":\"\u00c1ruh\u00e1z\",\"item\":\"https:\\\/\\\/www.szexshopbelvaros.com\\\/uzlet\\\/\"},{\"@type\":\"ListItem\",\"position\":3,\"name\":\"\ud83c\udf47 Sassy An\u00e1l Gy\u00f6ngy\u00f6k \u2013 A sorban \u00e1ll\u00e1s m\u00e9g sosem volt ilyen \u00e9lvezetes!\"}]},{\"@type\":\"WebSite\",\"@id\":\"https:\\\/\\\/www.szexshopbelvaros.com\\\/#website\",\"url\":\"https:\\\/\\\/www.szexshopbelvaros.com\\\/\",\"name\":\"Szexshop Belv\u00e1ros\",\"description\":\"\ud83d\udd25 A szex olyan, mint a p\u00e9nz; csak a t\u00fal sok el\u00e9g!\u2122 Titkok a belv\u00e1rosb\u00f3l \ud83d\udc8b | Secrets from Budapest \ud83d\udc8e Feln\u0151tt j\u00e1t\u00e9kok \u2022 Erotika \u2022 Szexshop Belvaros\",\"publisher\":{\"@id\":\"https:\\\/\\\/www.szexshopbelvaros.com\\\/#organization\"},\"potentialAction\":[{\"@type\":\"SearchAction\",\"target\":{\"@type\":\"EntryPoint\",\"urlTemplate\":\"https:\\\/\\\/www.szexshopbelvaros.com\\\/?s={search_term_string}\"},\"query-input\":{\"@type\":\"PropertyValueSpecification\",\"valueRequired\":true,\"valueName\":\"search_term_string\"}}],\"inLanguage\":\"en-US\"},{\"@type\":\"Organization\",\"@id\":\"https:\\\/\\\/www.szexshopbelvaros.com\\\/#organization\",\"name\":\"Szexshop Belv\u00e1ros\",\"alternateName\":\"szexshopbelvaros.com\",\"url\":\"https:\\\/\\\/www.szexshopbelvaros.com\\\/\",\"logo\":{\"@type\":\"ImageObject\",\"inLanguage\":\"en-US\",\"@id\":\"https:\\\/\\\/www.szexshopbelvaros.com\\\/#\\\/schema\\\/logo\\\/image\\\/\",\"url\":\"https:\\\/\\\/www.szexshopbelvaros.com\\\/wp-content\\\/uploads\\\/2025\\\/09\\\/1Szexshopbelvaroslogo_blurred_stronger.jpg\",\"contentUrl\":\"https:\\\/\\\/www.szexshopbelvaros.com\\\/wp-content\\\/uploads\\\/2025\\\/09\\\/1Szexshopbelvaroslogo_blurred_stronger.jpg\",\"width\":1024,\"height\":1024,\"caption\":\"Szexshop Belv\u00e1ros\"},\"image\":{\"@id\":\"https:\\\/\\\/www.szexshopbelvaros.com\\\/#\\\/schema\\\/logo\\\/image\\\/\"},\"sameAs\":[\"https:\\\/\\\/www.facebook.com\\\/belvarossecrets\\\/\",\"https:\\\/\\\/x.com\\\/belvarossecrets\",\"https:\\\/\\\/www.instagram.com\\\/belvarossecrets\\\/\",\"https:\\\/\\\/www.tiktok.com\\\/@belvarossecrets\"]}]}<\/script>\n<!-- \/ Yoast SEO plugin. -->","yoast_head_json":{"title":"Sassy anal beads \u2013 pleasure gradually | Sex shop Belvaros","description":"Sassy anal beads provide a gradual, purple experience for beginners and advanced users. Waterproof, flexible, 30 cm pleasure chain for all pleasures. Order from us!","robots":{"index":"index","follow":"follow","max-snippet":"max-snippet:-1","max-image-preview":"max-image-preview:large","max-video-preview":"max-video-preview:-1"},"canonical":"https:\/\/www.szexshopbelvaros.com\/en\/product\/sassy-anal-gyongyok\/","og_locale":"en_US","og_type":"article","og_title":"Sassy an\u00e1l gy\u00f6ngy\u00f6k \u2013 \u00e9lvezet fokozatosan | Szexshop Belvaros","og_description":"A Sassy an\u00e1l gy\u00f6ngy\u00f6k fokozatos, lila \u00e9lm\u00e9nyt ad kezd\u0151knek \u00e9s halad\u00f3knak. V\u00edz\u00e1ll\u00f3, hajl\u00e9kony, 30 cm-es \u00f6r\u00f6ml\u00e1nc minden finoms\u00e1ghoz. Rendeld meg n\u00e1lunk!","og_url":"https:\/\/www.szexshopbelvaros.com\/en\/product\/sassy-anal-gyongyok\/","og_site_name":"Szexshop Belvaros","article_publisher":"https:\/\/www.facebook.com\/belvarossecrets\/","article_modified_time":"2026-04-10T13:49:29+00:00","og_image":[{"width":1000,"height":563,"url":"https:\/\/www.szexshopbelvaros.com\/wp-content\/uploads\/2025\/01\/6909d8222b664a8501efd2ff.png","type":"image\/png"}],"twitter_card":"summary_large_image","twitter_site":"@belvarossecrets","twitter_misc":{"Est. reading time":"1 minute"},"schema":{"@context":"https:\/\/schema.org","@graph":[{"@type":"WebPage","@id":"https:\/\/www.szexshopbelvaros.com\/termek\/sassy-anal-gyongyok\/","url":"https:\/\/www.szexshopbelvaros.com\/termek\/sassy-anal-gyongyok\/","name":"Sassy anal beads \u2013 pleasure gradually | Sex shop Belvaros","isPartOf":{"@id":"https:\/\/www.szexshopbelvaros.com\/#website"},"primaryImageOfPage":{"@id":"https:\/\/www.szexshopbelvaros.com\/termek\/sassy-anal-gyongyok\/#primaryimage"},"image":{"@id":"https:\/\/www.szexshopbelvaros.com\/termek\/sassy-anal-gyongyok\/#primaryimage"},"thumbnailUrl":"https:\/\/www.szexshopbelvaros.com\/wp-content\/uploads\/2025\/01\/6909d8222b664a8501efd2ff.png","datePublished":"2025-01-31T13:47:29+00:00","dateModified":"2026-04-10T13:49:29+00:00","description":"Sassy anal beads provide a gradual, purple experience for beginners and advanced users. Waterproof, flexible, 30 cm pleasure chain for all pleasures. Order from us!","breadcrumb":{"@id":"https:\/\/www.szexshopbelvaros.com\/termek\/sassy-anal-gyongyok\/#breadcrumb"},"inLanguage":"en-US","potentialAction":[{"@type":"ReadAction","target":["https:\/\/www.szexshopbelvaros.com\/termek\/sassy-anal-gyongyok\/"]}]},{"@type":"ImageObject","inLanguage":"en-US","@id":"https:\/\/www.szexshopbelvaros.com\/termek\/sassy-anal-gyongyok\/#primaryimage","url":"https:\/\/www.szexshopbelvaros.com\/wp-content\/uploads\/2025\/01\/6909d8222b664a8501efd2ff.png","contentUrl":"https:\/\/www.szexshopbelvaros.com\/wp-content\/uploads\/2025\/01\/6909d8222b664a8501efd2ff.png","width":1000,"height":563,"caption":"Sassy an\u00e1l gy\u00f6ngy\u00f6k lila szexj\u00e1t\u00e9k \u2013 Szexshop Belvaros Sassy anal beads purple sex toy \u2013 Szexshop Belvaros"},{"@type":"BreadcrumbList","@id":"https:\/\/www.szexshopbelvaros.com\/termek\/sassy-anal-gyongyok\/#breadcrumb","itemListElement":[{"@type":"ListItem","position":1,"name":"Home","item":"https:\/\/www.szexshopbelvaros.com\/"},{"@type":"ListItem","position":2,"name":"\u00c1ruh\u00e1z","item":"https:\/\/www.szexshopbelvaros.com\/uzlet\/"},{"@type":"ListItem","position":3,"name":"\ud83c\udf47 Sassy An\u00e1l Gy\u00f6ngy\u00f6k \u2013 A sorban \u00e1ll\u00e1s m\u00e9g sosem volt ilyen \u00e9lvezetes!"}]},{"@type":"WebSite","@id":"https:\/\/www.szexshopbelvaros.com\/#website","url":"https:\/\/www.szexshopbelvaros.com\/","name":"at our Szexshop Belv\u00e1ros","description":"\ud83d\udd25 Sex is like money; only too much is enough!\u2122 Secrets from the city center \ud83d\udc8b | Secrets from Budapest \ud83d\udc8e Adult games \u2022 Erotica \u2022 Sex shop Belvaros","publisher":{"@id":"https:\/\/www.szexshopbelvaros.com\/#organization"},"potentialAction":[{"@type":"SearchAction","target":{"@type":"EntryPoint","urlTemplate":"https:\/\/www.szexshopbelvaros.com\/?s={search_term_string}"},"query-input":{"@type":"PropertyValueSpecification","valueRequired":true,"valueName":"search_term_string"}}],"inLanguage":"en-US"},{"@type":"Organization","@id":"https:\/\/www.szexshopbelvaros.com\/#organization","name":"at our Szexshop Belv\u00e1ros","alternateName":"szexshopbelvaros.com","url":"https:\/\/www.szexshopbelvaros.com\/","logo":{"@type":"ImageObject","inLanguage":"en-US","@id":"https:\/\/www.szexshopbelvaros.com\/#\/schema\/logo\/image\/","url":"https:\/\/www.szexshopbelvaros.com\/wp-content\/uploads\/2025\/09\/1Szexshopbelvaroslogo_blurred_stronger.jpg","contentUrl":"https:\/\/www.szexshopbelvaros.com\/wp-content\/uploads\/2025\/09\/1Szexshopbelvaroslogo_blurred_stronger.jpg","width":1024,"height":1024,"caption":"Szexshop Belv\u00e1ros"},"image":{"@id":"https:\/\/www.szexshopbelvaros.com\/#\/schema\/logo\/image\/"},"sameAs":["https:\/\/www.facebook.com\/belvarossecrets\/","https:\/\/x.com\/belvarossecrets","https:\/\/www.instagram.com\/belvarossecrets\/","https:\/\/www.tiktok.com\/@belvarossecrets"]}]}},"_links":{"self":[{"href":"https:\/\/www.szexshopbelvaros.com\/en\/wp-json\/wp\/v2\/product\/837","targetHints":{"allow":["GET"]}}],"collection":[{"href":"https:\/\/www.szexshopbelvaros.com\/en\/wp-json\/wp\/v2\/product"}],"about":[{"href":"https:\/\/www.szexshopbelvaros.com\/en\/wp-json\/wp\/v2\/types\/product"}],"replies":[{"embeddable":true,"href":"https:\/\/www.szexshopbelvaros.com\/en\/wp-json\/wp\/v2\/comments?post=837"}],"wp:featuredmedia":[{"embeddable":true,"href":"https:\/\/www.szexshopbelvaros.com\/en\/wp-json\/wp\/v2\/media\/2046"}],"wp:attachment":[{"href":"https:\/\/www.szexshopbelvaros.com\/en\/wp-json\/wp\/v2\/media?parent=837"}],"wp:term":[{"taxonomy":"product_brand","embeddable":true,"href":"https:\/\/www.szexshopbelvaros.com\/en\/wp-json\/wp\/v2\/product_brand?post=837"},{"taxonomy":"product_cat","embeddable":true,"href":"https:\/\/www.szexshopbelvaros.com\/en\/wp-json\/wp\/v2\/product_cat?post=837"},{"taxonomy":"product_tag","embeddable":true,"href":"https:\/\/www.szexshopbelvaros.com\/en\/wp-json\/wp\/v2\/product_tag?post=837"}],"curies":[{"name":"wp","href":"https:\/\/api.w.org\/{rel}","templated":true}]}}