{"id":843,"date":"2025-01-31T14:47:29","date_gmt":"2025-01-31T13:47:29","guid":{"rendered":"https:\/\/www.szexshopbelvaros.com\/termek\/hot-anal-superglide-100-ml-waterbased-lubricant\/"},"modified":"2026-04-14T17:11:34","modified_gmt":"2026-04-14T15:11:34","slug":"anal-superglide-100-ml-sikosito","status":"publish","type":"product","link":"https:\/\/www.szexshopbelvaros.com\/en\/product\/anal-superglide-100-ml-sikosito\/","title":{"rendered":"Anal Superglide 100 ml \u2013 When it comes to anal, make it slippery!"},"content":{"rendered":"<p data-start=\"412\" data-end=\"523\">Not everyone likes to be surprised from behind... but if you do, at least it should be a real surprise! \ud83d\ude09 <strong data-start=\"717\" data-end=\"752\">Superglide anal lubricant 100 ml<\/strong> was designed specifically to make anal sex not \"aaaaaah, no!\" but \"aaaaahhh, more!\".<\/p>\n<p data-start=\"525\" data-end=\"662\">Anal Superglide 100 ml is a water-based anal lubricant designed to make anal play enjoyable, not unpleasant.<\/p>\n<p data-start=\"664\" data-end=\"820\">It&#039;s non-sticky, doesn&#039;t dry out too quickly, and is easy to use. Plus, it works well with sex toys and condoms, making it a reliable choice in any situation.<\/p>\n<p data-start=\"822\" data-end=\"845\"><strong data-start=\"822\" data-end=\"845\">Why is it a good choice?<\/strong><\/p>\n<p data-start=\"847\" data-end=\"995\">\ud83d\udca6 Smooth, durable glide<br data-start=\"876\" data-end=\"879\" \/>\ud83c\udf51 Skin-friendly, mucous membrane-friendly formula<br data-start=\"919\" data-end=\"922\" \/>\ud83c\udf7c 100 ml practical packaging<br data-start=\"952\" data-end=\"955\" \/>\ud83c\udfaf Specifically designed for anal play<\/p>\n<p data-start=\"997\" data-end=\"1173\">If you&#039;re new to anal sex, this lube will help you get started comfortably. And if you&#039;re more experienced, you know exactly how important proper lubrication is.<\/p>\n<p data-start=\"1175\" data-end=\"1318\">This anal gel provides a balanced experience: control, comfort, and continuous glide. Just what you expect from a good anal lubricant.<\/p>\n<p data-start=\"1299\" data-end=\"1473\">It's worth checking out the rest of our <a href=\"https:\/\/www.szexshopbelvaros.com\/en\/product-category\/anal\/anal-relax-sikositok\/\">anal lubricant<\/a> items!<\/p>\n<p data-start=\"1299\" data-end=\"1473\">\ud83d\udc49 Get it within an hour at our Budapest SzexShop Belv\u00e1ros <a href=\"https:\/\/wolt.com\/hu\/hun\/budapest\/venue\/szexshop-belvaros\/hot-anal-superglide-100-ml-waterbased-lubricant-itemid-7f3bb30da2f9f12a1a469eeb\">Wolt store<\/a>, or order here at <strong data-start=\"738\" data-end=\"766\"><a class=\"decorated-link\" href=\"http:\/\/www.szexshopbelvaros.com\/en\/\" target=\"_new\" rel=\"noopener\" data-start=\"740\" data-end=\"764\">www.szexshopbelvaros.com<\/a><\/strong> . We deliver to the entire territory of Hungary and the EU.<\/p>","protected":false},"excerpt":{"rendered":"<p>Nem mindenki szeret h\u00e1tulr\u00f3l meglepet\u00e9st kapni\u2026 de ha m\u00e9gis, akkor legal\u00e1bb legyen kir\u00e1lyul megcs\u00fasztatva! \ud83d\ude09 Az an\u00e1l s\u00edkos\u00edt\u00f3 Superglide 100 ml pont arra k\u00e9sz\u00fclt, hogy az an\u00e1l ne \u201e\u00e1\u00e1\u00e1j, ne!\u201d, hanem \u201e\u00e1\u00e1\u00e1hhh, m\u00e9g!\u201d legyen. Az An\u00e1l Superglide 100 ml egy v\u00edzb\u00e1zis\u00fa an\u00e1l s\u00edkos\u00edt\u00f3, amelyet arra terveztek, hogy a h\u00e1ts\u00f3 j\u00e1t\u00e9k ne kellemetlen, hanem \u00e9lvezetes legyen. [&#8230;]\n","protected":false},"featured_media":2120,"comment_status":"closed","ping_status":"closed","template":"","meta":[],"product_brand":[98],"product_cat":[135,74],"product_tag":[418,677,676,1685,339,1392,1393,2462,1696,1715,1381,2463,1697,499,1318,1712,1714,1684,2464,1695,1711,346],"class_list":{"0":"post-843","1":"product","2":"type-product","3":"status-publish","4":"has-post-thumbnail","6":"product_brand-hot","7":"product_cat-anal","8":"product_cat-anal-relax-sikositok","9":"product_tag-anal-jatek","10":"product_tag-anal-lubricant","11":"product_tag-anal-play","12":"product_tag-anal-preparation","13":"product_tag-anal-sikosito","14":"product_tag-anal-stimulacio","15":"product_tag-anal-stimulation","16":"product_tag-anal-superglide","17":"product_tag-beginner-friendly-lube","18":"product_tag-diszkret-meret","19":"product_tag-hatso-jatek","20":"product_tag-hot-anal-superglide","21":"product_tag-hot-lubricant","22":"product_tag-intimate-lubricant","23":"product_tag-intimate-toy","24":"product_tag-kezdo-barat","25":"product_tag-kompakt-kiszereles","26":"product_tag-relax-gel","27":"product_tag-superglide","28":"product_tag-travel-size-lube","29":"product_tag-utazo-meret","30":"product_tag-water-based-lube","32":"first","33":"instock","34":"taxable","35":"shipping-taxable","36":"purchasable","37":"product-type-simple"},"yoast_head":"<!-- This site is optimized with the Yoast SEO plugin v27.4 - https:\/\/yoast.com\/product\/yoast-seo-wordpress\/ -->\n<title>An\u00e1l s\u00edkos\u00edt\u00f3 Superglide 100 ml \u2013 extra cs\u00fasz\u00e1s | Szexshop Belvaros<\/title>\n<meta name=\"description\" content=\"An\u00e1l s\u00edkos\u00edt\u00f3 Superglide 100 ml v\u00edzb\u00e1zis\u00fa formul\u00e1val a sim\u00e1bb, k\u00e9nyelmesebb j\u00e1t\u00e9k\u00e9rt. Diszkr\u00e9t rendel\u00e9s a Szexshop Belvaros k\u00edn\u00e1lat\u00e1b\u00f3l.\" \/>\n<meta name=\"robots\" content=\"index, follow, max-snippet:-1, max-image-preview:large, max-video-preview:-1\" \/>\n<link rel=\"canonical\" href=\"https:\/\/www.szexshopbelvaros.com\/en\/product\/anal-superglide-100-ml-sikosito\/\" \/>\n<meta property=\"og:locale\" content=\"en_US\" \/>\n<meta property=\"og:type\" content=\"article\" \/>\n<meta property=\"og:title\" content=\"An\u00e1l s\u00edkos\u00edt\u00f3 Superglide 100 ml \u2013 extra cs\u00fasz\u00e1s | Szexshop Belvaros\" \/>\n<meta property=\"og:description\" content=\"An\u00e1l s\u00edkos\u00edt\u00f3 Superglide 100 ml v\u00edzb\u00e1zis\u00fa formul\u00e1val a sim\u00e1bb, k\u00e9nyelmesebb j\u00e1t\u00e9k\u00e9rt. Diszkr\u00e9t rendel\u00e9s a Szexshop Belvaros k\u00edn\u00e1lat\u00e1b\u00f3l.\" \/>\n<meta property=\"og:url\" content=\"https:\/\/www.szexshopbelvaros.com\/en\/product\/anal-superglide-100-ml-sikosito\/\" \/>\n<meta property=\"og:site_name\" content=\"Szexshop Belvaros\" \/>\n<meta property=\"article:publisher\" content=\"https:\/\/www.facebook.com\/belvarossecrets\/\" \/>\n<meta property=\"article:modified_time\" content=\"2026-04-14T15:11:34+00:00\" \/>\n<meta property=\"og:image\" content=\"https:\/\/www.szexshopbelvaros.com\/wp-content\/uploads\/2025\/01\/analsuper.png\" \/>\n\t<meta property=\"og:image:width\" content=\"1000\" \/>\n\t<meta property=\"og:image:height\" content=\"563\" \/>\n\t<meta property=\"og:image:type\" content=\"image\/png\" \/>\n<meta name=\"twitter:card\" content=\"summary_large_image\" \/>\n<meta name=\"twitter:site\" content=\"@belvarossecrets\" \/>\n<meta name=\"twitter:label1\" content=\"Est. reading time\" \/>\n\t<meta name=\"twitter:data1\" content=\"2 minutes\" \/>\n<script type=\"application\/ld+json\" class=\"yoast-schema-graph\">{\"@context\":\"https:\\\/\\\/schema.org\",\"@graph\":[{\"@type\":\"WebPage\",\"@id\":\"https:\\\/\\\/www.szexshopbelvaros.com\\\/termek\\\/anal-superglide-100-ml-sikosito\\\/\",\"url\":\"https:\\\/\\\/www.szexshopbelvaros.com\\\/termek\\\/anal-superglide-100-ml-sikosito\\\/\",\"name\":\"An\u00e1l s\u00edkos\u00edt\u00f3 Superglide 100 ml \u2013 extra cs\u00fasz\u00e1s | Szexshop Belvaros\",\"isPartOf\":{\"@id\":\"https:\\\/\\\/www.szexshopbelvaros.com\\\/#website\"},\"primaryImageOfPage\":{\"@id\":\"https:\\\/\\\/www.szexshopbelvaros.com\\\/termek\\\/anal-superglide-100-ml-sikosito\\\/#primaryimage\"},\"image\":{\"@id\":\"https:\\\/\\\/www.szexshopbelvaros.com\\\/termek\\\/anal-superglide-100-ml-sikosito\\\/#primaryimage\"},\"thumbnailUrl\":\"https:\\\/\\\/www.szexshopbelvaros.com\\\/wp-content\\\/uploads\\\/2025\\\/01\\\/analsuper.png\",\"datePublished\":\"2025-01-31T13:47:29+00:00\",\"dateModified\":\"2026-04-14T15:11:34+00:00\",\"description\":\"An\u00e1l s\u00edkos\u00edt\u00f3 Superglide 100 ml v\u00edzb\u00e1zis\u00fa formul\u00e1val a sim\u00e1bb, k\u00e9nyelmesebb j\u00e1t\u00e9k\u00e9rt. Diszkr\u00e9t rendel\u00e9s a Szexshop Belvaros k\u00edn\u00e1lat\u00e1b\u00f3l.\",\"breadcrumb\":{\"@id\":\"https:\\\/\\\/www.szexshopbelvaros.com\\\/termek\\\/anal-superglide-100-ml-sikosito\\\/#breadcrumb\"},\"inLanguage\":\"en-US\",\"potentialAction\":[{\"@type\":\"ReadAction\",\"target\":[\"https:\\\/\\\/www.szexshopbelvaros.com\\\/termek\\\/anal-superglide-100-ml-sikosito\\\/\"]}]},{\"@type\":\"ImageObject\",\"inLanguage\":\"en-US\",\"@id\":\"https:\\\/\\\/www.szexshopbelvaros.com\\\/termek\\\/anal-superglide-100-ml-sikosito\\\/#primaryimage\",\"url\":\"https:\\\/\\\/www.szexshopbelvaros.com\\\/wp-content\\\/uploads\\\/2025\\\/01\\\/analsuper.png\",\"contentUrl\":\"https:\\\/\\\/www.szexshopbelvaros.com\\\/wp-content\\\/uploads\\\/2025\\\/01\\\/analsuper.png\",\"width\":1000,\"height\":563,\"caption\":\"HU: An\u00e1l s\u00edkos\u00edt\u00f3 Superglide 100 ml v\u00edzb\u00e1zis\u00fa intim g\u00e9l an\u00e1l j\u00e1t\u00e9khoz EN: Anal lubricant Superglide 100 ml water-based intimate gel for anal play\"},{\"@type\":\"BreadcrumbList\",\"@id\":\"https:\\\/\\\/www.szexshopbelvaros.com\\\/termek\\\/anal-superglide-100-ml-sikosito\\\/#breadcrumb\",\"itemListElement\":[{\"@type\":\"ListItem\",\"position\":1,\"name\":\"Home\",\"item\":\"https:\\\/\\\/www.szexshopbelvaros.com\\\/\"},{\"@type\":\"ListItem\",\"position\":2,\"name\":\"\u00c1ruh\u00e1z\",\"item\":\"https:\\\/\\\/www.szexshopbelvaros.com\\\/uzlet\\\/\"},{\"@type\":\"ListItem\",\"position\":3,\"name\":\"An\u00e1l Superglide 100 ml \u2013 Ha m\u00e1r h\u00e1ts\u00f3, legyen cs\u00fasz\u00f3s!\"}]},{\"@type\":\"WebSite\",\"@id\":\"https:\\\/\\\/www.szexshopbelvaros.com\\\/#website\",\"url\":\"https:\\\/\\\/www.szexshopbelvaros.com\\\/\",\"name\":\"Szexshop Belv\u00e1ros\",\"description\":\"\ud83d\udd25 A szex olyan, mint a p\u00e9nz; csak a t\u00fal sok el\u00e9g!\u2122 Titkok a belv\u00e1rosb\u00f3l \ud83d\udc8b | Secrets from Budapest \ud83d\udc8e Feln\u0151tt j\u00e1t\u00e9kok \u2022 Erotika \u2022 Szexshop Belvaros\",\"publisher\":{\"@id\":\"https:\\\/\\\/www.szexshopbelvaros.com\\\/#organization\"},\"potentialAction\":[{\"@type\":\"SearchAction\",\"target\":{\"@type\":\"EntryPoint\",\"urlTemplate\":\"https:\\\/\\\/www.szexshopbelvaros.com\\\/?s={search_term_string}\"},\"query-input\":{\"@type\":\"PropertyValueSpecification\",\"valueRequired\":true,\"valueName\":\"search_term_string\"}}],\"inLanguage\":\"en-US\"},{\"@type\":\"Organization\",\"@id\":\"https:\\\/\\\/www.szexshopbelvaros.com\\\/#organization\",\"name\":\"Szexshop Belv\u00e1ros\",\"alternateName\":\"szexshopbelvaros.com\",\"url\":\"https:\\\/\\\/www.szexshopbelvaros.com\\\/\",\"logo\":{\"@type\":\"ImageObject\",\"inLanguage\":\"en-US\",\"@id\":\"https:\\\/\\\/www.szexshopbelvaros.com\\\/#\\\/schema\\\/logo\\\/image\\\/\",\"url\":\"https:\\\/\\\/www.szexshopbelvaros.com\\\/wp-content\\\/uploads\\\/2025\\\/09\\\/1Szexshopbelvaroslogo_blurred_stronger.jpg\",\"contentUrl\":\"https:\\\/\\\/www.szexshopbelvaros.com\\\/wp-content\\\/uploads\\\/2025\\\/09\\\/1Szexshopbelvaroslogo_blurred_stronger.jpg\",\"width\":1024,\"height\":1024,\"caption\":\"Szexshop Belv\u00e1ros\"},\"image\":{\"@id\":\"https:\\\/\\\/www.szexshopbelvaros.com\\\/#\\\/schema\\\/logo\\\/image\\\/\"},\"sameAs\":[\"https:\\\/\\\/www.facebook.com\\\/belvarossecrets\\\/\",\"https:\\\/\\\/x.com\\\/belvarossecrets\",\"https:\\\/\\\/www.instagram.com\\\/belvarossecrets\\\/\",\"https:\\\/\\\/www.tiktok.com\\\/@belvarossecrets\"]}]}<\/script>\n<!-- \/ Yoast SEO plugin. -->","yoast_head_json":{"title":"Anal lubricant Superglide 100 ml \u2013 extra slip | Sex shop Belvaros","description":"Anal lubricant Superglide 100 ml with a water-based formula for smoother, more comfortable play. Discreet order from Szexshop Belvaros.","robots":{"index":"index","follow":"follow","max-snippet":"max-snippet:-1","max-image-preview":"max-image-preview:large","max-video-preview":"max-video-preview:-1"},"canonical":"https:\/\/www.szexshopbelvaros.com\/en\/product\/anal-superglide-100-ml-sikosito\/","og_locale":"en_US","og_type":"article","og_title":"An\u00e1l s\u00edkos\u00edt\u00f3 Superglide 100 ml \u2013 extra cs\u00fasz\u00e1s | Szexshop Belvaros","og_description":"An\u00e1l s\u00edkos\u00edt\u00f3 Superglide 100 ml v\u00edzb\u00e1zis\u00fa formul\u00e1val a sim\u00e1bb, k\u00e9nyelmesebb j\u00e1t\u00e9k\u00e9rt. Diszkr\u00e9t rendel\u00e9s a Szexshop Belvaros k\u00edn\u00e1lat\u00e1b\u00f3l.","og_url":"https:\/\/www.szexshopbelvaros.com\/en\/product\/anal-superglide-100-ml-sikosito\/","og_site_name":"Szexshop Belvaros","article_publisher":"https:\/\/www.facebook.com\/belvarossecrets\/","article_modified_time":"2026-04-14T15:11:34+00:00","og_image":[{"width":1000,"height":563,"url":"https:\/\/www.szexshopbelvaros.com\/wp-content\/uploads\/2025\/01\/analsuper.png","type":"image\/png"}],"twitter_card":"summary_large_image","twitter_site":"@belvarossecrets","twitter_misc":{"Est. reading time":"2 minutes"},"schema":{"@context":"https:\/\/schema.org","@graph":[{"@type":"WebPage","@id":"https:\/\/www.szexshopbelvaros.com\/termek\/anal-superglide-100-ml-sikosito\/","url":"https:\/\/www.szexshopbelvaros.com\/termek\/anal-superglide-100-ml-sikosito\/","name":"Anal lubricant Superglide 100 ml \u2013 extra slip | Sex shop Belvaros","isPartOf":{"@id":"https:\/\/www.szexshopbelvaros.com\/#website"},"primaryImageOfPage":{"@id":"https:\/\/www.szexshopbelvaros.com\/termek\/anal-superglide-100-ml-sikosito\/#primaryimage"},"image":{"@id":"https:\/\/www.szexshopbelvaros.com\/termek\/anal-superglide-100-ml-sikosito\/#primaryimage"},"thumbnailUrl":"https:\/\/www.szexshopbelvaros.com\/wp-content\/uploads\/2025\/01\/analsuper.png","datePublished":"2025-01-31T13:47:29+00:00","dateModified":"2026-04-14T15:11:34+00:00","description":"Anal lubricant Superglide 100 ml with a water-based formula for smoother, more comfortable play. Discreet order from Szexshop Belvaros.","breadcrumb":{"@id":"https:\/\/www.szexshopbelvaros.com\/termek\/anal-superglide-100-ml-sikosito\/#breadcrumb"},"inLanguage":"en-US","potentialAction":[{"@type":"ReadAction","target":["https:\/\/www.szexshopbelvaros.com\/termek\/anal-superglide-100-ml-sikosito\/"]}]},{"@type":"ImageObject","inLanguage":"en-US","@id":"https:\/\/www.szexshopbelvaros.com\/termek\/anal-superglide-100-ml-sikosito\/#primaryimage","url":"https:\/\/www.szexshopbelvaros.com\/wp-content\/uploads\/2025\/01\/analsuper.png","contentUrl":"https:\/\/www.szexshopbelvaros.com\/wp-content\/uploads\/2025\/01\/analsuper.png","width":1000,"height":563,"caption":"HU: An\u00e1l s\u00edkos\u00edt\u00f3 Superglide 100 ml v\u00edzb\u00e1zis\u00fa intim g\u00e9l an\u00e1l j\u00e1t\u00e9khoz EN: Anal lubricant Superglide 100 ml water-based intimate gel for anal play"},{"@type":"BreadcrumbList","@id":"https:\/\/www.szexshopbelvaros.com\/termek\/anal-superglide-100-ml-sikosito\/#breadcrumb","itemListElement":[{"@type":"ListItem","position":1,"name":"Home","item":"https:\/\/www.szexshopbelvaros.com\/"},{"@type":"ListItem","position":2,"name":"\u00c1ruh\u00e1z","item":"https:\/\/www.szexshopbelvaros.com\/uzlet\/"},{"@type":"ListItem","position":3,"name":"An\u00e1l Superglide 100 ml \u2013 Ha m\u00e1r h\u00e1ts\u00f3, legyen cs\u00fasz\u00f3s!"}]},{"@type":"WebSite","@id":"https:\/\/www.szexshopbelvaros.com\/#website","url":"https:\/\/www.szexshopbelvaros.com\/","name":"at our Szexshop Belv\u00e1ros","description":"\ud83d\udd25 Sex is like money; only too much is enough!\u2122 Secrets from the city center \ud83d\udc8b | Secrets from Budapest \ud83d\udc8e Adult games \u2022 Erotica \u2022 Sex shop Belvaros","publisher":{"@id":"https:\/\/www.szexshopbelvaros.com\/#organization"},"potentialAction":[{"@type":"SearchAction","target":{"@type":"EntryPoint","urlTemplate":"https:\/\/www.szexshopbelvaros.com\/?s={search_term_string}"},"query-input":{"@type":"PropertyValueSpecification","valueRequired":true,"valueName":"search_term_string"}}],"inLanguage":"en-US"},{"@type":"Organization","@id":"https:\/\/www.szexshopbelvaros.com\/#organization","name":"at our Szexshop Belv\u00e1ros","alternateName":"szexshopbelvaros.com","url":"https:\/\/www.szexshopbelvaros.com\/","logo":{"@type":"ImageObject","inLanguage":"en-US","@id":"https:\/\/www.szexshopbelvaros.com\/#\/schema\/logo\/image\/","url":"https:\/\/www.szexshopbelvaros.com\/wp-content\/uploads\/2025\/09\/1Szexshopbelvaroslogo_blurred_stronger.jpg","contentUrl":"https:\/\/www.szexshopbelvaros.com\/wp-content\/uploads\/2025\/09\/1Szexshopbelvaroslogo_blurred_stronger.jpg","width":1024,"height":1024,"caption":"Szexshop Belv\u00e1ros"},"image":{"@id":"https:\/\/www.szexshopbelvaros.com\/#\/schema\/logo\/image\/"},"sameAs":["https:\/\/www.facebook.com\/belvarossecrets\/","https:\/\/x.com\/belvarossecrets","https:\/\/www.instagram.com\/belvarossecrets\/","https:\/\/www.tiktok.com\/@belvarossecrets"]}]}},"_links":{"self":[{"href":"https:\/\/www.szexshopbelvaros.com\/en\/wp-json\/wp\/v2\/product\/843","targetHints":{"allow":["GET"]}}],"collection":[{"href":"https:\/\/www.szexshopbelvaros.com\/en\/wp-json\/wp\/v2\/product"}],"about":[{"href":"https:\/\/www.szexshopbelvaros.com\/en\/wp-json\/wp\/v2\/types\/product"}],"replies":[{"embeddable":true,"href":"https:\/\/www.szexshopbelvaros.com\/en\/wp-json\/wp\/v2\/comments?post=843"}],"wp:featuredmedia":[{"embeddable":true,"href":"https:\/\/www.szexshopbelvaros.com\/en\/wp-json\/wp\/v2\/media\/2120"}],"wp:attachment":[{"href":"https:\/\/www.szexshopbelvaros.com\/en\/wp-json\/wp\/v2\/media?parent=843"}],"wp:term":[{"taxonomy":"product_brand","embeddable":true,"href":"https:\/\/www.szexshopbelvaros.com\/en\/wp-json\/wp\/v2\/product_brand?post=843"},{"taxonomy":"product_cat","embeddable":true,"href":"https:\/\/www.szexshopbelvaros.com\/en\/wp-json\/wp\/v2\/product_cat?post=843"},{"taxonomy":"product_tag","embeddable":true,"href":"https:\/\/www.szexshopbelvaros.com\/en\/wp-json\/wp\/v2\/product_tag?post=843"}],"curies":[{"name":"wp","href":"https:\/\/api.w.org\/{rel}","templated":true}]}}