{"id":886,"date":"2025-01-31T14:48:19","date_gmt":"2025-01-31T13:48:19","guid":{"rendered":"https:\/\/www.szexshopbelvaros.com\/termek\/lovetoy-sliding-skin-ketretegu-tapadotalpas-dildo-18cm-natur-lovetoy-slidi\/"},"modified":"2026-04-10T14:00:42","modified_gmt":"2026-04-10T12:00:42","slug":"lovetoy-sliding-skin-ketretegu-tapadotalpas-dildo-18cm-natur-lovetoy-slidi","status":"publish","type":"product","link":"https:\/\/www.szexshopbelvaros.com\/en\/product\/lovetoy-sliding-skin-ketretegu-tapadotalpas-dildo-18cm-natur-lovetoy-slidi\/","title":{"rendered":"Sliding-Skin \u2013 double-layered suction cup dildo \u2013 18cm"},"content":{"rendered":"<p>An incredibly realistic dildo with a double-layer design that almost puts the real thing to shame.<\/p>\n<p>Why is it good?<br \/>\nMade of flexible, natural-feeling material<br \/>\nPhthalate and latex free \u2013 safe for those sensitive to them<br \/>\nExtremely detailed workmanship - lifelike veins, colors, glans and testicles<br \/>\nDouble-layered \u2013 it stands properly, while the skin glides freely over the rigid frame<br \/>\nWith a strong suction cup, thanks to which it sticks to almost any smooth surface (lacquered wood, paving slabs, tiles, etc.)<br \/>\nCan also be placed in a snap-on bottom (bottom not included)<br \/>\n100% is waterproof \u2013 it contains no electrical parts, so it can be used in the bath or shower, and is easy to clean<\/p>\n<p>Pay attention to this:<br \/>\nOnly water-based lubricants should be used to lubricate the product.<br \/>\nClean and disinfect thoroughly before and after each use.<br \/>\nWhen storing, make sure that the products do not come into contact with each other or other products.<\/p>\n<p>How to use it?<br \/>\nUse the suction cup to attach this lifelike pleasurer to tiles, glass or varnished wood and push, squat or sit on it - this way your hands remain free!<br \/>\nIf you want more comfortable pampering, take it in your hands and penetrate your pussy or even your ass!<\/p>\n<p>Product specifications, features:<br \/>\nhigh quality<br \/>\nlifelike design<br \/>\nrealistic material<br \/>\nlatex-free<br \/>\nsuction cup<br \/>\nveins, glans, testicles<br \/>\ntotal length (including base): 18 cm<br \/>\ninsertable length (up to testicles): approx. 12 cm<br \/>\nbase diameter: 7 cm<br \/>\ndiameter: 3.8 cm<br \/>\ncolor: natural<br \/>\nmaterial: TPE (compliant with EU regulations, phthalate-free)<\/p>\n<p>Cleaning suggestion:<br \/>\nWash thoroughly with mild soap and lukewarm water, then rinse and let dry. Recommended: Use special cleaning agent (06302500000) \u2013 can be ordered separately.<\/p>\n<p>&nbsp;<\/p>","protected":false},"excerpt":{"rendered":"<p>P\u00e1ratlanul realisztikus dild\u00f3 szinte a val\u00f3dit is megsz\u00e9gyen\u00edt\u0151 dupla r\u00e9teg\u0171 kialak\u00edt\u00e1ssal. Mi\u00e9rt j\u00f3? Rugalmas, term\u00e9szetes \u00e9rz\u00e9st kelt\u0151 anyagb\u00f3l Phthal\u00e1t \u00e9s latexmentes &#8211; az arra \u00e9rz\u00e9kenyek is biztons\u00e1ggal haszn\u00e1lhatj\u00e1k Rendk\u00edv\u00fcl apr\u00f3l\u00e9kos kidolgozotts\u00e1g &#8211; \u00e9leth\u0171 erez\u00e9s, sz\u00ednek, makk \u00e9s her\u00e9k K\u00e9tr\u00e9teg\u0171 &#8211; megfelel\u0151en peckesen \u00e1ll, k\u00f6zben a b\u0151r szabadon siklik a merev v\u00e1zon Er\u0151s tapad\u00f3koronggal, melynek k\u00f6sz\u00f6nhet\u0151en [&#8230;]\n","protected":false},"featured_media":2874,"comment_status":"closed","ping_status":"closed","template":"","meta":[],"product_brand":[82],"product_cat":[174,137],"product_tag":[398,1109,391,389,2091,1192,1318,1108,385,2088,1116,2087,2086,644,2092,322,220,2089,2094],"class_list":{"0":"post-886","1":"product","2":"type-product","3":"status-publish","4":"has-post-thumbnail","6":"product_brand-lovetoy","7":"product_cat-klasszikus-dildok","8":"product_cat-mupeniszek","9":"product_tag-adult-toy","10":"product_tag-classic-dildo","11":"product_tag-dildo","12":"product_tag-felnott-jatek","13":"product_tag-hagyomanyos-dildo","14":"product_tag-intim-jatek","15":"product_tag-intimate-toy","16":"product_tag-klasszikus-dildo","17":"product_tag-mupenisz","18":"product_tag-nem-vibralos-dildo","19":"product_tag-non-vibrating-dildo","20":"product_tag-pleasure-toy","21":"product_tag-realista-dildo","22":"product_tag-realistic-dildo","23":"product_tag-silicone-dildo","24":"product_tag-szexjatek","25":"product_tag-szexshop-belvaros","26":"product_tag-szilikon-dildo","27":"product_tag-traditional-dildo","29":"first","30":"instock","31":"taxable","32":"shipping-taxable","33":"purchasable","34":"product-type-simple"},"yoast_head":"<!-- This site is optimized with the Yoast SEO plugin v27.5 - https:\/\/yoast.com\/product\/yoast-seo-wordpress\/ -->\n<title>Sliding-Skin - k\u00e9tr\u00e9teg\u0171 tapad\u00f3talpas dild\u00f3 - 18cm - Szexshop Belvaros<\/title>\n<meta name=\"robots\" content=\"index, follow, max-snippet:-1, max-image-preview:large, max-video-preview:-1\" \/>\n<link rel=\"canonical\" href=\"https:\/\/www.szexshopbelvaros.com\/en\/product\/lovetoy-sliding-skin-ketretegu-tapadotalpas-dildo-18cm-natur-lovetoy-slidi\/\" \/>\n<meta property=\"og:locale\" content=\"en_US\" \/>\n<meta property=\"og:type\" content=\"article\" \/>\n<meta property=\"og:title\" content=\"Sliding-Skin - k\u00e9tr\u00e9teg\u0171 tapad\u00f3talpas dild\u00f3 - 18cm - Szexshop Belvaros\" \/>\n<meta property=\"og:description\" content=\"P\u00e1ratlanul realisztikus dild\u00f3 szinte a val\u00f3dit is megsz\u00e9gyen\u00edt\u0151 dupla r\u00e9teg\u0171 kialak\u00edt\u00e1ssal. Mi\u00e9rt j\u00f3? Rugalmas, term\u00e9szetes \u00e9rz\u00e9st kelt\u0151 anyagb\u00f3l Phthal\u00e1t \u00e9s latexmentes &#8211; az arra \u00e9rz\u00e9kenyek is biztons\u00e1ggal haszn\u00e1lhatj\u00e1k Rendk\u00edv\u00fcl apr\u00f3l\u00e9kos kidolgozotts\u00e1g &#8211; \u00e9leth\u0171 erez\u00e9s, sz\u00ednek, makk \u00e9s her\u00e9k K\u00e9tr\u00e9teg\u0171 &#8211; megfelel\u0151en peckesen \u00e1ll, k\u00f6zben a b\u0151r szabadon siklik a merev v\u00e1zon Er\u0151s tapad\u00f3koronggal, melynek k\u00f6sz\u00f6nhet\u0151en [...]\" \/>\n<meta property=\"og:url\" content=\"https:\/\/www.szexshopbelvaros.com\/en\/product\/lovetoy-sliding-skin-ketretegu-tapadotalpas-dildo-18cm-natur-lovetoy-slidi\/\" \/>\n<meta property=\"og:site_name\" content=\"Szexshop Belvaros\" \/>\n<meta property=\"article:publisher\" content=\"https:\/\/www.facebook.com\/belvarossecrets\/\" \/>\n<meta property=\"article:modified_time\" content=\"2026-04-10T12:00:42+00:00\" \/>\n<meta property=\"og:image\" content=\"https:\/\/www.szexshopbelvaros.com\/wp-content\/uploads\/2025\/01\/Untitled-design-1-copy-4.png\" \/>\n\t<meta property=\"og:image:width\" content=\"1000\" \/>\n\t<meta property=\"og:image:height\" content=\"1000\" \/>\n\t<meta property=\"og:image:type\" content=\"image\/png\" \/>\n<meta name=\"twitter:card\" content=\"summary_large_image\" \/>\n<meta name=\"twitter:site\" content=\"@belvarossecrets\" \/>\n<meta name=\"twitter:label1\" content=\"Est. reading time\" \/>\n\t<meta name=\"twitter:data1\" content=\"2 minutes\" \/>\n<script type=\"application\/ld+json\" class=\"yoast-schema-graph\">{\"@context\":\"https:\\\/\\\/schema.org\",\"@graph\":[{\"@type\":\"WebPage\",\"@id\":\"https:\\\/\\\/www.szexshopbelvaros.com\\\/termek\\\/lovetoy-sliding-skin-ketretegu-tapadotalpas-dildo-18cm-natur-lovetoy-slidi\\\/\",\"url\":\"https:\\\/\\\/www.szexshopbelvaros.com\\\/termek\\\/lovetoy-sliding-skin-ketretegu-tapadotalpas-dildo-18cm-natur-lovetoy-slidi\\\/\",\"name\":\"Sliding-Skin - k\u00e9tr\u00e9teg\u0171 tapad\u00f3talpas dild\u00f3 - 18cm - Szexshop Belvaros\",\"isPartOf\":{\"@id\":\"https:\\\/\\\/www.szexshopbelvaros.com\\\/#website\"},\"primaryImageOfPage\":{\"@id\":\"https:\\\/\\\/www.szexshopbelvaros.com\\\/termek\\\/lovetoy-sliding-skin-ketretegu-tapadotalpas-dildo-18cm-natur-lovetoy-slidi\\\/#primaryimage\"},\"image\":{\"@id\":\"https:\\\/\\\/www.szexshopbelvaros.com\\\/termek\\\/lovetoy-sliding-skin-ketretegu-tapadotalpas-dildo-18cm-natur-lovetoy-slidi\\\/#primaryimage\"},\"thumbnailUrl\":\"https:\\\/\\\/www.szexshopbelvaros.com\\\/wp-content\\\/uploads\\\/2025\\\/01\\\/Untitled-design-1-copy-4.png\",\"datePublished\":\"2025-01-31T13:48:19+00:00\",\"dateModified\":\"2026-04-10T12:00:42+00:00\",\"breadcrumb\":{\"@id\":\"https:\\\/\\\/www.szexshopbelvaros.com\\\/termek\\\/lovetoy-sliding-skin-ketretegu-tapadotalpas-dildo-18cm-natur-lovetoy-slidi\\\/#breadcrumb\"},\"inLanguage\":\"en-US\",\"potentialAction\":[{\"@type\":\"ReadAction\",\"target\":[\"https:\\\/\\\/www.szexshopbelvaros.com\\\/termek\\\/lovetoy-sliding-skin-ketretegu-tapadotalpas-dildo-18cm-natur-lovetoy-slidi\\\/\"]}]},{\"@type\":\"ImageObject\",\"inLanguage\":\"en-US\",\"@id\":\"https:\\\/\\\/www.szexshopbelvaros.com\\\/termek\\\/lovetoy-sliding-skin-ketretegu-tapadotalpas-dildo-18cm-natur-lovetoy-slidi\\\/#primaryimage\",\"url\":\"https:\\\/\\\/www.szexshopbelvaros.com\\\/wp-content\\\/uploads\\\/2025\\\/01\\\/Untitled-design-1-copy-4.png\",\"contentUrl\":\"https:\\\/\\\/www.szexshopbelvaros.com\\\/wp-content\\\/uploads\\\/2025\\\/01\\\/Untitled-design-1-copy-4.png\",\"width\":1000,\"height\":1000},{\"@type\":\"BreadcrumbList\",\"@id\":\"https:\\\/\\\/www.szexshopbelvaros.com\\\/termek\\\/lovetoy-sliding-skin-ketretegu-tapadotalpas-dildo-18cm-natur-lovetoy-slidi\\\/#breadcrumb\",\"itemListElement\":[{\"@type\":\"ListItem\",\"position\":1,\"name\":\"Home\",\"item\":\"https:\\\/\\\/www.szexshopbelvaros.com\\\/\"},{\"@type\":\"ListItem\",\"position\":2,\"name\":\"\u00c1ruh\u00e1z\",\"item\":\"https:\\\/\\\/www.szexshopbelvaros.com\\\/uzlet\\\/\"},{\"@type\":\"ListItem\",\"position\":3,\"name\":\"Sliding-Skin &#8211; k\u00e9tr\u00e9teg\u0171 tapad\u00f3talpas dild\u00f3 &#8211; 18cm\"}]},{\"@type\":\"WebSite\",\"@id\":\"https:\\\/\\\/www.szexshopbelvaros.com\\\/#website\",\"url\":\"https:\\\/\\\/www.szexshopbelvaros.com\\\/\",\"name\":\"Szexshop Belv\u00e1ros\",\"description\":\"\ud83d\udd25 A szex olyan, mint a p\u00e9nz; csak a t\u00fal sok el\u00e9g!\u2122 Titkok a belv\u00e1rosb\u00f3l \ud83d\udc8b | Secrets from Budapest \ud83d\udc8e Feln\u0151tt j\u00e1t\u00e9kok \u2022 Erotika \u2022 Szexshop Belvaros\",\"publisher\":{\"@id\":\"https:\\\/\\\/www.szexshopbelvaros.com\\\/#organization\"},\"potentialAction\":[{\"@type\":\"SearchAction\",\"target\":{\"@type\":\"EntryPoint\",\"urlTemplate\":\"https:\\\/\\\/www.szexshopbelvaros.com\\\/?s={search_term_string}\"},\"query-input\":{\"@type\":\"PropertyValueSpecification\",\"valueRequired\":true,\"valueName\":\"search_term_string\"}}],\"inLanguage\":\"en-US\"},{\"@type\":\"Organization\",\"@id\":\"https:\\\/\\\/www.szexshopbelvaros.com\\\/#organization\",\"name\":\"Szexshop Belv\u00e1ros\",\"alternateName\":\"szexshopbelvaros.com\",\"url\":\"https:\\\/\\\/www.szexshopbelvaros.com\\\/\",\"logo\":{\"@type\":\"ImageObject\",\"inLanguage\":\"en-US\",\"@id\":\"https:\\\/\\\/www.szexshopbelvaros.com\\\/#\\\/schema\\\/logo\\\/image\\\/\",\"url\":\"https:\\\/\\\/www.szexshopbelvaros.com\\\/wp-content\\\/uploads\\\/2025\\\/09\\\/1Szexshopbelvaroslogo_blurred_stronger.jpg\",\"contentUrl\":\"https:\\\/\\\/www.szexshopbelvaros.com\\\/wp-content\\\/uploads\\\/2025\\\/09\\\/1Szexshopbelvaroslogo_blurred_stronger.jpg\",\"width\":1024,\"height\":1024,\"caption\":\"Szexshop Belv\u00e1ros\"},\"image\":{\"@id\":\"https:\\\/\\\/www.szexshopbelvaros.com\\\/#\\\/schema\\\/logo\\\/image\\\/\"},\"sameAs\":[\"https:\\\/\\\/www.facebook.com\\\/belvarossecrets\\\/\",\"https:\\\/\\\/x.com\\\/belvarossecrets\",\"https:\\\/\\\/www.instagram.com\\\/belvarossecrets\\\/\",\"https:\\\/\\\/www.tiktok.com\\\/@belvarossecrets\"]}]}<\/script>\n<!-- \/ Yoast SEO plugin. -->","yoast_head_json":{"title":"Sliding-Skin - double-layered dildo with adhesive base - 18cm - Szexshop Belvaros","robots":{"index":"index","follow":"follow","max-snippet":"max-snippet:-1","max-image-preview":"max-image-preview:large","max-video-preview":"max-video-preview:-1"},"canonical":"https:\/\/www.szexshopbelvaros.com\/en\/product\/lovetoy-sliding-skin-ketretegu-tapadotalpas-dildo-18cm-natur-lovetoy-slidi\/","og_locale":"en_US","og_type":"article","og_title":"Sliding-Skin - k\u00e9tr\u00e9teg\u0171 tapad\u00f3talpas dild\u00f3 - 18cm - Szexshop Belvaros","og_description":"P\u00e1ratlanul realisztikus dild\u00f3 szinte a val\u00f3dit is megsz\u00e9gyen\u00edt\u0151 dupla r\u00e9teg\u0171 kialak\u00edt\u00e1ssal. Mi\u00e9rt j\u00f3? Rugalmas, term\u00e9szetes \u00e9rz\u00e9st kelt\u0151 anyagb\u00f3l Phthal\u00e1t \u00e9s latexmentes &#8211; az arra \u00e9rz\u00e9kenyek is biztons\u00e1ggal haszn\u00e1lhatj\u00e1k Rendk\u00edv\u00fcl apr\u00f3l\u00e9kos kidolgozotts\u00e1g &#8211; \u00e9leth\u0171 erez\u00e9s, sz\u00ednek, makk \u00e9s her\u00e9k K\u00e9tr\u00e9teg\u0171 &#8211; megfelel\u0151en peckesen \u00e1ll, k\u00f6zben a b\u0151r szabadon siklik a merev v\u00e1zon Er\u0151s tapad\u00f3koronggal, melynek k\u00f6sz\u00f6nhet\u0151en [...]","og_url":"https:\/\/www.szexshopbelvaros.com\/en\/product\/lovetoy-sliding-skin-ketretegu-tapadotalpas-dildo-18cm-natur-lovetoy-slidi\/","og_site_name":"Szexshop Belvaros","article_publisher":"https:\/\/www.facebook.com\/belvarossecrets\/","article_modified_time":"2026-04-10T12:00:42+00:00","og_image":[{"width":1000,"height":1000,"url":"https:\/\/www.szexshopbelvaros.com\/wp-content\/uploads\/2025\/01\/Untitled-design-1-copy-4.png","type":"image\/png"}],"twitter_card":"summary_large_image","twitter_site":"@belvarossecrets","twitter_misc":{"Est. reading time":"2 minutes"},"schema":{"@context":"https:\/\/schema.org","@graph":[{"@type":"WebPage","@id":"https:\/\/www.szexshopbelvaros.com\/termek\/lovetoy-sliding-skin-ketretegu-tapadotalpas-dildo-18cm-natur-lovetoy-slidi\/","url":"https:\/\/www.szexshopbelvaros.com\/termek\/lovetoy-sliding-skin-ketretegu-tapadotalpas-dildo-18cm-natur-lovetoy-slidi\/","name":"Sliding-Skin - double-layered dildo with adhesive base - 18cm - Szexshop Belvaros","isPartOf":{"@id":"https:\/\/www.szexshopbelvaros.com\/#website"},"primaryImageOfPage":{"@id":"https:\/\/www.szexshopbelvaros.com\/termek\/lovetoy-sliding-skin-ketretegu-tapadotalpas-dildo-18cm-natur-lovetoy-slidi\/#primaryimage"},"image":{"@id":"https:\/\/www.szexshopbelvaros.com\/termek\/lovetoy-sliding-skin-ketretegu-tapadotalpas-dildo-18cm-natur-lovetoy-slidi\/#primaryimage"},"thumbnailUrl":"https:\/\/www.szexshopbelvaros.com\/wp-content\/uploads\/2025\/01\/Untitled-design-1-copy-4.png","datePublished":"2025-01-31T13:48:19+00:00","dateModified":"2026-04-10T12:00:42+00:00","breadcrumb":{"@id":"https:\/\/www.szexshopbelvaros.com\/termek\/lovetoy-sliding-skin-ketretegu-tapadotalpas-dildo-18cm-natur-lovetoy-slidi\/#breadcrumb"},"inLanguage":"en-US","potentialAction":[{"@type":"ReadAction","target":["https:\/\/www.szexshopbelvaros.com\/termek\/lovetoy-sliding-skin-ketretegu-tapadotalpas-dildo-18cm-natur-lovetoy-slidi\/"]}]},{"@type":"ImageObject","inLanguage":"en-US","@id":"https:\/\/www.szexshopbelvaros.com\/termek\/lovetoy-sliding-skin-ketretegu-tapadotalpas-dildo-18cm-natur-lovetoy-slidi\/#primaryimage","url":"https:\/\/www.szexshopbelvaros.com\/wp-content\/uploads\/2025\/01\/Untitled-design-1-copy-4.png","contentUrl":"https:\/\/www.szexshopbelvaros.com\/wp-content\/uploads\/2025\/01\/Untitled-design-1-copy-4.png","width":1000,"height":1000},{"@type":"BreadcrumbList","@id":"https:\/\/www.szexshopbelvaros.com\/termek\/lovetoy-sliding-skin-ketretegu-tapadotalpas-dildo-18cm-natur-lovetoy-slidi\/#breadcrumb","itemListElement":[{"@type":"ListItem","position":1,"name":"Home","item":"https:\/\/www.szexshopbelvaros.com\/"},{"@type":"ListItem","position":2,"name":"\u00c1ruh\u00e1z","item":"https:\/\/www.szexshopbelvaros.com\/uzlet\/"},{"@type":"ListItem","position":3,"name":"Sliding-Skin &#8211; k\u00e9tr\u00e9teg\u0171 tapad\u00f3talpas dild\u00f3 &#8211; 18cm"}]},{"@type":"WebSite","@id":"https:\/\/www.szexshopbelvaros.com\/#website","url":"https:\/\/www.szexshopbelvaros.com\/","name":"at our Szexshop Belv\u00e1ros","description":"\ud83d\udd25 Sex is like money; only too much is enough!\u2122 Secrets from the city center \ud83d\udc8b | Secrets from Budapest \ud83d\udc8e Adult games \u2022 Erotica \u2022 Sex shop Belvaros","publisher":{"@id":"https:\/\/www.szexshopbelvaros.com\/#organization"},"potentialAction":[{"@type":"SearchAction","target":{"@type":"EntryPoint","urlTemplate":"https:\/\/www.szexshopbelvaros.com\/?s={search_term_string}"},"query-input":{"@type":"PropertyValueSpecification","valueRequired":true,"valueName":"search_term_string"}}],"inLanguage":"en-US"},{"@type":"Organization","@id":"https:\/\/www.szexshopbelvaros.com\/#organization","name":"at our Szexshop Belv\u00e1ros","alternateName":"szexshopbelvaros.com","url":"https:\/\/www.szexshopbelvaros.com\/","logo":{"@type":"ImageObject","inLanguage":"en-US","@id":"https:\/\/www.szexshopbelvaros.com\/#\/schema\/logo\/image\/","url":"https:\/\/www.szexshopbelvaros.com\/wp-content\/uploads\/2025\/09\/1Szexshopbelvaroslogo_blurred_stronger.jpg","contentUrl":"https:\/\/www.szexshopbelvaros.com\/wp-content\/uploads\/2025\/09\/1Szexshopbelvaroslogo_blurred_stronger.jpg","width":1024,"height":1024,"caption":"Szexshop Belv\u00e1ros"},"image":{"@id":"https:\/\/www.szexshopbelvaros.com\/#\/schema\/logo\/image\/"},"sameAs":["https:\/\/www.facebook.com\/belvarossecrets\/","https:\/\/x.com\/belvarossecrets","https:\/\/www.instagram.com\/belvarossecrets\/","https:\/\/www.tiktok.com\/@belvarossecrets"]}]}},"_links":{"self":[{"href":"https:\/\/www.szexshopbelvaros.com\/en\/wp-json\/wp\/v2\/product\/886","targetHints":{"allow":["GET"]}}],"collection":[{"href":"https:\/\/www.szexshopbelvaros.com\/en\/wp-json\/wp\/v2\/product"}],"about":[{"href":"https:\/\/www.szexshopbelvaros.com\/en\/wp-json\/wp\/v2\/types\/product"}],"replies":[{"embeddable":true,"href":"https:\/\/www.szexshopbelvaros.com\/en\/wp-json\/wp\/v2\/comments?post=886"}],"wp:featuredmedia":[{"embeddable":true,"href":"https:\/\/www.szexshopbelvaros.com\/en\/wp-json\/wp\/v2\/media\/2874"}],"wp:attachment":[{"href":"https:\/\/www.szexshopbelvaros.com\/en\/wp-json\/wp\/v2\/media?parent=886"}],"wp:term":[{"taxonomy":"product_brand","embeddable":true,"href":"https:\/\/www.szexshopbelvaros.com\/en\/wp-json\/wp\/v2\/product_brand?post=886"},{"taxonomy":"product_cat","embeddable":true,"href":"https:\/\/www.szexshopbelvaros.com\/en\/wp-json\/wp\/v2\/product_cat?post=886"},{"taxonomy":"product_tag","embeddable":true,"href":"https:\/\/www.szexshopbelvaros.com\/en\/wp-json\/wp\/v2\/product_tag?post=886"}],"curies":[{"name":"wp","href":"https:\/\/api.w.org\/{rel}","templated":true}]}}