{"id":892,"date":"2025-01-31T14:48:19","date_gmt":"2025-01-31T13:48:19","guid":{"rendered":"https:\/\/www.szexshopbelvaros.com\/termek\/durex-ovszer-love-easy-on-ovszer-4db-durex-love-easy-on-condoms-4p\/"},"modified":"2026-04-10T14:00:41","modified_gmt":"2026-04-10T12:00:41","slug":"durex-love-ovszer-4db","status":"publish","type":"product","link":"https:\/\/www.szexshopbelvaros.com\/en\/product\/durex-love-ovszer-4db\/","title":{"rendered":"\ud83d\udc98 Durex Love Condoms (4pcs) \u2013 because love is beautiful, but protection is even more beautiful"},"content":{"rendered":"<p data-start=\"365\" data-end=\"504\">Our <strong data-start=\"367\" data-end=\"388\">Durex Love condoms<\/strong> are not just a rubber \u2014 it's the safe, comfortable, and naughty solution. When love is already hot, but reason is still working.<\/p>\n<p data-start=\"506\" data-end=\"579\">This condom is not a simple piece. This is the <strong data-start=\"544\" data-end=\"568\">\u201e&quot;Don&#039;t worry, I&#039;ll handle it&quot;\u201d<\/strong> category.<\/p>\n<p data-start=\"581\" data-end=\"929\">Durex Love is designed to make every insertion easy. Anatomical shape + Easy-On design = quick insertion. No pinching, no sticking, no stopping halfway.<br data-start=\"749\" data-end=\"752\" \/>The thin, sheer material feels natural. The generous amount of lubrication ensures every move is as smooth as the lie that guy on Tinder told you.<\/p>\n<p data-start=\"931\" data-end=\"1229\">The safe semen container means you don't have to stress about \"what if...\" questions, and the skin-friendly, dermatologically tested material won't burn, itch, or cause any discomfort.<br data-start=\"1101\" data-end=\"1104\" \/>All this in a pleasantly scented, discreet, 4-pack with a nominal diameter of 56 mm. It's just right for the right person.<\/p>\n<p data-start=\"1231\" data-end=\"1300\">See more <a href=\"https:\/\/www.szexshopbelvaros.com\/en\/product-category\/drogeria-wellness\/ovszerek\/\"><strong data-start=\"1247\" data-end=\"1257\">of our condom<\/strong><\/a> supply \u2014 it's always good to have a spare.<\/p>\n<p data-start=\"1231\" data-end=\"1300\">When protection and comfort really matter, Durex Love condoms are always there so you don&#039;t have to worry about anything. \ud83d\udc98 <strong data-start=\"1305\" data-end=\"1348\">Add Durex Love condoms to your cart<\/strong> \u2013 and may love always be safe.<\/p>\n<p data-start=\"1394\" data-end=\"1472\"><a class=\"decorated-link\" href=\"http:\/\/www.szexshopbelvaros.com\/en\/\" target=\"_new\" rel=\"noopener\" data-start=\"1394\" data-end=\"1418\">www.szexshopbelvaros.com<\/a> takes care of you... the rest is up to you two. \ud83d\ude09\ud83d\udc99<\/p>\n<p data-start=\"2031\" data-end=\"2106\">","protected":false},"excerpt":{"rendered":"<p>A Durex Love \u00f3vszer nem csak egy gumi \u2014 ez a biztons\u00e1gos, k\u00e9nyelmes \u00e9s pajkos megold\u00e1s. Ha a szerelem m\u00e1r forr\u00f3, de az \u00e9sz m\u00e9g m\u0171k\u00f6dik. Ez az \u00f3vszer nem egy sima darab. Ez a \u201enyugi, \u00e9n megoldom\u201d kateg\u00f3ria. A Durex Love \u00fagy lett tervezve, hogy minden felh\u00faz\u00e1s egyszer\u0171 legyen. Anat\u00f3miai forma + Easy-On diz\u00e1jn [&#8230;]\n","protected":false},"featured_media":893,"comment_status":"closed","ping_status":"closed","template":"","meta":[],"product_brand":[127],"product_cat":[156,134],"product_tag":[2052,413,807,2053,1528,2050,2047,2051,824,806,2049,2058,405,1201,220,2048,2057,1529],"class_list":{"0":"post-892","1":"product","2":"type-product","3":"status-publish","4":"has-post-thumbnail","6":"product_brand-durex","7":"product_cat-drogeria-wellness","8":"product_cat-ovszerek","9":"product_tag-adult-care","10":"product_tag-biztonsagos-szex","11":"product_tag-condom","12":"product_tag-couples-wellness","13":"product_tag-drogeria","14":"product_tag-felnotteknek","15":"product_tag-intim-termek","16":"product_tag-intimate-products","17":"product_tag-latex-ovszer","18":"product_tag-ovszer","19":"product_tag-paros-egeszseg","20":"product_tag-protection","21":"product_tag-safe-sex","22":"product_tag-sexual-wellness","23":"product_tag-szexshop-belvaros","24":"product_tag-szexualis-egeszseg","25":"product_tag-vedekezes","26":"product_tag-wellness","28":"first","29":"instock","30":"taxable","31":"shipping-taxable","32":"purchasable","33":"product-type-simple"},"yoast_head":"<!-- This site is optimized with the Yoast SEO plugin v27.4 - https:\/\/yoast.com\/product\/yoast-seo-wordpress\/ -->\n<title>Durex Love \u00f3vszer \u2013 biztons\u00e1gos, v\u00e9kony \u00e9s k\u00e9nyelmes | Szexshop Belvaros<\/title>\n<meta name=\"description\" content=\"A Durex Love \u00f3vszer k\u00e9nyelmes, v\u00e9kony \u00e9s b\u0151s\u00e9gesen s\u00edkos\u00edtott \u2013 term\u00e9szetes \u00e9rz\u00e9s \u00e9s extra biztons\u00e1g 4 darabos, diszkr\u00e9t csomagban.\" \/>\n<meta name=\"robots\" content=\"index, follow, max-snippet:-1, max-image-preview:large, max-video-preview:-1\" \/>\n<link rel=\"canonical\" href=\"https:\/\/www.szexshopbelvaros.com\/en\/product\/durex-love-ovszer-4db\/\" \/>\n<meta property=\"og:locale\" content=\"en_US\" \/>\n<meta property=\"og:type\" content=\"article\" \/>\n<meta property=\"og:title\" content=\"Durex Love \u00f3vszer \u2013 biztons\u00e1gos, v\u00e9kony \u00e9s k\u00e9nyelmes | Szexshop Belvaros\" \/>\n<meta property=\"og:description\" content=\"A Durex Love \u00f3vszer k\u00e9nyelmes, v\u00e9kony \u00e9s b\u0151s\u00e9gesen s\u00edkos\u00edtott \u2013 term\u00e9szetes \u00e9rz\u00e9s \u00e9s extra biztons\u00e1g 4 darabos, diszkr\u00e9t csomagban.\" \/>\n<meta property=\"og:url\" content=\"https:\/\/www.szexshopbelvaros.com\/en\/product\/durex-love-ovszer-4db\/\" \/>\n<meta property=\"og:site_name\" content=\"Szexshop Belvaros\" \/>\n<meta property=\"article:publisher\" content=\"https:\/\/www.facebook.com\/belvarossecrets\/\" \/>\n<meta property=\"article:modified_time\" content=\"2026-04-10T12:00:41+00:00\" \/>\n<meta property=\"og:image\" content=\"https:\/\/www.szexshopbelvaros.com\/wp-content\/uploads\/2025\/01\/6762a1bb2117bc2f1277f10c.jpeg\" \/>\n\t<meta property=\"og:image:width\" content=\"1200\" \/>\n\t<meta property=\"og:image:height\" content=\"675\" \/>\n\t<meta property=\"og:image:type\" content=\"image\/jpeg\" \/>\n<meta name=\"twitter:card\" content=\"summary_large_image\" \/>\n<meta name=\"twitter:site\" content=\"@belvarossecrets\" \/>\n<meta name=\"twitter:label1\" content=\"Est. reading time\" \/>\n\t<meta name=\"twitter:data1\" content=\"2 minutes\" \/>\n<script type=\"application\/ld+json\" class=\"yoast-schema-graph\">{\"@context\":\"https:\\\/\\\/schema.org\",\"@graph\":[{\"@type\":\"WebPage\",\"@id\":\"https:\\\/\\\/www.szexshopbelvaros.com\\\/termek\\\/durex-love-ovszer-4db\\\/\",\"url\":\"https:\\\/\\\/www.szexshopbelvaros.com\\\/termek\\\/durex-love-ovszer-4db\\\/\",\"name\":\"Durex Love \u00f3vszer \u2013 biztons\u00e1gos, v\u00e9kony \u00e9s k\u00e9nyelmes | Szexshop Belvaros\",\"isPartOf\":{\"@id\":\"https:\\\/\\\/www.szexshopbelvaros.com\\\/#website\"},\"primaryImageOfPage\":{\"@id\":\"https:\\\/\\\/www.szexshopbelvaros.com\\\/termek\\\/durex-love-ovszer-4db\\\/#primaryimage\"},\"image\":{\"@id\":\"https:\\\/\\\/www.szexshopbelvaros.com\\\/termek\\\/durex-love-ovszer-4db\\\/#primaryimage\"},\"thumbnailUrl\":\"https:\\\/\\\/www.szexshopbelvaros.com\\\/wp-content\\\/uploads\\\/2025\\\/01\\\/6762a1bb2117bc2f1277f10c.jpeg\",\"datePublished\":\"2025-01-31T13:48:19+00:00\",\"dateModified\":\"2026-04-10T12:00:41+00:00\",\"description\":\"A Durex Love \u00f3vszer k\u00e9nyelmes, v\u00e9kony \u00e9s b\u0151s\u00e9gesen s\u00edkos\u00edtott \u2013 term\u00e9szetes \u00e9rz\u00e9s \u00e9s extra biztons\u00e1g 4 darabos, diszkr\u00e9t csomagban.\",\"breadcrumb\":{\"@id\":\"https:\\\/\\\/www.szexshopbelvaros.com\\\/termek\\\/durex-love-ovszer-4db\\\/#breadcrumb\"},\"inLanguage\":\"en-US\",\"potentialAction\":[{\"@type\":\"ReadAction\",\"target\":[\"https:\\\/\\\/www.szexshopbelvaros.com\\\/termek\\\/durex-love-ovszer-4db\\\/\"]}]},{\"@type\":\"ImageObject\",\"inLanguage\":\"en-US\",\"@id\":\"https:\\\/\\\/www.szexshopbelvaros.com\\\/termek\\\/durex-love-ovszer-4db\\\/#primaryimage\",\"url\":\"https:\\\/\\\/www.szexshopbelvaros.com\\\/wp-content\\\/uploads\\\/2025\\\/01\\\/6762a1bb2117bc2f1277f10c.jpeg\",\"contentUrl\":\"https:\\\/\\\/www.szexshopbelvaros.com\\\/wp-content\\\/uploads\\\/2025\\\/01\\\/6762a1bb2117bc2f1277f10c.jpeg\",\"width\":1200,\"height\":675,\"caption\":\"Durex Love \u00f3vszer csomag \u00e9s kibontott \u00f3vszer \u2013 k\u00e9k, 4 darabos kiszerel\u00e9s Durex Love condom box with one condom visible \u2013 blue, 4-pack\"},{\"@type\":\"BreadcrumbList\",\"@id\":\"https:\\\/\\\/www.szexshopbelvaros.com\\\/termek\\\/durex-love-ovszer-4db\\\/#breadcrumb\",\"itemListElement\":[{\"@type\":\"ListItem\",\"position\":1,\"name\":\"Home\",\"item\":\"https:\\\/\\\/www.szexshopbelvaros.com\\\/\"},{\"@type\":\"ListItem\",\"position\":2,\"name\":\"\u00c1ruh\u00e1z\",\"item\":\"https:\\\/\\\/www.szexshopbelvaros.com\\\/uzlet\\\/\"},{\"@type\":\"ListItem\",\"position\":3,\"name\":\"\ud83d\udc98 Durex Love \u00d3vsze (4db) \u2013 mert a szerelem sz\u00e9p, de a v\u00e9delem m\u00e9g szebb\"}]},{\"@type\":\"WebSite\",\"@id\":\"https:\\\/\\\/www.szexshopbelvaros.com\\\/#website\",\"url\":\"https:\\\/\\\/www.szexshopbelvaros.com\\\/\",\"name\":\"Szexshop Belv\u00e1ros\",\"description\":\"\ud83d\udd25 A szex olyan, mint a p\u00e9nz; csak a t\u00fal sok el\u00e9g!\u2122 Titkok a belv\u00e1rosb\u00f3l \ud83d\udc8b | Secrets from Budapest \ud83d\udc8e Feln\u0151tt j\u00e1t\u00e9kok \u2022 Erotika \u2022 Szexshop Belvaros\",\"publisher\":{\"@id\":\"https:\\\/\\\/www.szexshopbelvaros.com\\\/#organization\"},\"potentialAction\":[{\"@type\":\"SearchAction\",\"target\":{\"@type\":\"EntryPoint\",\"urlTemplate\":\"https:\\\/\\\/www.szexshopbelvaros.com\\\/?s={search_term_string}\"},\"query-input\":{\"@type\":\"PropertyValueSpecification\",\"valueRequired\":true,\"valueName\":\"search_term_string\"}}],\"inLanguage\":\"en-US\"},{\"@type\":\"Organization\",\"@id\":\"https:\\\/\\\/www.szexshopbelvaros.com\\\/#organization\",\"name\":\"Szexshop Belv\u00e1ros\",\"alternateName\":\"szexshopbelvaros.com\",\"url\":\"https:\\\/\\\/www.szexshopbelvaros.com\\\/\",\"logo\":{\"@type\":\"ImageObject\",\"inLanguage\":\"en-US\",\"@id\":\"https:\\\/\\\/www.szexshopbelvaros.com\\\/#\\\/schema\\\/logo\\\/image\\\/\",\"url\":\"https:\\\/\\\/www.szexshopbelvaros.com\\\/wp-content\\\/uploads\\\/2025\\\/09\\\/1Szexshopbelvaroslogo_blurred_stronger.jpg\",\"contentUrl\":\"https:\\\/\\\/www.szexshopbelvaros.com\\\/wp-content\\\/uploads\\\/2025\\\/09\\\/1Szexshopbelvaroslogo_blurred_stronger.jpg\",\"width\":1024,\"height\":1024,\"caption\":\"Szexshop Belv\u00e1ros\"},\"image\":{\"@id\":\"https:\\\/\\\/www.szexshopbelvaros.com\\\/#\\\/schema\\\/logo\\\/image\\\/\"},\"sameAs\":[\"https:\\\/\\\/www.facebook.com\\\/belvarossecrets\\\/\",\"https:\\\/\\\/x.com\\\/belvarossecrets\",\"https:\\\/\\\/www.instagram.com\\\/belvarossecrets\\\/\",\"https:\\\/\\\/www.tiktok.com\\\/@belvarossecrets\"]}]}<\/script>\n<!-- \/ Yoast SEO plugin. -->","yoast_head_json":{"title":"Durex Love condoms \u2013 safe, thin and comfortable | Szexshop Belvaros","description":"Durex Love condoms are comfortable, thin and generously lubricated - a natural feel and extra safety in a discreet pack of 4.","robots":{"index":"index","follow":"follow","max-snippet":"max-snippet:-1","max-image-preview":"max-image-preview:large","max-video-preview":"max-video-preview:-1"},"canonical":"https:\/\/www.szexshopbelvaros.com\/en\/product\/durex-love-ovszer-4db\/","og_locale":"en_US","og_type":"article","og_title":"Durex Love \u00f3vszer \u2013 biztons\u00e1gos, v\u00e9kony \u00e9s k\u00e9nyelmes | Szexshop Belvaros","og_description":"A Durex Love \u00f3vszer k\u00e9nyelmes, v\u00e9kony \u00e9s b\u0151s\u00e9gesen s\u00edkos\u00edtott \u2013 term\u00e9szetes \u00e9rz\u00e9s \u00e9s extra biztons\u00e1g 4 darabos, diszkr\u00e9t csomagban.","og_url":"https:\/\/www.szexshopbelvaros.com\/en\/product\/durex-love-ovszer-4db\/","og_site_name":"Szexshop Belvaros","article_publisher":"https:\/\/www.facebook.com\/belvarossecrets\/","article_modified_time":"2026-04-10T12:00:41+00:00","og_image":[{"width":1200,"height":675,"url":"https:\/\/www.szexshopbelvaros.com\/wp-content\/uploads\/2025\/01\/6762a1bb2117bc2f1277f10c.jpeg","type":"image\/jpeg"}],"twitter_card":"summary_large_image","twitter_site":"@belvarossecrets","twitter_misc":{"Est. reading time":"2 minutes"},"schema":{"@context":"https:\/\/schema.org","@graph":[{"@type":"WebPage","@id":"https:\/\/www.szexshopbelvaros.com\/termek\/durex-love-ovszer-4db\/","url":"https:\/\/www.szexshopbelvaros.com\/termek\/durex-love-ovszer-4db\/","name":"Durex Love condoms \u2013 safe, thin and comfortable | Szexshop Belvaros","isPartOf":{"@id":"https:\/\/www.szexshopbelvaros.com\/#website"},"primaryImageOfPage":{"@id":"https:\/\/www.szexshopbelvaros.com\/termek\/durex-love-ovszer-4db\/#primaryimage"},"image":{"@id":"https:\/\/www.szexshopbelvaros.com\/termek\/durex-love-ovszer-4db\/#primaryimage"},"thumbnailUrl":"https:\/\/www.szexshopbelvaros.com\/wp-content\/uploads\/2025\/01\/6762a1bb2117bc2f1277f10c.jpeg","datePublished":"2025-01-31T13:48:19+00:00","dateModified":"2026-04-10T12:00:41+00:00","description":"Durex Love condoms are comfortable, thin and generously lubricated - a natural feel and extra safety in a discreet pack of 4.","breadcrumb":{"@id":"https:\/\/www.szexshopbelvaros.com\/termek\/durex-love-ovszer-4db\/#breadcrumb"},"inLanguage":"en-US","potentialAction":[{"@type":"ReadAction","target":["https:\/\/www.szexshopbelvaros.com\/termek\/durex-love-ovszer-4db\/"]}]},{"@type":"ImageObject","inLanguage":"en-US","@id":"https:\/\/www.szexshopbelvaros.com\/termek\/durex-love-ovszer-4db\/#primaryimage","url":"https:\/\/www.szexshopbelvaros.com\/wp-content\/uploads\/2025\/01\/6762a1bb2117bc2f1277f10c.jpeg","contentUrl":"https:\/\/www.szexshopbelvaros.com\/wp-content\/uploads\/2025\/01\/6762a1bb2117bc2f1277f10c.jpeg","width":1200,"height":675,"caption":"Durex Love \u00f3vszer csomag \u00e9s kibontott \u00f3vszer \u2013 k\u00e9k, 4 darabos kiszerel\u00e9s Durex Love condom box with one condom visible \u2013 blue, 4-pack"},{"@type":"BreadcrumbList","@id":"https:\/\/www.szexshopbelvaros.com\/termek\/durex-love-ovszer-4db\/#breadcrumb","itemListElement":[{"@type":"ListItem","position":1,"name":"Home","item":"https:\/\/www.szexshopbelvaros.com\/"},{"@type":"ListItem","position":2,"name":"\u00c1ruh\u00e1z","item":"https:\/\/www.szexshopbelvaros.com\/uzlet\/"},{"@type":"ListItem","position":3,"name":"\ud83d\udc98 Durex Love \u00d3vsze (4db) \u2013 mert a szerelem sz\u00e9p, de a v\u00e9delem m\u00e9g szebb"}]},{"@type":"WebSite","@id":"https:\/\/www.szexshopbelvaros.com\/#website","url":"https:\/\/www.szexshopbelvaros.com\/","name":"at our Szexshop Belv\u00e1ros","description":"\ud83d\udd25 Sex is like money; only too much is enough!\u2122 Secrets from the city center \ud83d\udc8b | Secrets from Budapest \ud83d\udc8e Adult games \u2022 Erotica \u2022 Sex shop Belvaros","publisher":{"@id":"https:\/\/www.szexshopbelvaros.com\/#organization"},"potentialAction":[{"@type":"SearchAction","target":{"@type":"EntryPoint","urlTemplate":"https:\/\/www.szexshopbelvaros.com\/?s={search_term_string}"},"query-input":{"@type":"PropertyValueSpecification","valueRequired":true,"valueName":"search_term_string"}}],"inLanguage":"en-US"},{"@type":"Organization","@id":"https:\/\/www.szexshopbelvaros.com\/#organization","name":"at our Szexshop Belv\u00e1ros","alternateName":"szexshopbelvaros.com","url":"https:\/\/www.szexshopbelvaros.com\/","logo":{"@type":"ImageObject","inLanguage":"en-US","@id":"https:\/\/www.szexshopbelvaros.com\/#\/schema\/logo\/image\/","url":"https:\/\/www.szexshopbelvaros.com\/wp-content\/uploads\/2025\/09\/1Szexshopbelvaroslogo_blurred_stronger.jpg","contentUrl":"https:\/\/www.szexshopbelvaros.com\/wp-content\/uploads\/2025\/09\/1Szexshopbelvaroslogo_blurred_stronger.jpg","width":1024,"height":1024,"caption":"Szexshop Belv\u00e1ros"},"image":{"@id":"https:\/\/www.szexshopbelvaros.com\/#\/schema\/logo\/image\/"},"sameAs":["https:\/\/www.facebook.com\/belvarossecrets\/","https:\/\/x.com\/belvarossecrets","https:\/\/www.instagram.com\/belvarossecrets\/","https:\/\/www.tiktok.com\/@belvarossecrets"]}]}},"_links":{"self":[{"href":"https:\/\/www.szexshopbelvaros.com\/en\/wp-json\/wp\/v2\/product\/892","targetHints":{"allow":["GET"]}}],"collection":[{"href":"https:\/\/www.szexshopbelvaros.com\/en\/wp-json\/wp\/v2\/product"}],"about":[{"href":"https:\/\/www.szexshopbelvaros.com\/en\/wp-json\/wp\/v2\/types\/product"}],"replies":[{"embeddable":true,"href":"https:\/\/www.szexshopbelvaros.com\/en\/wp-json\/wp\/v2\/comments?post=892"}],"wp:featuredmedia":[{"embeddable":true,"href":"https:\/\/www.szexshopbelvaros.com\/en\/wp-json\/wp\/v2\/media\/893"}],"wp:attachment":[{"href":"https:\/\/www.szexshopbelvaros.com\/en\/wp-json\/wp\/v2\/media?parent=892"}],"wp:term":[{"taxonomy":"product_brand","embeddable":true,"href":"https:\/\/www.szexshopbelvaros.com\/en\/wp-json\/wp\/v2\/product_brand?post=892"},{"taxonomy":"product_cat","embeddable":true,"href":"https:\/\/www.szexshopbelvaros.com\/en\/wp-json\/wp\/v2\/product_cat?post=892"},{"taxonomy":"product_tag","embeddable":true,"href":"https:\/\/www.szexshopbelvaros.com\/en\/wp-json\/wp\/v2\/product_tag?post=892"}],"curies":[{"name":"wp","href":"https:\/\/api.w.org\/{rel}","templated":true}]}}