{"id":898,"date":"2025-01-31T14:48:19","date_gmt":"2025-01-31T13:48:19","guid":{"rendered":"https:\/\/www.szexshopbelvaros.com\/termek\/durex-feel-thin-elethu-erzes-ovszer-3db-lifelike-feeling-condoms-3pcs\/"},"modified":"2026-04-10T14:00:40","modified_gmt":"2026-04-10T12:00:40","slug":"durex-feel-thin-elethu-erzes-ovszer-3db-lifelike-feeling-condoms-3pcs","status":"publish","type":"product","link":"https:\/\/www.szexshopbelvaros.com\/en\/product\/durex-feel-thin-elethu-erzes-ovszer-3db-lifelike-feeling-condoms-3pcs\/","title":{"rendered":"Feel Thin \u2013 lifelike feeling condoms (4pcs)."},"content":{"rendered":"<p>Super thin Durex condoms in a discreet unit package!<\/p>\n<p>Why is it good?<\/p>\n<p>Extra thin condoms for greater pleasure, really, as if you were wearing nothing at all<br \/>\nFactory lubricated \u2013 for easy penetration<br \/>\nThe condoms&#039; Pleasure-Fit shape, made with Easy-On technology, follows the contours of the body, ensuring a perfect fit<br \/>\nPleasantly scented \u2013 no strong, rubbery odor<br \/>\nEquipped with a safe semen container<br \/>\nPay attention to this:<\/p>\n<p>When putting it on, make sure that no air gets under the condom.<br \/>\nHow to use:<\/p>\n<p>With clean hands, carefully tear open the condom packaging.<br \/>\nSqueeze the air out of the semen container and place it on your penis.<br \/>\nRoll the condom down to the base of the penis.<br \/>\nAfter intercourse, grab the condom by the base, roll it up, and throw it in the trash!<br \/>\nProduct specifications, features:<\/p>\n<p>pleasant smell<br \/>\nfactory lubrication<br \/>\ndiscrete unit package<br \/>\nPack of 4<br \/>\nlength: 19.5cm (slightly larger than normal \u2013 18cm)<br \/>\nnominal diameter: 56mm (slightly larger than normal 52mm)<br \/>\nMaterial: Latex (natural rubber)<\/p>\n<p>&nbsp;<\/p>","protected":false},"excerpt":{"rendered":"<p>Szuper v\u00e9kony kialak\u00edt\u00e1s\u00fa Durex \u00f3vszer diszkr\u00e9t egys\u00e9gcsomagban! Mi\u00e9rt j\u00f3? Extra v\u00e9kony \u00f3vszerek a nagyobb gy\u00f6ny\u00f6r\u00e9rt, t\u00e9nyleg, mintha semmit sem viseln\u00e9l Gy\u00e1ri s\u00edkos\u00edt\u00e1ssal ell\u00e1tva &#8211; a k\u00f6nnyed behatol\u00e1s\u00e9rt Az \u00f3vszerek Easy-On technol\u00f3gi\u00e1val k\u00e9sz\u00fcl\u0151, Pleasure-Fit form\u00e1ja k\u00f6veti a test vonal\u00e1t, \u00edgy t\u00f6k\u00e9letes illeszked\u00e9st biztos\u00edt Kellemes illattal &#8211; nincs er\u0151s, gumis szaga Biztons\u00e1gos ond\u00f3tart\u00e1llyal ell\u00e1tva Erre figyelj: Felh\u00faz\u00e1skor [&#8230;]\n","protected":false},"featured_media":2714,"comment_status":"closed","ping_status":"closed","template":"","meta":[],"product_brand":[127],"product_cat":[156,134],"product_tag":[2052,413,807,2053,1528,2050,2047,2051,824,806,2049,2058,405,1201,220,2048,2057,1529],"class_list":{"0":"post-898","1":"product","2":"type-product","3":"status-publish","4":"has-post-thumbnail","6":"product_brand-durex","7":"product_cat-drogeria-wellness","8":"product_cat-ovszerek","9":"product_tag-adult-care","10":"product_tag-biztonsagos-szex","11":"product_tag-condom","12":"product_tag-couples-wellness","13":"product_tag-drogeria","14":"product_tag-felnotteknek","15":"product_tag-intim-termek","16":"product_tag-intimate-products","17":"product_tag-latex-ovszer","18":"product_tag-ovszer","19":"product_tag-paros-egeszseg","20":"product_tag-protection","21":"product_tag-safe-sex","22":"product_tag-sexual-wellness","23":"product_tag-szexshop-belvaros","24":"product_tag-szexualis-egeszseg","25":"product_tag-vedekezes","26":"product_tag-wellness","28":"first","29":"instock","30":"taxable","31":"shipping-taxable","32":"purchasable","33":"product-type-simple"},"yoast_head":"<!-- This site is optimized with the Yoast SEO plugin v27.4 - https:\/\/yoast.com\/product\/yoast-seo-wordpress\/ -->\n<title>Feel Thin - \u00e9leth\u0171 \u00e9rz\u00e9s \u00f3vszer (4db). - Szexshop Belvaros<\/title>\n<meta name=\"robots\" content=\"index, follow, max-snippet:-1, max-image-preview:large, max-video-preview:-1\" \/>\n<link rel=\"canonical\" href=\"https:\/\/www.szexshopbelvaros.com\/en\/product\/durex-feel-thin-elethu-erzes-ovszer-3db-lifelike-feeling-condoms-3pcs\/\" \/>\n<meta property=\"og:locale\" content=\"en_US\" \/>\n<meta property=\"og:type\" content=\"article\" \/>\n<meta property=\"og:title\" content=\"Feel Thin - \u00e9leth\u0171 \u00e9rz\u00e9s \u00f3vszer (4db). - Szexshop Belvaros\" \/>\n<meta property=\"og:description\" content=\"Szuper v\u00e9kony kialak\u00edt\u00e1s\u00fa Durex \u00f3vszer diszkr\u00e9t egys\u00e9gcsomagban! Mi\u00e9rt j\u00f3? Extra v\u00e9kony \u00f3vszerek a nagyobb gy\u00f6ny\u00f6r\u00e9rt, t\u00e9nyleg, mintha semmit sem viseln\u00e9l Gy\u00e1ri s\u00edkos\u00edt\u00e1ssal ell\u00e1tva &#8211; a k\u00f6nnyed behatol\u00e1s\u00e9rt Az \u00f3vszerek Easy-On technol\u00f3gi\u00e1val k\u00e9sz\u00fcl\u0151, Pleasure-Fit form\u00e1ja k\u00f6veti a test vonal\u00e1t, \u00edgy t\u00f6k\u00e9letes illeszked\u00e9st biztos\u00edt Kellemes illattal &#8211; nincs er\u0151s, gumis szaga Biztons\u00e1gos ond\u00f3tart\u00e1llyal ell\u00e1tva Erre figyelj: Felh\u00faz\u00e1skor [...]\" \/>\n<meta property=\"og:url\" content=\"https:\/\/www.szexshopbelvaros.com\/en\/product\/durex-feel-thin-elethu-erzes-ovszer-3db-lifelike-feeling-condoms-3pcs\/\" \/>\n<meta property=\"og:site_name\" content=\"Szexshop Belvaros\" \/>\n<meta property=\"article:publisher\" content=\"https:\/\/www.facebook.com\/belvarossecrets\/\" \/>\n<meta property=\"article:modified_time\" content=\"2026-04-10T12:00:40+00:00\" \/>\n<meta property=\"og:image\" content=\"https:\/\/www.szexshopbelvaros.com\/wp-content\/uploads\/2025\/01\/Untitled-design-11.png\" \/>\n\t<meta property=\"og:image:width\" content=\"2048\" \/>\n\t<meta property=\"og:image:height\" content=\"1152\" \/>\n\t<meta property=\"og:image:type\" content=\"image\/png\" \/>\n<meta name=\"twitter:card\" content=\"summary_large_image\" \/>\n<meta name=\"twitter:site\" content=\"@belvarossecrets\" \/>\n<meta name=\"twitter:label1\" content=\"Est. reading time\" \/>\n\t<meta name=\"twitter:data1\" content=\"1 minute\" \/>\n<script type=\"application\/ld+json\" class=\"yoast-schema-graph\">{\"@context\":\"https:\\\/\\\/schema.org\",\"@graph\":[{\"@type\":\"WebPage\",\"@id\":\"https:\\\/\\\/www.szexshopbelvaros.com\\\/termek\\\/durex-feel-thin-elethu-erzes-ovszer-3db-lifelike-feeling-condoms-3pcs\\\/\",\"url\":\"https:\\\/\\\/www.szexshopbelvaros.com\\\/termek\\\/durex-feel-thin-elethu-erzes-ovszer-3db-lifelike-feeling-condoms-3pcs\\\/\",\"name\":\"Feel Thin - \u00e9leth\u0171 \u00e9rz\u00e9s \u00f3vszer (4db). - Szexshop Belvaros\",\"isPartOf\":{\"@id\":\"https:\\\/\\\/www.szexshopbelvaros.com\\\/#website\"},\"primaryImageOfPage\":{\"@id\":\"https:\\\/\\\/www.szexshopbelvaros.com\\\/termek\\\/durex-feel-thin-elethu-erzes-ovszer-3db-lifelike-feeling-condoms-3pcs\\\/#primaryimage\"},\"image\":{\"@id\":\"https:\\\/\\\/www.szexshopbelvaros.com\\\/termek\\\/durex-feel-thin-elethu-erzes-ovszer-3db-lifelike-feeling-condoms-3pcs\\\/#primaryimage\"},\"thumbnailUrl\":\"https:\\\/\\\/www.szexshopbelvaros.com\\\/wp-content\\\/uploads\\\/2025\\\/01\\\/Untitled-design-11.png\",\"datePublished\":\"2025-01-31T13:48:19+00:00\",\"dateModified\":\"2026-04-10T12:00:40+00:00\",\"breadcrumb\":{\"@id\":\"https:\\\/\\\/www.szexshopbelvaros.com\\\/termek\\\/durex-feel-thin-elethu-erzes-ovszer-3db-lifelike-feeling-condoms-3pcs\\\/#breadcrumb\"},\"inLanguage\":\"en-US\",\"potentialAction\":[{\"@type\":\"ReadAction\",\"target\":[\"https:\\\/\\\/www.szexshopbelvaros.com\\\/termek\\\/durex-feel-thin-elethu-erzes-ovszer-3db-lifelike-feeling-condoms-3pcs\\\/\"]}]},{\"@type\":\"ImageObject\",\"inLanguage\":\"en-US\",\"@id\":\"https:\\\/\\\/www.szexshopbelvaros.com\\\/termek\\\/durex-feel-thin-elethu-erzes-ovszer-3db-lifelike-feeling-condoms-3pcs\\\/#primaryimage\",\"url\":\"https:\\\/\\\/www.szexshopbelvaros.com\\\/wp-content\\\/uploads\\\/2025\\\/01\\\/Untitled-design-11.png\",\"contentUrl\":\"https:\\\/\\\/www.szexshopbelvaros.com\\\/wp-content\\\/uploads\\\/2025\\\/01\\\/Untitled-design-11.png\",\"width\":2048,\"height\":1152},{\"@type\":\"BreadcrumbList\",\"@id\":\"https:\\\/\\\/www.szexshopbelvaros.com\\\/termek\\\/durex-feel-thin-elethu-erzes-ovszer-3db-lifelike-feeling-condoms-3pcs\\\/#breadcrumb\",\"itemListElement\":[{\"@type\":\"ListItem\",\"position\":1,\"name\":\"Home\",\"item\":\"https:\\\/\\\/www.szexshopbelvaros.com\\\/\"},{\"@type\":\"ListItem\",\"position\":2,\"name\":\"\u00c1ruh\u00e1z\",\"item\":\"https:\\\/\\\/www.szexshopbelvaros.com\\\/uzlet\\\/\"},{\"@type\":\"ListItem\",\"position\":3,\"name\":\"Feel Thin &#8211; \u00e9leth\u0171 \u00e9rz\u00e9s \u00f3vszer (4db).\"}]},{\"@type\":\"WebSite\",\"@id\":\"https:\\\/\\\/www.szexshopbelvaros.com\\\/#website\",\"url\":\"https:\\\/\\\/www.szexshopbelvaros.com\\\/\",\"name\":\"Szexshop Belv\u00e1ros\",\"description\":\"\ud83d\udd25 A szex olyan, mint a p\u00e9nz; csak a t\u00fal sok el\u00e9g!\u2122 Titkok a belv\u00e1rosb\u00f3l \ud83d\udc8b | Secrets from Budapest \ud83d\udc8e Feln\u0151tt j\u00e1t\u00e9kok \u2022 Erotika \u2022 Szexshop Belvaros\",\"publisher\":{\"@id\":\"https:\\\/\\\/www.szexshopbelvaros.com\\\/#organization\"},\"potentialAction\":[{\"@type\":\"SearchAction\",\"target\":{\"@type\":\"EntryPoint\",\"urlTemplate\":\"https:\\\/\\\/www.szexshopbelvaros.com\\\/?s={search_term_string}\"},\"query-input\":{\"@type\":\"PropertyValueSpecification\",\"valueRequired\":true,\"valueName\":\"search_term_string\"}}],\"inLanguage\":\"en-US\"},{\"@type\":\"Organization\",\"@id\":\"https:\\\/\\\/www.szexshopbelvaros.com\\\/#organization\",\"name\":\"Szexshop Belv\u00e1ros\",\"alternateName\":\"szexshopbelvaros.com\",\"url\":\"https:\\\/\\\/www.szexshopbelvaros.com\\\/\",\"logo\":{\"@type\":\"ImageObject\",\"inLanguage\":\"en-US\",\"@id\":\"https:\\\/\\\/www.szexshopbelvaros.com\\\/#\\\/schema\\\/logo\\\/image\\\/\",\"url\":\"https:\\\/\\\/www.szexshopbelvaros.com\\\/wp-content\\\/uploads\\\/2025\\\/09\\\/1Szexshopbelvaroslogo_blurred_stronger.jpg\",\"contentUrl\":\"https:\\\/\\\/www.szexshopbelvaros.com\\\/wp-content\\\/uploads\\\/2025\\\/09\\\/1Szexshopbelvaroslogo_blurred_stronger.jpg\",\"width\":1024,\"height\":1024,\"caption\":\"Szexshop Belv\u00e1ros\"},\"image\":{\"@id\":\"https:\\\/\\\/www.szexshopbelvaros.com\\\/#\\\/schema\\\/logo\\\/image\\\/\"},\"sameAs\":[\"https:\\\/\\\/www.facebook.com\\\/belvarossecrets\\\/\",\"https:\\\/\\\/x.com\\\/belvarossecrets\",\"https:\\\/\\\/www.instagram.com\\\/belvarossecrets\\\/\",\"https:\\\/\\\/www.tiktok.com\\\/@belvarossecrets\"]}]}<\/script>\n<!-- \/ Yoast SEO plugin. -->","yoast_head_json":{"title":"Feel Thin - lifelike feeling condoms (4pcs). - Sex shop Belvaros","robots":{"index":"index","follow":"follow","max-snippet":"max-snippet:-1","max-image-preview":"max-image-preview:large","max-video-preview":"max-video-preview:-1"},"canonical":"https:\/\/www.szexshopbelvaros.com\/en\/product\/durex-feel-thin-elethu-erzes-ovszer-3db-lifelike-feeling-condoms-3pcs\/","og_locale":"en_US","og_type":"article","og_title":"Feel Thin - \u00e9leth\u0171 \u00e9rz\u00e9s \u00f3vszer (4db). - Szexshop Belvaros","og_description":"Szuper v\u00e9kony kialak\u00edt\u00e1s\u00fa Durex \u00f3vszer diszkr\u00e9t egys\u00e9gcsomagban! Mi\u00e9rt j\u00f3? Extra v\u00e9kony \u00f3vszerek a nagyobb gy\u00f6ny\u00f6r\u00e9rt, t\u00e9nyleg, mintha semmit sem viseln\u00e9l Gy\u00e1ri s\u00edkos\u00edt\u00e1ssal ell\u00e1tva &#8211; a k\u00f6nnyed behatol\u00e1s\u00e9rt Az \u00f3vszerek Easy-On technol\u00f3gi\u00e1val k\u00e9sz\u00fcl\u0151, Pleasure-Fit form\u00e1ja k\u00f6veti a test vonal\u00e1t, \u00edgy t\u00f6k\u00e9letes illeszked\u00e9st biztos\u00edt Kellemes illattal &#8211; nincs er\u0151s, gumis szaga Biztons\u00e1gos ond\u00f3tart\u00e1llyal ell\u00e1tva Erre figyelj: Felh\u00faz\u00e1skor [...]","og_url":"https:\/\/www.szexshopbelvaros.com\/en\/product\/durex-feel-thin-elethu-erzes-ovszer-3db-lifelike-feeling-condoms-3pcs\/","og_site_name":"Szexshop Belvaros","article_publisher":"https:\/\/www.facebook.com\/belvarossecrets\/","article_modified_time":"2026-04-10T12:00:40+00:00","og_image":[{"width":2048,"height":1152,"url":"https:\/\/www.szexshopbelvaros.com\/wp-content\/uploads\/2025\/01\/Untitled-design-11.png","type":"image\/png"}],"twitter_card":"summary_large_image","twitter_site":"@belvarossecrets","twitter_misc":{"Est. reading time":"1 minute"},"schema":{"@context":"https:\/\/schema.org","@graph":[{"@type":"WebPage","@id":"https:\/\/www.szexshopbelvaros.com\/termek\/durex-feel-thin-elethu-erzes-ovszer-3db-lifelike-feeling-condoms-3pcs\/","url":"https:\/\/www.szexshopbelvaros.com\/termek\/durex-feel-thin-elethu-erzes-ovszer-3db-lifelike-feeling-condoms-3pcs\/","name":"Feel Thin - lifelike feeling condoms (4pcs). - Sex shop Belvaros","isPartOf":{"@id":"https:\/\/www.szexshopbelvaros.com\/#website"},"primaryImageOfPage":{"@id":"https:\/\/www.szexshopbelvaros.com\/termek\/durex-feel-thin-elethu-erzes-ovszer-3db-lifelike-feeling-condoms-3pcs\/#primaryimage"},"image":{"@id":"https:\/\/www.szexshopbelvaros.com\/termek\/durex-feel-thin-elethu-erzes-ovszer-3db-lifelike-feeling-condoms-3pcs\/#primaryimage"},"thumbnailUrl":"https:\/\/www.szexshopbelvaros.com\/wp-content\/uploads\/2025\/01\/Untitled-design-11.png","datePublished":"2025-01-31T13:48:19+00:00","dateModified":"2026-04-10T12:00:40+00:00","breadcrumb":{"@id":"https:\/\/www.szexshopbelvaros.com\/termek\/durex-feel-thin-elethu-erzes-ovszer-3db-lifelike-feeling-condoms-3pcs\/#breadcrumb"},"inLanguage":"en-US","potentialAction":[{"@type":"ReadAction","target":["https:\/\/www.szexshopbelvaros.com\/termek\/durex-feel-thin-elethu-erzes-ovszer-3db-lifelike-feeling-condoms-3pcs\/"]}]},{"@type":"ImageObject","inLanguage":"en-US","@id":"https:\/\/www.szexshopbelvaros.com\/termek\/durex-feel-thin-elethu-erzes-ovszer-3db-lifelike-feeling-condoms-3pcs\/#primaryimage","url":"https:\/\/www.szexshopbelvaros.com\/wp-content\/uploads\/2025\/01\/Untitled-design-11.png","contentUrl":"https:\/\/www.szexshopbelvaros.com\/wp-content\/uploads\/2025\/01\/Untitled-design-11.png","width":2048,"height":1152},{"@type":"BreadcrumbList","@id":"https:\/\/www.szexshopbelvaros.com\/termek\/durex-feel-thin-elethu-erzes-ovszer-3db-lifelike-feeling-condoms-3pcs\/#breadcrumb","itemListElement":[{"@type":"ListItem","position":1,"name":"Home","item":"https:\/\/www.szexshopbelvaros.com\/"},{"@type":"ListItem","position":2,"name":"\u00c1ruh\u00e1z","item":"https:\/\/www.szexshopbelvaros.com\/uzlet\/"},{"@type":"ListItem","position":3,"name":"Feel Thin &#8211; \u00e9leth\u0171 \u00e9rz\u00e9s \u00f3vszer (4db)."}]},{"@type":"WebSite","@id":"https:\/\/www.szexshopbelvaros.com\/#website","url":"https:\/\/www.szexshopbelvaros.com\/","name":"at our Szexshop Belv\u00e1ros","description":"\ud83d\udd25 Sex is like money; only too much is enough!\u2122 Secrets from the city center \ud83d\udc8b | Secrets from Budapest \ud83d\udc8e Adult games \u2022 Erotica \u2022 Sex shop Belvaros","publisher":{"@id":"https:\/\/www.szexshopbelvaros.com\/#organization"},"potentialAction":[{"@type":"SearchAction","target":{"@type":"EntryPoint","urlTemplate":"https:\/\/www.szexshopbelvaros.com\/?s={search_term_string}"},"query-input":{"@type":"PropertyValueSpecification","valueRequired":true,"valueName":"search_term_string"}}],"inLanguage":"en-US"},{"@type":"Organization","@id":"https:\/\/www.szexshopbelvaros.com\/#organization","name":"at our Szexshop Belv\u00e1ros","alternateName":"szexshopbelvaros.com","url":"https:\/\/www.szexshopbelvaros.com\/","logo":{"@type":"ImageObject","inLanguage":"en-US","@id":"https:\/\/www.szexshopbelvaros.com\/#\/schema\/logo\/image\/","url":"https:\/\/www.szexshopbelvaros.com\/wp-content\/uploads\/2025\/09\/1Szexshopbelvaroslogo_blurred_stronger.jpg","contentUrl":"https:\/\/www.szexshopbelvaros.com\/wp-content\/uploads\/2025\/09\/1Szexshopbelvaroslogo_blurred_stronger.jpg","width":1024,"height":1024,"caption":"Szexshop Belv\u00e1ros"},"image":{"@id":"https:\/\/www.szexshopbelvaros.com\/#\/schema\/logo\/image\/"},"sameAs":["https:\/\/www.facebook.com\/belvarossecrets\/","https:\/\/x.com\/belvarossecrets","https:\/\/www.instagram.com\/belvarossecrets\/","https:\/\/www.tiktok.com\/@belvarossecrets"]}]}},"_links":{"self":[{"href":"https:\/\/www.szexshopbelvaros.com\/en\/wp-json\/wp\/v2\/product\/898","targetHints":{"allow":["GET"]}}],"collection":[{"href":"https:\/\/www.szexshopbelvaros.com\/en\/wp-json\/wp\/v2\/product"}],"about":[{"href":"https:\/\/www.szexshopbelvaros.com\/en\/wp-json\/wp\/v2\/types\/product"}],"replies":[{"embeddable":true,"href":"https:\/\/www.szexshopbelvaros.com\/en\/wp-json\/wp\/v2\/comments?post=898"}],"wp:featuredmedia":[{"embeddable":true,"href":"https:\/\/www.szexshopbelvaros.com\/en\/wp-json\/wp\/v2\/media\/2714"}],"wp:attachment":[{"href":"https:\/\/www.szexshopbelvaros.com\/en\/wp-json\/wp\/v2\/media?parent=898"}],"wp:term":[{"taxonomy":"product_brand","embeddable":true,"href":"https:\/\/www.szexshopbelvaros.com\/en\/wp-json\/wp\/v2\/product_brand?post=898"},{"taxonomy":"product_cat","embeddable":true,"href":"https:\/\/www.szexshopbelvaros.com\/en\/wp-json\/wp\/v2\/product_cat?post=898"},{"taxonomy":"product_tag","embeddable":true,"href":"https:\/\/www.szexshopbelvaros.com\/en\/wp-json\/wp\/v2\/product_tag?post=898"}],"curies":[{"name":"wp","href":"https:\/\/api.w.org\/{rel}","templated":true}]}}