{"id":908,"date":"2025-01-31T14:49:39","date_gmt":"2025-01-31T13:49:39","guid":{"rendered":"https:\/\/www.szexshopbelvaros.com\/termek\/fetish-fashion-kourtney-red\/"},"modified":"2026-04-21T16:00:02","modified_gmt":"2026-04-21T14:00:02","slug":"fetish-fashion-kourtney-red","status":"publish","type":"product","link":"https:\/\/www.szexshopbelvaros.com\/en\/product\/fetish-fashion-kourtney-red\/","title":{"rendered":"\ud83d\udd34 Kourtney \u2013 The Oral Service Is Open!"},"content":{"rendered":"<p data-start=\"116\" data-end=\"896\"><br data-start=\"155\" data-end=\"158\" \/>If you want your partner to keep their mouth open <em data-start=\"212\" data-end=\"259\">even when you should finally remain silent<\/em>, the Fetish &amp; Fashion Kourtney open mouth gag is your toy! This red beauty not only dominates visually, but also keeps your mouth open comfortably yet effectively \u2013 thanks to the adjustable buckle closure, the soft but durable PU and silicone material, and the nickel-free metal parts that even those with metal allergies will be grateful for. A must-have accessory for BDSM, fetish and subordination games, it is guaranteed to silence the after-dinner argument \u2013 and it looks good too. The gags are available in a variety of sizes and shapes, but this open version literally <em data-start=\"870\" data-end=\"895\">leaves mouths open<\/em>.<\/p>\n<p data-start=\"898\" data-end=\"1059\">The Kourtney gag can be found at szexshopbelvaros.com - the collection of the most spicy toys in Budapest, where silence can be enjoyed loudly.<\/p>","protected":false},"excerpt":{"rendered":"<p>Ha szeretn\u00e9d, hogy a partnered nyitva tartsa a sz\u00e1j\u00e1t akkor is, amikor v\u00e9gre csendben k\u00e9ne maradnia, a Fetish &amp; Fashion Kourtney nyitott sz\u00e1jp\u00f6c\u00f6k a te j\u00e1t\u00e9kszered! Ez a v\u00f6r\u00f6s gy\u00f6ny\u00f6r\u0171s\u00e9g nemcsak vizu\u00e1lisan domin\u00e1l, hanem k\u00e9nyelmesen, m\u00e9gis hat\u00e1sosan tartja nyitva a sz\u00e1jacsk\u00e1t \u2013 k\u00f6sz\u00f6nhet\u0151en az \u00e1ll\u00edthat\u00f3 csatos z\u00e1r\u00f3d\u00e1snak, a puha, de strapab\u00edr\u00f3 PU \u00e9s szilikon anyagnak, [&#8230;]\n","protected":false},"featured_media":909,"comment_status":"closed","ping_status":"closed","template":"","meta":[],"product_brand":[177],"product_cat":[52,2006],"product_tag":[309,321,1410,372,316,308,389,2008,733,317,715,1625,2013],"class_list":{"0":"post-908","1":"product","2":"type-product","3":"status-publish","4":"has-post-thumbnail","6":"product_brand-ns-novelties","7":"product_cat-bdsm","8":"product_cat-dominancia-alavetettseg","9":"product_tag-alavetettseg","10":"product_tag-bdsm","11":"product_tag-bdsm-toy","12":"product_tag-bondage","13":"product_tag-dominance","14":"product_tag-dominancia","15":"product_tag-felnott-jatek","16":"product_tag-kink","17":"product_tag-power-exchange","18":"product_tag-submission","19":"product_tag-szadomazo-kellek","20":"product_tag-szerepjatek","21":"product_tag-uralom","23":"first","24":"instock","25":"taxable","26":"shipping-taxable","27":"purchasable","28":"product-type-simple"},"yoast_head":"<!-- This site is optimized with the Yoast SEO plugin v27.5 - https:\/\/yoast.com\/product\/yoast-seo-wordpress\/ -->\n<title>\ud83d\udd34 Kourtney \u2013 A Sz\u00e1jszerv\u00edz Nyitva! - Szexshop Belvaros<\/title>\n<meta name=\"robots\" content=\"index, follow, max-snippet:-1, max-image-preview:large, max-video-preview:-1\" \/>\n<link rel=\"canonical\" href=\"https:\/\/www.szexshopbelvaros.com\/en\/product\/fetish-fashion-kourtney-red\/\" \/>\n<meta property=\"og:locale\" content=\"en_US\" \/>\n<meta property=\"og:type\" content=\"article\" \/>\n<meta property=\"og:title\" content=\"\ud83d\udd34 Kourtney \u2013 A Sz\u00e1jszerv\u00edz Nyitva! - Szexshop Belvaros\" \/>\n<meta property=\"og:description\" content=\"Ha szeretn\u00e9d, hogy a partnered nyitva tartsa a sz\u00e1j\u00e1t akkor is, amikor v\u00e9gre csendben k\u00e9ne maradnia, a Fetish &amp; Fashion Kourtney nyitott sz\u00e1jp\u00f6c\u00f6k a te j\u00e1t\u00e9kszered! Ez a v\u00f6r\u00f6s gy\u00f6ny\u00f6r\u0171s\u00e9g nemcsak vizu\u00e1lisan domin\u00e1l, hanem k\u00e9nyelmesen, m\u00e9gis hat\u00e1sosan tartja nyitva a sz\u00e1jacsk\u00e1t \u2013 k\u00f6sz\u00f6nhet\u0151en az \u00e1ll\u00edthat\u00f3 csatos z\u00e1r\u00f3d\u00e1snak, a puha, de strapab\u00edr\u00f3 PU \u00e9s szilikon anyagnak, [...]\" \/>\n<meta property=\"og:url\" content=\"https:\/\/www.szexshopbelvaros.com\/en\/product\/fetish-fashion-kourtney-red\/\" \/>\n<meta property=\"og:site_name\" content=\"Szexshop Belvaros\" \/>\n<meta property=\"article:publisher\" content=\"https:\/\/www.facebook.com\/belvarossecrets\/\" \/>\n<meta property=\"article:modified_time\" content=\"2026-04-21T14:00:02+00:00\" \/>\n<meta property=\"og:image\" content=\"https:\/\/www.szexshopbelvaros.com\/wp-content\/uploads\/2025\/01\/67695e6ec8042957eeb5671c.jpeg\" \/>\n\t<meta property=\"og:image:width\" content=\"1200\" \/>\n\t<meta property=\"og:image:height\" content=\"675\" \/>\n\t<meta property=\"og:image:type\" content=\"image\/jpeg\" \/>\n<meta name=\"twitter:card\" content=\"summary_large_image\" \/>\n<meta name=\"twitter:site\" content=\"@belvarossecrets\" \/>\n<meta name=\"twitter:label1\" content=\"Est. reading time\" \/>\n\t<meta name=\"twitter:data1\" content=\"1 minute\" \/>\n<script type=\"application\/ld+json\" class=\"yoast-schema-graph\">{\"@context\":\"https:\\\/\\\/schema.org\",\"@graph\":[{\"@type\":\"WebPage\",\"@id\":\"https:\\\/\\\/www.szexshopbelvaros.com\\\/termek\\\/fetish-fashion-kourtney-red\\\/\",\"url\":\"https:\\\/\\\/www.szexshopbelvaros.com\\\/termek\\\/fetish-fashion-kourtney-red\\\/\",\"name\":\"\ud83d\udd34 Kourtney \u2013 A Sz\u00e1jszerv\u00edz Nyitva! - Szexshop Belvaros\",\"isPartOf\":{\"@id\":\"https:\\\/\\\/www.szexshopbelvaros.com\\\/#website\"},\"primaryImageOfPage\":{\"@id\":\"https:\\\/\\\/www.szexshopbelvaros.com\\\/termek\\\/fetish-fashion-kourtney-red\\\/#primaryimage\"},\"image\":{\"@id\":\"https:\\\/\\\/www.szexshopbelvaros.com\\\/termek\\\/fetish-fashion-kourtney-red\\\/#primaryimage\"},\"thumbnailUrl\":\"https:\\\/\\\/www.szexshopbelvaros.com\\\/wp-content\\\/uploads\\\/2025\\\/01\\\/67695e6ec8042957eeb5671c.jpeg\",\"datePublished\":\"2025-01-31T13:49:39+00:00\",\"dateModified\":\"2026-04-21T14:00:02+00:00\",\"breadcrumb\":{\"@id\":\"https:\\\/\\\/www.szexshopbelvaros.com\\\/termek\\\/fetish-fashion-kourtney-red\\\/#breadcrumb\"},\"inLanguage\":\"en-US\",\"potentialAction\":[{\"@type\":\"ReadAction\",\"target\":[\"https:\\\/\\\/www.szexshopbelvaros.com\\\/termek\\\/fetish-fashion-kourtney-red\\\/\"]}]},{\"@type\":\"ImageObject\",\"inLanguage\":\"en-US\",\"@id\":\"https:\\\/\\\/www.szexshopbelvaros.com\\\/termek\\\/fetish-fashion-kourtney-red\\\/#primaryimage\",\"url\":\"https:\\\/\\\/www.szexshopbelvaros.com\\\/wp-content\\\/uploads\\\/2025\\\/01\\\/67695e6ec8042957eeb5671c.jpeg\",\"contentUrl\":\"https:\\\/\\\/www.szexshopbelvaros.com\\\/wp-content\\\/uploads\\\/2025\\\/01\\\/67695e6ec8042957eeb5671c.jpeg\",\"width\":1200,\"height\":675},{\"@type\":\"BreadcrumbList\",\"@id\":\"https:\\\/\\\/www.szexshopbelvaros.com\\\/termek\\\/fetish-fashion-kourtney-red\\\/#breadcrumb\",\"itemListElement\":[{\"@type\":\"ListItem\",\"position\":1,\"name\":\"Home\",\"item\":\"https:\\\/\\\/www.szexshopbelvaros.com\\\/\"},{\"@type\":\"ListItem\",\"position\":2,\"name\":\"\u00c1ruh\u00e1z\",\"item\":\"https:\\\/\\\/www.szexshopbelvaros.com\\\/uzlet\\\/\"},{\"@type\":\"ListItem\",\"position\":3,\"name\":\"\ud83d\udd34 Kourtney \u2013 A Sz\u00e1jszerv\u00edz Nyitva!\"}]},{\"@type\":\"WebSite\",\"@id\":\"https:\\\/\\\/www.szexshopbelvaros.com\\\/#website\",\"url\":\"https:\\\/\\\/www.szexshopbelvaros.com\\\/\",\"name\":\"Szexshop Belv\u00e1ros\",\"description\":\"\ud83d\udd25 A szex olyan, mint a p\u00e9nz; csak a t\u00fal sok el\u00e9g!\u2122 Titkok a belv\u00e1rosb\u00f3l \ud83d\udc8b | Secrets from Budapest \ud83d\udc8e Feln\u0151tt j\u00e1t\u00e9kok \u2022 Erotika \u2022 Szexshop Belvaros\",\"publisher\":{\"@id\":\"https:\\\/\\\/www.szexshopbelvaros.com\\\/#organization\"},\"potentialAction\":[{\"@type\":\"SearchAction\",\"target\":{\"@type\":\"EntryPoint\",\"urlTemplate\":\"https:\\\/\\\/www.szexshopbelvaros.com\\\/?s={search_term_string}\"},\"query-input\":{\"@type\":\"PropertyValueSpecification\",\"valueRequired\":true,\"valueName\":\"search_term_string\"}}],\"inLanguage\":\"en-US\"},{\"@type\":\"Organization\",\"@id\":\"https:\\\/\\\/www.szexshopbelvaros.com\\\/#organization\",\"name\":\"Szexshop Belv\u00e1ros\",\"alternateName\":\"szexshopbelvaros.com\",\"url\":\"https:\\\/\\\/www.szexshopbelvaros.com\\\/\",\"logo\":{\"@type\":\"ImageObject\",\"inLanguage\":\"en-US\",\"@id\":\"https:\\\/\\\/www.szexshopbelvaros.com\\\/#\\\/schema\\\/logo\\\/image\\\/\",\"url\":\"https:\\\/\\\/www.szexshopbelvaros.com\\\/wp-content\\\/uploads\\\/2025\\\/09\\\/1Szexshopbelvaroslogo_blurred_stronger.jpg\",\"contentUrl\":\"https:\\\/\\\/www.szexshopbelvaros.com\\\/wp-content\\\/uploads\\\/2025\\\/09\\\/1Szexshopbelvaroslogo_blurred_stronger.jpg\",\"width\":1024,\"height\":1024,\"caption\":\"Szexshop Belv\u00e1ros\"},\"image\":{\"@id\":\"https:\\\/\\\/www.szexshopbelvaros.com\\\/#\\\/schema\\\/logo\\\/image\\\/\"},\"sameAs\":[\"https:\\\/\\\/www.facebook.com\\\/belvarossecrets\\\/\",\"https:\\\/\\\/x.com\\\/belvarossecrets\",\"https:\\\/\\\/www.instagram.com\\\/belvarossecrets\\\/\",\"https:\\\/\\\/www.tiktok.com\\\/@belvarossecrets\"]}]}<\/script>\n<!-- \/ Yoast SEO plugin. -->","yoast_head_json":{"title":"\ud83d\udd34 Kourtney \u2013 Oral Service Open! - Sex Shop Belvaros","robots":{"index":"index","follow":"follow","max-snippet":"max-snippet:-1","max-image-preview":"max-image-preview:large","max-video-preview":"max-video-preview:-1"},"canonical":"https:\/\/www.szexshopbelvaros.com\/en\/product\/fetish-fashion-kourtney-red\/","og_locale":"en_US","og_type":"article","og_title":"\ud83d\udd34 Kourtney \u2013 A Sz\u00e1jszerv\u00edz Nyitva! - Szexshop Belvaros","og_description":"Ha szeretn\u00e9d, hogy a partnered nyitva tartsa a sz\u00e1j\u00e1t akkor is, amikor v\u00e9gre csendben k\u00e9ne maradnia, a Fetish &amp; Fashion Kourtney nyitott sz\u00e1jp\u00f6c\u00f6k a te j\u00e1t\u00e9kszered! Ez a v\u00f6r\u00f6s gy\u00f6ny\u00f6r\u0171s\u00e9g nemcsak vizu\u00e1lisan domin\u00e1l, hanem k\u00e9nyelmesen, m\u00e9gis hat\u00e1sosan tartja nyitva a sz\u00e1jacsk\u00e1t \u2013 k\u00f6sz\u00f6nhet\u0151en az \u00e1ll\u00edthat\u00f3 csatos z\u00e1r\u00f3d\u00e1snak, a puha, de strapab\u00edr\u00f3 PU \u00e9s szilikon anyagnak, [...]","og_url":"https:\/\/www.szexshopbelvaros.com\/en\/product\/fetish-fashion-kourtney-red\/","og_site_name":"Szexshop Belvaros","article_publisher":"https:\/\/www.facebook.com\/belvarossecrets\/","article_modified_time":"2026-04-21T14:00:02+00:00","og_image":[{"width":1200,"height":675,"url":"https:\/\/www.szexshopbelvaros.com\/wp-content\/uploads\/2025\/01\/67695e6ec8042957eeb5671c.jpeg","type":"image\/jpeg"}],"twitter_card":"summary_large_image","twitter_site":"@belvarossecrets","twitter_misc":{"Est. reading time":"1 minute"},"schema":{"@context":"https:\/\/schema.org","@graph":[{"@type":"WebPage","@id":"https:\/\/www.szexshopbelvaros.com\/termek\/fetish-fashion-kourtney-red\/","url":"https:\/\/www.szexshopbelvaros.com\/termek\/fetish-fashion-kourtney-red\/","name":"\ud83d\udd34 Kourtney \u2013 Oral Service Open! - Sex Shop Belvaros","isPartOf":{"@id":"https:\/\/www.szexshopbelvaros.com\/#website"},"primaryImageOfPage":{"@id":"https:\/\/www.szexshopbelvaros.com\/termek\/fetish-fashion-kourtney-red\/#primaryimage"},"image":{"@id":"https:\/\/www.szexshopbelvaros.com\/termek\/fetish-fashion-kourtney-red\/#primaryimage"},"thumbnailUrl":"https:\/\/www.szexshopbelvaros.com\/wp-content\/uploads\/2025\/01\/67695e6ec8042957eeb5671c.jpeg","datePublished":"2025-01-31T13:49:39+00:00","dateModified":"2026-04-21T14:00:02+00:00","breadcrumb":{"@id":"https:\/\/www.szexshopbelvaros.com\/termek\/fetish-fashion-kourtney-red\/#breadcrumb"},"inLanguage":"en-US","potentialAction":[{"@type":"ReadAction","target":["https:\/\/www.szexshopbelvaros.com\/termek\/fetish-fashion-kourtney-red\/"]}]},{"@type":"ImageObject","inLanguage":"en-US","@id":"https:\/\/www.szexshopbelvaros.com\/termek\/fetish-fashion-kourtney-red\/#primaryimage","url":"https:\/\/www.szexshopbelvaros.com\/wp-content\/uploads\/2025\/01\/67695e6ec8042957eeb5671c.jpeg","contentUrl":"https:\/\/www.szexshopbelvaros.com\/wp-content\/uploads\/2025\/01\/67695e6ec8042957eeb5671c.jpeg","width":1200,"height":675},{"@type":"BreadcrumbList","@id":"https:\/\/www.szexshopbelvaros.com\/termek\/fetish-fashion-kourtney-red\/#breadcrumb","itemListElement":[{"@type":"ListItem","position":1,"name":"Home","item":"https:\/\/www.szexshopbelvaros.com\/"},{"@type":"ListItem","position":2,"name":"\u00c1ruh\u00e1z","item":"https:\/\/www.szexshopbelvaros.com\/uzlet\/"},{"@type":"ListItem","position":3,"name":"\ud83d\udd34 Kourtney \u2013 A Sz\u00e1jszerv\u00edz Nyitva!"}]},{"@type":"WebSite","@id":"https:\/\/www.szexshopbelvaros.com\/#website","url":"https:\/\/www.szexshopbelvaros.com\/","name":"at our Szexshop Belv\u00e1ros","description":"\ud83d\udd25 Sex is like money; only too much is enough!\u2122 Secrets from the city center \ud83d\udc8b | Secrets from Budapest \ud83d\udc8e Adult games \u2022 Erotica \u2022 Sex shop Belvaros","publisher":{"@id":"https:\/\/www.szexshopbelvaros.com\/#organization"},"potentialAction":[{"@type":"SearchAction","target":{"@type":"EntryPoint","urlTemplate":"https:\/\/www.szexshopbelvaros.com\/?s={search_term_string}"},"query-input":{"@type":"PropertyValueSpecification","valueRequired":true,"valueName":"search_term_string"}}],"inLanguage":"en-US"},{"@type":"Organization","@id":"https:\/\/www.szexshopbelvaros.com\/#organization","name":"at our Szexshop Belv\u00e1ros","alternateName":"szexshopbelvaros.com","url":"https:\/\/www.szexshopbelvaros.com\/","logo":{"@type":"ImageObject","inLanguage":"en-US","@id":"https:\/\/www.szexshopbelvaros.com\/#\/schema\/logo\/image\/","url":"https:\/\/www.szexshopbelvaros.com\/wp-content\/uploads\/2025\/09\/1Szexshopbelvaroslogo_blurred_stronger.jpg","contentUrl":"https:\/\/www.szexshopbelvaros.com\/wp-content\/uploads\/2025\/09\/1Szexshopbelvaroslogo_blurred_stronger.jpg","width":1024,"height":1024,"caption":"Szexshop Belv\u00e1ros"},"image":{"@id":"https:\/\/www.szexshopbelvaros.com\/#\/schema\/logo\/image\/"},"sameAs":["https:\/\/www.facebook.com\/belvarossecrets\/","https:\/\/x.com\/belvarossecrets","https:\/\/www.instagram.com\/belvarossecrets\/","https:\/\/www.tiktok.com\/@belvarossecrets"]}]}},"_links":{"self":[{"href":"https:\/\/www.szexshopbelvaros.com\/en\/wp-json\/wp\/v2\/product\/908","targetHints":{"allow":["GET"]}}],"collection":[{"href":"https:\/\/www.szexshopbelvaros.com\/en\/wp-json\/wp\/v2\/product"}],"about":[{"href":"https:\/\/www.szexshopbelvaros.com\/en\/wp-json\/wp\/v2\/types\/product"}],"replies":[{"embeddable":true,"href":"https:\/\/www.szexshopbelvaros.com\/en\/wp-json\/wp\/v2\/comments?post=908"}],"wp:featuredmedia":[{"embeddable":true,"href":"https:\/\/www.szexshopbelvaros.com\/en\/wp-json\/wp\/v2\/media\/909"}],"wp:attachment":[{"href":"https:\/\/www.szexshopbelvaros.com\/en\/wp-json\/wp\/v2\/media?parent=908"}],"wp:term":[{"taxonomy":"product_brand","embeddable":true,"href":"https:\/\/www.szexshopbelvaros.com\/en\/wp-json\/wp\/v2\/product_brand?post=908"},{"taxonomy":"product_cat","embeddable":true,"href":"https:\/\/www.szexshopbelvaros.com\/en\/wp-json\/wp\/v2\/product_cat?post=908"},{"taxonomy":"product_tag","embeddable":true,"href":"https:\/\/www.szexshopbelvaros.com\/en\/wp-json\/wp\/v2\/product_tag?post=908"}],"curies":[{"name":"wp","href":"https:\/\/api.w.org\/{rel}","templated":true}]}}