{"id":912,"date":"2025-01-31T14:49:39","date_gmt":"2025-01-31T13:49:39","guid":{"rendered":"https:\/\/www.szexshopbelvaros.com\/termek\/beautiful-jack-106-dildo\/"},"modified":"2026-04-10T14:00:36","modified_gmt":"2026-04-10T12:00:36","slug":"beautiful-jack-106-dildo","status":"publish","type":"product","link":"https:\/\/www.szexshopbelvaros.com\/en\/product\/beautiful-jack-106-dildo\/","title":{"rendered":"Beautiful Jack - 10.6\u201d Dildo"},"content":{"rendered":"<p>A flexible, penis-shaped dildo made of skin-like material, with a veined surface and testicles. It can also be used to stimulate the g-spot. It can be attached to a flat surface using its suction cup.<\/p>\n<p>The huge realistic G-spot curved dildo is made of lifelike TPR material and is a long sex toy that is designed to feel like the real thing. The shape of this dildo is modeled after a real penis, so the size, dimensions and features of the toy are completely realistic. With the veined texture of the long and curved shaft, the leather-textured round balls and the spherical head, this long penis provides amazing sensations.<\/p>\n<p>Cleaning: Wash with warm soapy water and tool cleaner before and after each use. Water-based lubricant recommended.<\/p>\n<p>Length (cm):<br \/>\n27<br \/>\nDiameter (cm) :<br \/>\n5<br \/>\nColor:<br \/>\nBody color<br \/>\nMaterial:<br \/>\nTPR<br \/>\nSpecial feature:<br \/>\nWaterproof, Soft TPR, Stickable, Testicular, Flexible, Smooth<br \/>\nBrand:<br \/>\nDebra<\/p>\n<p>&nbsp;<\/p>","protected":false},"excerpt":{"rendered":"<p>Rugalmas, p\u00e9nisz form\u00e1j\u00fa, testsz\u00f6vethez hasonl\u00f3, b\u0151rszer\u0171 tapint\u00e1s\u00fa anyagb\u00f3l k\u00e9sz\u00fclt, motor n\u00e9lk\u00fcli, erezett fel\u00fclet\u0171, her\u00e9kkel kieg\u00e9sz\u00edtett dild\u00f3. Kialak\u00edt\u00e1s\u00e1nak k\u00f6sz\u00f6nhet\u0151en a g-pont stimul\u00e1l\u00e1s\u00e1ra is haszn\u00e1lhat\u00f3. Tapad\u00f3korongja seg\u00edts\u00e9g\u00e9vel s\u00edk fel\u00fcletre r\u00f6gz\u00edthet\u0151. A hatalmas, val\u00f3s\u00e1gh\u0171 G-pont \u00edvelt dild\u00f3 \u00e9leth\u0171 TPR anyagb\u00f3l k\u00e9sz\u00fclt, \u00e9s egy hossz\u00fa szexj\u00e1t\u00e9k, amelyet \u00fagy terveztek, hogy \u00fagy \u00e9rezze, mint az igazi. Ennek a dild\u00f3 form\u00e1j\u00e1t [&#8230;]\n","protected":false},"featured_media":913,"comment_status":"closed","ping_status":"closed","template":"","meta":[],"product_brand":[626],"product_cat":[174,137],"product_tag":[398,1109,391,389,2091,1192,1318,1108,385,2088,1116,2087,2086,644,2092,322,220,2089,2094],"class_list":{"0":"post-912","1":"product","2":"type-product","3":"status-publish","4":"has-post-thumbnail","6":"product_brand-baile","7":"product_cat-klasszikus-dildok","8":"product_cat-mupeniszek","9":"product_tag-adult-toy","10":"product_tag-classic-dildo","11":"product_tag-dildo","12":"product_tag-felnott-jatek","13":"product_tag-hagyomanyos-dildo","14":"product_tag-intim-jatek","15":"product_tag-intimate-toy","16":"product_tag-klasszikus-dildo","17":"product_tag-mupenisz","18":"product_tag-nem-vibralos-dildo","19":"product_tag-non-vibrating-dildo","20":"product_tag-pleasure-toy","21":"product_tag-realista-dildo","22":"product_tag-realistic-dildo","23":"product_tag-silicone-dildo","24":"product_tag-szexjatek","25":"product_tag-szexshop-belvaros","26":"product_tag-szilikon-dildo","27":"product_tag-traditional-dildo","29":"first","30":"instock","31":"taxable","32":"shipping-taxable","33":"purchasable","34":"product-type-simple"},"yoast_head":"<!-- This site is optimized with the Yoast SEO plugin v27.4 - https:\/\/yoast.com\/product\/yoast-seo-wordpress\/ -->\n<title>Beautiful Jack - 10,6 &quot; Dildo - Szexshop Belvaros<\/title>\n<meta name=\"robots\" content=\"index, follow, max-snippet:-1, max-image-preview:large, max-video-preview:-1\" \/>\n<link rel=\"canonical\" href=\"https:\/\/www.szexshopbelvaros.com\/en\/product\/beautiful-jack-106-dildo\/\" \/>\n<meta property=\"og:locale\" content=\"en_US\" \/>\n<meta property=\"og:type\" content=\"article\" \/>\n<meta property=\"og:title\" content=\"Beautiful Jack - 10,6 &quot; Dildo - Szexshop Belvaros\" \/>\n<meta property=\"og:description\" content=\"Rugalmas, p\u00e9nisz form\u00e1j\u00fa, testsz\u00f6vethez hasonl\u00f3, b\u0151rszer\u0171 tapint\u00e1s\u00fa anyagb\u00f3l k\u00e9sz\u00fclt, motor n\u00e9lk\u00fcli, erezett fel\u00fclet\u0171, her\u00e9kkel kieg\u00e9sz\u00edtett dild\u00f3. Kialak\u00edt\u00e1s\u00e1nak k\u00f6sz\u00f6nhet\u0151en a g-pont stimul\u00e1l\u00e1s\u00e1ra is haszn\u00e1lhat\u00f3. Tapad\u00f3korongja seg\u00edts\u00e9g\u00e9vel s\u00edk fel\u00fcletre r\u00f6gz\u00edthet\u0151. A hatalmas, val\u00f3s\u00e1gh\u0171 G-pont \u00edvelt dild\u00f3 \u00e9leth\u0171 TPR anyagb\u00f3l k\u00e9sz\u00fclt, \u00e9s egy hossz\u00fa szexj\u00e1t\u00e9k, amelyet \u00fagy terveztek, hogy \u00fagy \u00e9rezze, mint az igazi. Ennek a dild\u00f3 form\u00e1j\u00e1t [...]\" \/>\n<meta property=\"og:url\" content=\"https:\/\/www.szexshopbelvaros.com\/en\/product\/beautiful-jack-106-dildo\/\" \/>\n<meta property=\"og:site_name\" content=\"Szexshop Belvaros\" \/>\n<meta property=\"article:publisher\" content=\"https:\/\/www.facebook.com\/belvarossecrets\/\" \/>\n<meta property=\"article:modified_time\" content=\"2026-04-10T12:00:36+00:00\" \/>\n<meta property=\"og:image\" content=\"https:\/\/www.szexshopbelvaros.com\/wp-content\/uploads\/2025\/01\/676989ac99a539311e731834.jpeg\" \/>\n\t<meta property=\"og:image:width\" content=\"1200\" \/>\n\t<meta property=\"og:image:height\" content=\"675\" \/>\n\t<meta property=\"og:image:type\" content=\"image\/jpeg\" \/>\n<meta name=\"twitter:card\" content=\"summary_large_image\" \/>\n<meta name=\"twitter:site\" content=\"@belvarossecrets\" \/>\n<meta name=\"twitter:label1\" content=\"Est. reading time\" \/>\n\t<meta name=\"twitter:data1\" content=\"1 minute\" \/>\n<script type=\"application\/ld+json\" class=\"yoast-schema-graph\">{\"@context\":\"https:\\\/\\\/schema.org\",\"@graph\":[{\"@type\":\"WebPage\",\"@id\":\"https:\\\/\\\/www.szexshopbelvaros.com\\\/termek\\\/beautiful-jack-106-dildo\\\/\",\"url\":\"https:\\\/\\\/www.szexshopbelvaros.com\\\/termek\\\/beautiful-jack-106-dildo\\\/\",\"name\":\"Beautiful Jack - 10,6 \\\" Dildo - Szexshop Belvaros\",\"isPartOf\":{\"@id\":\"https:\\\/\\\/www.szexshopbelvaros.com\\\/#website\"},\"primaryImageOfPage\":{\"@id\":\"https:\\\/\\\/www.szexshopbelvaros.com\\\/termek\\\/beautiful-jack-106-dildo\\\/#primaryimage\"},\"image\":{\"@id\":\"https:\\\/\\\/www.szexshopbelvaros.com\\\/termek\\\/beautiful-jack-106-dildo\\\/#primaryimage\"},\"thumbnailUrl\":\"https:\\\/\\\/www.szexshopbelvaros.com\\\/wp-content\\\/uploads\\\/2025\\\/01\\\/676989ac99a539311e731834.jpeg\",\"datePublished\":\"2025-01-31T13:49:39+00:00\",\"dateModified\":\"2026-04-10T12:00:36+00:00\",\"breadcrumb\":{\"@id\":\"https:\\\/\\\/www.szexshopbelvaros.com\\\/termek\\\/beautiful-jack-106-dildo\\\/#breadcrumb\"},\"inLanguage\":\"en-US\",\"potentialAction\":[{\"@type\":\"ReadAction\",\"target\":[\"https:\\\/\\\/www.szexshopbelvaros.com\\\/termek\\\/beautiful-jack-106-dildo\\\/\"]}]},{\"@type\":\"ImageObject\",\"inLanguage\":\"en-US\",\"@id\":\"https:\\\/\\\/www.szexshopbelvaros.com\\\/termek\\\/beautiful-jack-106-dildo\\\/#primaryimage\",\"url\":\"https:\\\/\\\/www.szexshopbelvaros.com\\\/wp-content\\\/uploads\\\/2025\\\/01\\\/676989ac99a539311e731834.jpeg\",\"contentUrl\":\"https:\\\/\\\/www.szexshopbelvaros.com\\\/wp-content\\\/uploads\\\/2025\\\/01\\\/676989ac99a539311e731834.jpeg\",\"width\":1200,\"height\":675},{\"@type\":\"BreadcrumbList\",\"@id\":\"https:\\\/\\\/www.szexshopbelvaros.com\\\/termek\\\/beautiful-jack-106-dildo\\\/#breadcrumb\",\"itemListElement\":[{\"@type\":\"ListItem\",\"position\":1,\"name\":\"Home\",\"item\":\"https:\\\/\\\/www.szexshopbelvaros.com\\\/\"},{\"@type\":\"ListItem\",\"position\":2,\"name\":\"\u00c1ruh\u00e1z\",\"item\":\"https:\\\/\\\/www.szexshopbelvaros.com\\\/uzlet\\\/\"},{\"@type\":\"ListItem\",\"position\":3,\"name\":\"Beautiful Jack &#8211; 10,6 &#8221; Dildo\"}]},{\"@type\":\"WebSite\",\"@id\":\"https:\\\/\\\/www.szexshopbelvaros.com\\\/#website\",\"url\":\"https:\\\/\\\/www.szexshopbelvaros.com\\\/\",\"name\":\"Szexshop Belv\u00e1ros\",\"description\":\"\ud83d\udd25 A szex olyan, mint a p\u00e9nz; csak a t\u00fal sok el\u00e9g!\u2122 Titkok a belv\u00e1rosb\u00f3l \ud83d\udc8b | Secrets from Budapest \ud83d\udc8e Feln\u0151tt j\u00e1t\u00e9kok \u2022 Erotika \u2022 Szexshop Belvaros\",\"publisher\":{\"@id\":\"https:\\\/\\\/www.szexshopbelvaros.com\\\/#organization\"},\"potentialAction\":[{\"@type\":\"SearchAction\",\"target\":{\"@type\":\"EntryPoint\",\"urlTemplate\":\"https:\\\/\\\/www.szexshopbelvaros.com\\\/?s={search_term_string}\"},\"query-input\":{\"@type\":\"PropertyValueSpecification\",\"valueRequired\":true,\"valueName\":\"search_term_string\"}}],\"inLanguage\":\"en-US\"},{\"@type\":\"Organization\",\"@id\":\"https:\\\/\\\/www.szexshopbelvaros.com\\\/#organization\",\"name\":\"Szexshop Belv\u00e1ros\",\"alternateName\":\"szexshopbelvaros.com\",\"url\":\"https:\\\/\\\/www.szexshopbelvaros.com\\\/\",\"logo\":{\"@type\":\"ImageObject\",\"inLanguage\":\"en-US\",\"@id\":\"https:\\\/\\\/www.szexshopbelvaros.com\\\/#\\\/schema\\\/logo\\\/image\\\/\",\"url\":\"https:\\\/\\\/www.szexshopbelvaros.com\\\/wp-content\\\/uploads\\\/2025\\\/09\\\/1Szexshopbelvaroslogo_blurred_stronger.jpg\",\"contentUrl\":\"https:\\\/\\\/www.szexshopbelvaros.com\\\/wp-content\\\/uploads\\\/2025\\\/09\\\/1Szexshopbelvaroslogo_blurred_stronger.jpg\",\"width\":1024,\"height\":1024,\"caption\":\"Szexshop Belv\u00e1ros\"},\"image\":{\"@id\":\"https:\\\/\\\/www.szexshopbelvaros.com\\\/#\\\/schema\\\/logo\\\/image\\\/\"},\"sameAs\":[\"https:\\\/\\\/www.facebook.com\\\/belvarossecrets\\\/\",\"https:\\\/\\\/x.com\\\/belvarossecrets\",\"https:\\\/\\\/www.instagram.com\\\/belvarossecrets\\\/\",\"https:\\\/\\\/www.tiktok.com\\\/@belvarossecrets\"]}]}<\/script>\n<!-- \/ Yoast SEO plugin. -->","yoast_head_json":{"title":"Beautiful Jack - 10.6&quot; Dildo - Sexshop Belvaros","robots":{"index":"index","follow":"follow","max-snippet":"max-snippet:-1","max-image-preview":"max-image-preview:large","max-video-preview":"max-video-preview:-1"},"canonical":"https:\/\/www.szexshopbelvaros.com\/en\/product\/beautiful-jack-106-dildo\/","og_locale":"en_US","og_type":"article","og_title":"Beautiful Jack - 10,6 \" Dildo - Szexshop Belvaros","og_description":"Rugalmas, p\u00e9nisz form\u00e1j\u00fa, testsz\u00f6vethez hasonl\u00f3, b\u0151rszer\u0171 tapint\u00e1s\u00fa anyagb\u00f3l k\u00e9sz\u00fclt, motor n\u00e9lk\u00fcli, erezett fel\u00fclet\u0171, her\u00e9kkel kieg\u00e9sz\u00edtett dild\u00f3. Kialak\u00edt\u00e1s\u00e1nak k\u00f6sz\u00f6nhet\u0151en a g-pont stimul\u00e1l\u00e1s\u00e1ra is haszn\u00e1lhat\u00f3. Tapad\u00f3korongja seg\u00edts\u00e9g\u00e9vel s\u00edk fel\u00fcletre r\u00f6gz\u00edthet\u0151. A hatalmas, val\u00f3s\u00e1gh\u0171 G-pont \u00edvelt dild\u00f3 \u00e9leth\u0171 TPR anyagb\u00f3l k\u00e9sz\u00fclt, \u00e9s egy hossz\u00fa szexj\u00e1t\u00e9k, amelyet \u00fagy terveztek, hogy \u00fagy \u00e9rezze, mint az igazi. Ennek a dild\u00f3 form\u00e1j\u00e1t [...]","og_url":"https:\/\/www.szexshopbelvaros.com\/en\/product\/beautiful-jack-106-dildo\/","og_site_name":"Szexshop Belvaros","article_publisher":"https:\/\/www.facebook.com\/belvarossecrets\/","article_modified_time":"2026-04-10T12:00:36+00:00","og_image":[{"width":1200,"height":675,"url":"https:\/\/www.szexshopbelvaros.com\/wp-content\/uploads\/2025\/01\/676989ac99a539311e731834.jpeg","type":"image\/jpeg"}],"twitter_card":"summary_large_image","twitter_site":"@belvarossecrets","twitter_misc":{"Est. reading time":"1 minute"},"schema":{"@context":"https:\/\/schema.org","@graph":[{"@type":"WebPage","@id":"https:\/\/www.szexshopbelvaros.com\/termek\/beautiful-jack-106-dildo\/","url":"https:\/\/www.szexshopbelvaros.com\/termek\/beautiful-jack-106-dildo\/","name":"Beautiful Jack - 10.6&quot; Dildo - Sexshop Belvaros","isPartOf":{"@id":"https:\/\/www.szexshopbelvaros.com\/#website"},"primaryImageOfPage":{"@id":"https:\/\/www.szexshopbelvaros.com\/termek\/beautiful-jack-106-dildo\/#primaryimage"},"image":{"@id":"https:\/\/www.szexshopbelvaros.com\/termek\/beautiful-jack-106-dildo\/#primaryimage"},"thumbnailUrl":"https:\/\/www.szexshopbelvaros.com\/wp-content\/uploads\/2025\/01\/676989ac99a539311e731834.jpeg","datePublished":"2025-01-31T13:49:39+00:00","dateModified":"2026-04-10T12:00:36+00:00","breadcrumb":{"@id":"https:\/\/www.szexshopbelvaros.com\/termek\/beautiful-jack-106-dildo\/#breadcrumb"},"inLanguage":"en-US","potentialAction":[{"@type":"ReadAction","target":["https:\/\/www.szexshopbelvaros.com\/termek\/beautiful-jack-106-dildo\/"]}]},{"@type":"ImageObject","inLanguage":"en-US","@id":"https:\/\/www.szexshopbelvaros.com\/termek\/beautiful-jack-106-dildo\/#primaryimage","url":"https:\/\/www.szexshopbelvaros.com\/wp-content\/uploads\/2025\/01\/676989ac99a539311e731834.jpeg","contentUrl":"https:\/\/www.szexshopbelvaros.com\/wp-content\/uploads\/2025\/01\/676989ac99a539311e731834.jpeg","width":1200,"height":675},{"@type":"BreadcrumbList","@id":"https:\/\/www.szexshopbelvaros.com\/termek\/beautiful-jack-106-dildo\/#breadcrumb","itemListElement":[{"@type":"ListItem","position":1,"name":"Home","item":"https:\/\/www.szexshopbelvaros.com\/"},{"@type":"ListItem","position":2,"name":"\u00c1ruh\u00e1z","item":"https:\/\/www.szexshopbelvaros.com\/uzlet\/"},{"@type":"ListItem","position":3,"name":"Beautiful Jack &#8211; 10,6 &#8221; Dildo"}]},{"@type":"WebSite","@id":"https:\/\/www.szexshopbelvaros.com\/#website","url":"https:\/\/www.szexshopbelvaros.com\/","name":"at our Szexshop Belv\u00e1ros","description":"\ud83d\udd25 Sex is like money; only too much is enough!\u2122 Secrets from the city center \ud83d\udc8b | Secrets from Budapest \ud83d\udc8e Adult games \u2022 Erotica \u2022 Sex shop Belvaros","publisher":{"@id":"https:\/\/www.szexshopbelvaros.com\/#organization"},"potentialAction":[{"@type":"SearchAction","target":{"@type":"EntryPoint","urlTemplate":"https:\/\/www.szexshopbelvaros.com\/?s={search_term_string}"},"query-input":{"@type":"PropertyValueSpecification","valueRequired":true,"valueName":"search_term_string"}}],"inLanguage":"en-US"},{"@type":"Organization","@id":"https:\/\/www.szexshopbelvaros.com\/#organization","name":"at our Szexshop Belv\u00e1ros","alternateName":"szexshopbelvaros.com","url":"https:\/\/www.szexshopbelvaros.com\/","logo":{"@type":"ImageObject","inLanguage":"en-US","@id":"https:\/\/www.szexshopbelvaros.com\/#\/schema\/logo\/image\/","url":"https:\/\/www.szexshopbelvaros.com\/wp-content\/uploads\/2025\/09\/1Szexshopbelvaroslogo_blurred_stronger.jpg","contentUrl":"https:\/\/www.szexshopbelvaros.com\/wp-content\/uploads\/2025\/09\/1Szexshopbelvaroslogo_blurred_stronger.jpg","width":1024,"height":1024,"caption":"Szexshop Belv\u00e1ros"},"image":{"@id":"https:\/\/www.szexshopbelvaros.com\/#\/schema\/logo\/image\/"},"sameAs":["https:\/\/www.facebook.com\/belvarossecrets\/","https:\/\/x.com\/belvarossecrets","https:\/\/www.instagram.com\/belvarossecrets\/","https:\/\/www.tiktok.com\/@belvarossecrets"]}]}},"_links":{"self":[{"href":"https:\/\/www.szexshopbelvaros.com\/en\/wp-json\/wp\/v2\/product\/912","targetHints":{"allow":["GET"]}}],"collection":[{"href":"https:\/\/www.szexshopbelvaros.com\/en\/wp-json\/wp\/v2\/product"}],"about":[{"href":"https:\/\/www.szexshopbelvaros.com\/en\/wp-json\/wp\/v2\/types\/product"}],"replies":[{"embeddable":true,"href":"https:\/\/www.szexshopbelvaros.com\/en\/wp-json\/wp\/v2\/comments?post=912"}],"wp:featuredmedia":[{"embeddable":true,"href":"https:\/\/www.szexshopbelvaros.com\/en\/wp-json\/wp\/v2\/media\/913"}],"wp:attachment":[{"href":"https:\/\/www.szexshopbelvaros.com\/en\/wp-json\/wp\/v2\/media?parent=912"}],"wp:term":[{"taxonomy":"product_brand","embeddable":true,"href":"https:\/\/www.szexshopbelvaros.com\/en\/wp-json\/wp\/v2\/product_brand?post=912"},{"taxonomy":"product_cat","embeddable":true,"href":"https:\/\/www.szexshopbelvaros.com\/en\/wp-json\/wp\/v2\/product_cat?post=912"},{"taxonomy":"product_tag","embeddable":true,"href":"https:\/\/www.szexshopbelvaros.com\/en\/wp-json\/wp\/v2\/product_tag?post=912"}],"curies":[{"name":"wp","href":"https:\/\/api.w.org\/{rel}","templated":true}]}}