{"id":921,"date":"2025-01-31T14:49:39","date_gmt":"2025-01-31T13:49:39","guid":{"rendered":"https:\/\/www.szexshopbelvaros.com\/termek\/mens-sissy-crotchless-bodystocking-one-size-fits-all\/"},"modified":"2026-04-17T12:45:36","modified_gmt":"2026-04-17T10:45:36","slug":"ferfi-sissy-nyitott-cicaruha-lila","status":"publish","type":"product","link":"https:\/\/www.szexshopbelvaros.com\/en\/product\/ferfi-sissy-nyitott-cicaruha-lila\/","title":{"rendered":"\ud83d\udc9c Backdoor Beauty L \u2013 Men&#039;s Sissy Open Catsuit"},"content":{"rendered":"<p data-start=\"217\" data-end=\"340\">Attention: this men&#039;s sissy open catsuit continues to cause increased tail and butt worship \u2014 only now in luxurious purple. \ud83d\udc9c<\/p>\n<p data-start=\"342\" data-end=\"652\">Backdoor Beauty is the same open sissy men&#039;s bodysuit you loved in blue, but now it&#039;s back in a new color that vibrates like a watermelon cocktail infused with BDSM. The purple lace is not only hot, but it&#039;s so dangerously seductive that if you kneel in it, the floor won&#039;t be the first to shake.<\/p>\n<p data-start=\"654\" data-end=\"961\">This men&#039;s sissy open catsuit features an open back and exposed crotch for quick access, while the stretchy polyester-spandex material feels like it was tailored to your desires. The soft, form-fitting fabric accentuates your curves while staying comfortable all night long.<\/p>\n<p data-start=\"963\" data-end=\"1238\">Perfect for pegging, role play, or just a casual \u201estep on me, but in lace\u201d night. This purple men\u2019s catsuit is made for those who aren\u2019t afraid to show their more playful, sassy side. New color, same kinky energy \u2014 only now more striking. \ud83d\ude08<\/p>\n<p>It's worth checking out the rest of our <a href=\"https:\/\/www.szexshopbelvaros.com\/en\/product-category\/erotikus-ruhazat\/ferfi-ruhak\/\">men&#039;s underwear<\/a> and erotic clothing pieces too!<\/p>\n<p>\ud83d\udc49 Get it in just one hour at the sex shop downtown <a href=\"https:\/\/wolt.com\/hu\/hun\/budapest\/venue\/szexshop-belvaros\/backdoor-beauty-l-uj-most-mar-lila-csabitasban-itemid-9ea5892bf8af44c6b2ece461\">Wolt store<\/a>or order here at <a class=\"decorated-link cursor-pointer\" target=\"_new\" rel=\"noopener\" data-start=\"369\" data-end=\"393\">www.szexshopbelvaros.com<\/a> . We deliver to the entire territory of Hungary and the EU.<\/p>","protected":false},"excerpt":{"rendered":"<p>Figyelem: ez a f\u00e9rfi sissy nyitott cicaruha tov\u00e1bbra is fokozott farok- \u00e9s fen\u00e9kim\u00e1datot okoz \u2014 csak most luxus lil\u00e1ban. \ud83d\udc9c A Backdoor Beauty ugyanaz a nyitott sissy f\u00e9rfi harisnyabody, amit im\u00e1dt\u00e1tok k\u00e9kben, de most egy \u00faj sz\u00ednben t\u00e9r vissza, ami \u00fagy vibr\u00e1l, mint egy BDSM-be oltott g\u00f6r\u00f6gdinnye-kokt\u00e9l. A lila csipke nemcsak d\u00f6g\u00f6s, hanem olyan vesz\u00e9lyesen [&#8230;]\n","protected":false},"featured_media":3023,"comment_status":"closed","ping_status":"closed","template":"","meta":[],"product_brand":[],"product_cat":[113,142,2623],"product_tag":[2626,2629,2213,2621,2618,951,503,937,1577,2616,1483,2027,1489,2023,2628,2216,2615,2630,2631,933,2620,1465,1487,1508,2625,2617,2619,2622,2627,945,2215,2212,932,220,2214,2217,2624],"class_list":{"0":"post-921","1":"product","2":"type-product","3":"status-publish","4":"has-post-thumbnail","6":"product_cat-erotikus-ruhazat","7":"product_cat-ferfi-ruhak","8":"product_cat-uj-hullam","9":"product_tag-akcio","10":"product_tag-clearance","11":"product_tag-crossdresser","12":"product_tag-crotchless-bodystocking","13":"product_tag-csipkes-ferfi-body","14":"product_tag-erotic-clothing","15":"product_tag-erotikus-ruha","16":"product_tag-fehernemu","17":"product_tag-ferfi-body","18":"product_tag-ferfi-cicaruha","19":"product_tag-ferfi-fehernemu","20":"product_tag-ferfi-szexi-ruha","21":"product_tag-ferfi-tanga","22":"product_tag-haloszoba-divat","23":"product_tag-kiarusitas","24":"product_tag-lgbt","25":"product_tag-lila-cicaruha","26":"product_tag-limitalt-keszlet","27":"product_tag-limited-stock","28":"product_tag-lingerie","29":"product_tag-mens-bodystocking","30":"product_tag-mens-harness","31":"product_tag-mens-lingerie","32":"product_tag-mens-thong","33":"product_tag-new-wave","34":"product_tag-nyitott-ulepes-cicaruha","35":"product_tag-purple-bodystocking","36":"product_tag-purple-mens-lingerie","37":"product_tag-sale","38":"product_tag-sexy-outfit","39":"product_tag-sissy-fehernemu","40":"product_tag-sissy-lingerie","41":"product_tag-szexi-ruha","42":"product_tag-szexshop-belvaros","43":"product_tag-trans","44":"product_tag-transzvesztita","45":"product_tag-uj-hullam","47":"first","48":"instock","49":"sale","50":"taxable","51":"shipping-taxable","52":"purchasable","53":"product-type-simple"},"yoast_head":"<!-- This site is optimized with the Yoast SEO plugin v27.4 - https:\/\/yoast.com\/product\/yoast-seo-wordpress\/ -->\n<title>\ud83d\udc9c Backdoor Beauty L \u2013 F\u00e9rfi Sissy Nyitott Cicaruha | Szexshop Belv\u00e1ros<\/title>\n<meta name=\"description\" content=\"F\u00e9rfi sissy nyitott cicaruha luxus lila kivitelben. Rugalmas, testre simul\u00f3 anyag, nyitott kialak\u00edt\u00e1s \u00e9s extra cs\u00e1b\u00edt\u00f3 megjelen\u00e9s. Diszkr\u00e9t rendel\u00e9s a szexshopbelvaros.com-on.\" \/>\n<meta name=\"robots\" content=\"index, follow, max-snippet:-1, max-image-preview:large, max-video-preview:-1\" \/>\n<link rel=\"canonical\" href=\"https:\/\/www.szexshopbelvaros.com\/en\/product\/ferfi-sissy-nyitott-cicaruha-lila\/\" \/>\n<meta property=\"og:locale\" content=\"en_US\" \/>\n<meta property=\"og:type\" content=\"article\" \/>\n<meta property=\"og:title\" content=\"\ud83d\udc9c Backdoor Beauty L \u2013 F\u00e9rfi Sissy Nyitott Cicaruha | Szexshop Belv\u00e1ros\" \/>\n<meta property=\"og:description\" content=\"F\u00e9rfi sissy nyitott cicaruha luxus lila kivitelben. Rugalmas, testre simul\u00f3 anyag, nyitott kialak\u00edt\u00e1s \u00e9s extra cs\u00e1b\u00edt\u00f3 megjelen\u00e9s. Diszkr\u00e9t rendel\u00e9s a szexshopbelvaros.com-on.\" \/>\n<meta property=\"og:url\" content=\"https:\/\/www.szexshopbelvaros.com\/en\/product\/ferfi-sissy-nyitott-cicaruha-lila\/\" \/>\n<meta property=\"og:site_name\" content=\"Szexshop Belvaros\" \/>\n<meta property=\"article:publisher\" content=\"https:\/\/www.facebook.com\/belvarossecrets\/\" \/>\n<meta property=\"article:modified_time\" content=\"2026-04-17T10:45:36+00:00\" \/>\n<meta property=\"og:image\" content=\"https:\/\/www.szexshopbelvaros.com\/wp-content\/uploads\/2025\/01\/69df97176ae486dd9c9bca5f-scaled.png\" \/>\n\t<meta property=\"og:image:width\" content=\"2560\" \/>\n\t<meta property=\"og:image:height\" content=\"1440\" \/>\n\t<meta property=\"og:image:type\" content=\"image\/png\" \/>\n<meta name=\"twitter:card\" content=\"summary_large_image\" \/>\n<meta name=\"twitter:site\" content=\"@belvarossecrets\" \/>\n<meta name=\"twitter:label1\" content=\"Est. reading time\" \/>\n\t<meta name=\"twitter:data1\" content=\"2 minutes\" \/>\n<script type=\"application\/ld+json\" class=\"yoast-schema-graph\">{\"@context\":\"https:\\\/\\\/schema.org\",\"@graph\":[{\"@type\":\"WebPage\",\"@id\":\"https:\\\/\\\/www.szexshopbelvaros.com\\\/termek\\\/ferfi-sissy-nyitott-cicaruha-lila\\\/\",\"url\":\"https:\\\/\\\/www.szexshopbelvaros.com\\\/termek\\\/ferfi-sissy-nyitott-cicaruha-lila\\\/\",\"name\":\"\ud83d\udc9c Backdoor Beauty L \u2013 F\u00e9rfi Sissy Nyitott Cicaruha | Szexshop Belv\u00e1ros\",\"isPartOf\":{\"@id\":\"https:\\\/\\\/www.szexshopbelvaros.com\\\/#website\"},\"primaryImageOfPage\":{\"@id\":\"https:\\\/\\\/www.szexshopbelvaros.com\\\/termek\\\/ferfi-sissy-nyitott-cicaruha-lila\\\/#primaryimage\"},\"image\":{\"@id\":\"https:\\\/\\\/www.szexshopbelvaros.com\\\/termek\\\/ferfi-sissy-nyitott-cicaruha-lila\\\/#primaryimage\"},\"thumbnailUrl\":\"https:\\\/\\\/www.szexshopbelvaros.com\\\/wp-content\\\/uploads\\\/2025\\\/01\\\/69df97176ae486dd9c9bca5f-scaled.png\",\"datePublished\":\"2025-01-31T13:49:39+00:00\",\"dateModified\":\"2026-04-17T10:45:36+00:00\",\"description\":\"F\u00e9rfi sissy nyitott cicaruha luxus lila kivitelben. Rugalmas, testre simul\u00f3 anyag, nyitott kialak\u00edt\u00e1s \u00e9s extra cs\u00e1b\u00edt\u00f3 megjelen\u00e9s. Diszkr\u00e9t rendel\u00e9s a szexshopbelvaros.com-on.\",\"breadcrumb\":{\"@id\":\"https:\\\/\\\/www.szexshopbelvaros.com\\\/termek\\\/ferfi-sissy-nyitott-cicaruha-lila\\\/#breadcrumb\"},\"inLanguage\":\"en-US\",\"potentialAction\":[{\"@type\":\"ReadAction\",\"target\":[\"https:\\\/\\\/www.szexshopbelvaros.com\\\/termek\\\/ferfi-sissy-nyitott-cicaruha-lila\\\/\"]}]},{\"@type\":\"ImageObject\",\"inLanguage\":\"en-US\",\"@id\":\"https:\\\/\\\/www.szexshopbelvaros.com\\\/termek\\\/ferfi-sissy-nyitott-cicaruha-lila\\\/#primaryimage\",\"url\":\"https:\\\/\\\/www.szexshopbelvaros.com\\\/wp-content\\\/uploads\\\/2025\\\/01\\\/69df97176ae486dd9c9bca5f-scaled.png\",\"contentUrl\":\"https:\\\/\\\/www.szexshopbelvaros.com\\\/wp-content\\\/uploads\\\/2025\\\/01\\\/69df97176ae486dd9c9bca5f-scaled.png\",\"width\":2560,\"height\":1440,\"caption\":\"HU: Lila f\u00e9rfi sissy cicaruha nyitott kialak\u00edt\u00e1ssal, el\u00f6lr\u0151l n\u00e9zet EN: Purple men\u2019s sissy bodystocking with open design, front view\"},{\"@type\":\"BreadcrumbList\",\"@id\":\"https:\\\/\\\/www.szexshopbelvaros.com\\\/termek\\\/ferfi-sissy-nyitott-cicaruha-lila\\\/#breadcrumb\",\"itemListElement\":[{\"@type\":\"ListItem\",\"position\":1,\"name\":\"Home\",\"item\":\"https:\\\/\\\/www.szexshopbelvaros.com\\\/\"},{\"@type\":\"ListItem\",\"position\":2,\"name\":\"\u00c1ruh\u00e1z\",\"item\":\"https:\\\/\\\/www.szexshopbelvaros.com\\\/uzlet\\\/\"},{\"@type\":\"ListItem\",\"position\":3,\"name\":\"\ud83d\udc9c Backdoor Beauty L &#8211; F\u00e9rfi Sissy Nyitott Cicaruha\"}]},{\"@type\":\"WebSite\",\"@id\":\"https:\\\/\\\/www.szexshopbelvaros.com\\\/#website\",\"url\":\"https:\\\/\\\/www.szexshopbelvaros.com\\\/\",\"name\":\"Szexshop Belv\u00e1ros\",\"description\":\"\ud83d\udd25 A szex olyan, mint a p\u00e9nz; csak a t\u00fal sok el\u00e9g!\u2122 Titkok a belv\u00e1rosb\u00f3l \ud83d\udc8b | Secrets from Budapest \ud83d\udc8e Feln\u0151tt j\u00e1t\u00e9kok \u2022 Erotika \u2022 Szexshop Belvaros\",\"publisher\":{\"@id\":\"https:\\\/\\\/www.szexshopbelvaros.com\\\/#organization\"},\"potentialAction\":[{\"@type\":\"SearchAction\",\"target\":{\"@type\":\"EntryPoint\",\"urlTemplate\":\"https:\\\/\\\/www.szexshopbelvaros.com\\\/?s={search_term_string}\"},\"query-input\":{\"@type\":\"PropertyValueSpecification\",\"valueRequired\":true,\"valueName\":\"search_term_string\"}}],\"inLanguage\":\"en-US\"},{\"@type\":\"Organization\",\"@id\":\"https:\\\/\\\/www.szexshopbelvaros.com\\\/#organization\",\"name\":\"Szexshop Belv\u00e1ros\",\"alternateName\":\"szexshopbelvaros.com\",\"url\":\"https:\\\/\\\/www.szexshopbelvaros.com\\\/\",\"logo\":{\"@type\":\"ImageObject\",\"inLanguage\":\"en-US\",\"@id\":\"https:\\\/\\\/www.szexshopbelvaros.com\\\/#\\\/schema\\\/logo\\\/image\\\/\",\"url\":\"https:\\\/\\\/www.szexshopbelvaros.com\\\/wp-content\\\/uploads\\\/2025\\\/09\\\/1Szexshopbelvaroslogo_blurred_stronger.jpg\",\"contentUrl\":\"https:\\\/\\\/www.szexshopbelvaros.com\\\/wp-content\\\/uploads\\\/2025\\\/09\\\/1Szexshopbelvaroslogo_blurred_stronger.jpg\",\"width\":1024,\"height\":1024,\"caption\":\"Szexshop Belv\u00e1ros\"},\"image\":{\"@id\":\"https:\\\/\\\/www.szexshopbelvaros.com\\\/#\\\/schema\\\/logo\\\/image\\\/\"},\"sameAs\":[\"https:\\\/\\\/www.facebook.com\\\/belvarossecrets\\\/\",\"https:\\\/\\\/x.com\\\/belvarossecrets\",\"https:\\\/\\\/www.instagram.com\\\/belvarossecrets\\\/\",\"https:\\\/\\\/www.tiktok.com\\\/@belvarossecrets\"]}]}<\/script>\n<!-- \/ Yoast SEO plugin. -->","yoast_head_json":{"title":"\ud83d\udc9c Backdoor Beauty L \u2013 Men&#039;s Sissy Open Catsuit | Sexshop Belv\u00e1ros","description":"Men&#039;s sissy open catsuit in a luxurious purple design. Flexible, body-hugging material, open design and extra seductive look. Discreet order at szexshopbelvaros.com.","robots":{"index":"index","follow":"follow","max-snippet":"max-snippet:-1","max-image-preview":"max-image-preview:large","max-video-preview":"max-video-preview:-1"},"canonical":"https:\/\/www.szexshopbelvaros.com\/en\/product\/ferfi-sissy-nyitott-cicaruha-lila\/","og_locale":"en_US","og_type":"article","og_title":"\ud83d\udc9c Backdoor Beauty L \u2013 F\u00e9rfi Sissy Nyitott Cicaruha | Szexshop Belv\u00e1ros","og_description":"F\u00e9rfi sissy nyitott cicaruha luxus lila kivitelben. Rugalmas, testre simul\u00f3 anyag, nyitott kialak\u00edt\u00e1s \u00e9s extra cs\u00e1b\u00edt\u00f3 megjelen\u00e9s. Diszkr\u00e9t rendel\u00e9s a szexshopbelvaros.com-on.","og_url":"https:\/\/www.szexshopbelvaros.com\/en\/product\/ferfi-sissy-nyitott-cicaruha-lila\/","og_site_name":"Szexshop Belvaros","article_publisher":"https:\/\/www.facebook.com\/belvarossecrets\/","article_modified_time":"2026-04-17T10:45:36+00:00","og_image":[{"width":2560,"height":1440,"url":"https:\/\/www.szexshopbelvaros.com\/wp-content\/uploads\/2025\/01\/69df97176ae486dd9c9bca5f-scaled.png","type":"image\/png"}],"twitter_card":"summary_large_image","twitter_site":"@belvarossecrets","twitter_misc":{"Est. reading time":"2 minutes"},"schema":{"@context":"https:\/\/schema.org","@graph":[{"@type":"WebPage","@id":"https:\/\/www.szexshopbelvaros.com\/termek\/ferfi-sissy-nyitott-cicaruha-lila\/","url":"https:\/\/www.szexshopbelvaros.com\/termek\/ferfi-sissy-nyitott-cicaruha-lila\/","name":"\ud83d\udc9c Backdoor Beauty L \u2013 Men&#039;s Sissy Open Catsuit | Sexshop Belv\u00e1ros","isPartOf":{"@id":"https:\/\/www.szexshopbelvaros.com\/#website"},"primaryImageOfPage":{"@id":"https:\/\/www.szexshopbelvaros.com\/termek\/ferfi-sissy-nyitott-cicaruha-lila\/#primaryimage"},"image":{"@id":"https:\/\/www.szexshopbelvaros.com\/termek\/ferfi-sissy-nyitott-cicaruha-lila\/#primaryimage"},"thumbnailUrl":"https:\/\/www.szexshopbelvaros.com\/wp-content\/uploads\/2025\/01\/69df97176ae486dd9c9bca5f-scaled.png","datePublished":"2025-01-31T13:49:39+00:00","dateModified":"2026-04-17T10:45:36+00:00","description":"Men&#039;s sissy open catsuit in a luxurious purple design. Flexible, body-hugging material, open design and extra seductive look. Discreet order at szexshopbelvaros.com.","breadcrumb":{"@id":"https:\/\/www.szexshopbelvaros.com\/termek\/ferfi-sissy-nyitott-cicaruha-lila\/#breadcrumb"},"inLanguage":"en-US","potentialAction":[{"@type":"ReadAction","target":["https:\/\/www.szexshopbelvaros.com\/termek\/ferfi-sissy-nyitott-cicaruha-lila\/"]}]},{"@type":"ImageObject","inLanguage":"en-US","@id":"https:\/\/www.szexshopbelvaros.com\/termek\/ferfi-sissy-nyitott-cicaruha-lila\/#primaryimage","url":"https:\/\/www.szexshopbelvaros.com\/wp-content\/uploads\/2025\/01\/69df97176ae486dd9c9bca5f-scaled.png","contentUrl":"https:\/\/www.szexshopbelvaros.com\/wp-content\/uploads\/2025\/01\/69df97176ae486dd9c9bca5f-scaled.png","width":2560,"height":1440,"caption":"HU: Lila f\u00e9rfi sissy cicaruha nyitott kialak\u00edt\u00e1ssal, el\u00f6lr\u0151l n\u00e9zet EN: Purple men\u2019s sissy bodystocking with open design, front view"},{"@type":"BreadcrumbList","@id":"https:\/\/www.szexshopbelvaros.com\/termek\/ferfi-sissy-nyitott-cicaruha-lila\/#breadcrumb","itemListElement":[{"@type":"ListItem","position":1,"name":"Home","item":"https:\/\/www.szexshopbelvaros.com\/"},{"@type":"ListItem","position":2,"name":"\u00c1ruh\u00e1z","item":"https:\/\/www.szexshopbelvaros.com\/uzlet\/"},{"@type":"ListItem","position":3,"name":"\ud83d\udc9c Backdoor Beauty L &#8211; F\u00e9rfi Sissy Nyitott Cicaruha"}]},{"@type":"WebSite","@id":"https:\/\/www.szexshopbelvaros.com\/#website","url":"https:\/\/www.szexshopbelvaros.com\/","name":"at our Szexshop Belv\u00e1ros","description":"\ud83d\udd25 Sex is like money; only too much is enough!\u2122 Secrets from the city center \ud83d\udc8b | Secrets from Budapest \ud83d\udc8e Adult games \u2022 Erotica \u2022 Sex shop Belvaros","publisher":{"@id":"https:\/\/www.szexshopbelvaros.com\/#organization"},"potentialAction":[{"@type":"SearchAction","target":{"@type":"EntryPoint","urlTemplate":"https:\/\/www.szexshopbelvaros.com\/?s={search_term_string}"},"query-input":{"@type":"PropertyValueSpecification","valueRequired":true,"valueName":"search_term_string"}}],"inLanguage":"en-US"},{"@type":"Organization","@id":"https:\/\/www.szexshopbelvaros.com\/#organization","name":"at our Szexshop Belv\u00e1ros","alternateName":"szexshopbelvaros.com","url":"https:\/\/www.szexshopbelvaros.com\/","logo":{"@type":"ImageObject","inLanguage":"en-US","@id":"https:\/\/www.szexshopbelvaros.com\/#\/schema\/logo\/image\/","url":"https:\/\/www.szexshopbelvaros.com\/wp-content\/uploads\/2025\/09\/1Szexshopbelvaroslogo_blurred_stronger.jpg","contentUrl":"https:\/\/www.szexshopbelvaros.com\/wp-content\/uploads\/2025\/09\/1Szexshopbelvaroslogo_blurred_stronger.jpg","width":1024,"height":1024,"caption":"Szexshop Belv\u00e1ros"},"image":{"@id":"https:\/\/www.szexshopbelvaros.com\/#\/schema\/logo\/image\/"},"sameAs":["https:\/\/www.facebook.com\/belvarossecrets\/","https:\/\/x.com\/belvarossecrets","https:\/\/www.instagram.com\/belvarossecrets\/","https:\/\/www.tiktok.com\/@belvarossecrets"]}]}},"_links":{"self":[{"href":"https:\/\/www.szexshopbelvaros.com\/en\/wp-json\/wp\/v2\/product\/921","targetHints":{"allow":["GET"]}}],"collection":[{"href":"https:\/\/www.szexshopbelvaros.com\/en\/wp-json\/wp\/v2\/product"}],"about":[{"href":"https:\/\/www.szexshopbelvaros.com\/en\/wp-json\/wp\/v2\/types\/product"}],"replies":[{"embeddable":true,"href":"https:\/\/www.szexshopbelvaros.com\/en\/wp-json\/wp\/v2\/comments?post=921"}],"wp:featuredmedia":[{"embeddable":true,"href":"https:\/\/www.szexshopbelvaros.com\/en\/wp-json\/wp\/v2\/media\/3023"}],"wp:attachment":[{"href":"https:\/\/www.szexshopbelvaros.com\/en\/wp-json\/wp\/v2\/media?parent=921"}],"wp:term":[{"taxonomy":"product_brand","embeddable":true,"href":"https:\/\/www.szexshopbelvaros.com\/en\/wp-json\/wp\/v2\/product_brand?post=921"},{"taxonomy":"product_cat","embeddable":true,"href":"https:\/\/www.szexshopbelvaros.com\/en\/wp-json\/wp\/v2\/product_cat?post=921"},{"taxonomy":"product_tag","embeddable":true,"href":"https:\/\/www.szexshopbelvaros.com\/en\/wp-json\/wp\/v2\/product_tag?post=921"}],"curies":[{"name":"wp","href":"https:\/\/api.w.org\/{rel}","templated":true}]}}