{"id":944,"date":"2025-01-31T14:49:39","date_gmt":"2025-01-31T13:49:39","guid":{"rendered":"https:\/\/www.szexshopbelvaros.com\/termek\/cottelli-harisnyatarto-tangaval-feketelace-garter-belt-with-thong-black\/"},"modified":"2026-04-10T14:00:36","modified_gmt":"2026-04-10T12:00:36","slug":"cottelli-harisnyatarto-tangaval-feketelace-garter-belt-with-thong-black","status":"publish","type":"product","link":"https:\/\/www.szexshopbelvaros.com\/en\/product\/cottelli-harisnyatarto-tangaval-feketelace-garter-belt-with-thong-black\/","title":{"rendered":"Cottelli \u2013 garter belt with thong (black)"},"content":{"rendered":"<p>Super sexy, sensual lace garter and thong set!<\/p>\n<p>Made of soft, translucent, floral lace.<br \/>\nClothing size: M<\/p>\n<p>The set includes:<\/p>\n<p>Lace garter belt:<br \/>\n-transparent, floral lace<br \/>\n-4 adjustable suspender straps<br \/>\n-closes with clasps at the back<\/p>\n<p>Lace thong:<br \/>\n-transparent, floral lace<br \/>\n-with elastic straps<br \/>\n-with a small satin bow on the back<\/p>\n<p>Material: 90% Polyamide, 10% Elastane.<br \/>\nIn black.<\/p>\n<p>Stockings are not included in the package.<\/p>\n<p>&nbsp;<\/p>","protected":false},"excerpt":{"rendered":"<p>Super sexy, sensual lace garter belt and thong set! Soft, sheer, floral lace. Dress size: MA Set contents: Lace garter belt: - sheer, floral lace - 4 adjustable garter belts - closes with clips at the back Lace thong: - sheer, floral lace - elastic straps - small satin bow at the back Material: 90% Polyamide, 10% Elasthan. Black. Stockings are not included. &nbsp;<\/p>","protected":false},"featured_media":945,"comment_status":"closed","ping_status":"closed","template":"","meta":[],"product_brand":[],"product_cat":[113,141],"product_tag":[936,1481,951,503,937,2023,2029,1486,933,597,2028,944,945,932,220,2030],"class_list":{"0":"post-944","1":"product","2":"type-product","3":"status-publish","4":"has-post-thumbnail","6":"product_cat-erotikus-ruhazat","7":"product_cat-noi-ruhak","8":"product_tag-body-stocking","9":"product_tag-csipkes-fehernemu","10":"product_tag-erotic-clothing","11":"product_tag-erotikus-ruha","12":"product_tag-fehernemu","13":"product_tag-haloszoba-divat","14":"product_tag-harisnya","15":"product_tag-lace-lingerie","16":"product_tag-lingerie","17":"product_tag-noi-fehernemu","18":"product_tag-noi-szexi-ruha","19":"product_tag-sexy-dress","20":"product_tag-sexy-outfit","21":"product_tag-szexi-ruha","22":"product_tag-szexshop-belvaros","23":"product_tag-womens-lingerie","25":"first","26":"instock","27":"featured","28":"taxable","29":"shipping-taxable","30":"purchasable","31":"product-type-simple"},"yoast_head":"<!-- This site is optimized with the Yoast SEO plugin v27.4 - https:\/\/yoast.com\/product\/yoast-seo-wordpress\/ -->\n<title>Cottelli - harisnyatart\u00f3 tang\u00e1val (fekete) - Szexshop Belvaros<\/title>\n<meta name=\"robots\" content=\"index, follow, max-snippet:-1, max-image-preview:large, max-video-preview:-1\" \/>\n<link rel=\"canonical\" href=\"https:\/\/www.szexshopbelvaros.com\/en\/product\/cottelli-harisnyatarto-tangaval-feketelace-garter-belt-with-thong-black\/\" \/>\n<meta property=\"og:locale\" content=\"en_US\" \/>\n<meta property=\"og:type\" content=\"article\" \/>\n<meta property=\"og:title\" content=\"Cottelli - harisnyatart\u00f3 tang\u00e1val (fekete) - Szexshop Belvaros\" \/>\n<meta property=\"og:description\" content=\"Szuper szexi, \u00e9rz\u00e9ki csipk\u00e9b\u0151l k\u00e9sz\u00fcl\u0151 harisnyatart\u00f3 \u00e9s tanga szettben! Puha, \u00e1ttetsz\u0151, vir\u00e1gmint\u00e1s csipk\u00e9b\u0151l. Ruham\u00e9ret: M A szett tartalma: Csipke harisnyatart\u00f3: -\u00e1ttetsz\u0151, vir\u00e1gmint\u00e1s csipk\u00e9b\u0151l -4 \u00e1ll\u00edthat\u00f3 harisnyatart\u00f3 p\u00e1nttal -h\u00e1tul kapcsokkal z\u00e1r\u00f3dik Csipke tanga: -\u00e1ttetsz\u0151, vir\u00e1gmint\u00e1s csipk\u00e9b\u0151l -rugalmas p\u00e1ntokkal -h\u00e1tul kis szat\u00e9n masnival Anyaga: 90% Polyamid, 10% Elasthan. Fekete sz\u00ednben. A harisny\u00e1t a csomag nem tartalmazza. &nbsp;\" \/>\n<meta property=\"og:url\" content=\"https:\/\/www.szexshopbelvaros.com\/en\/product\/cottelli-harisnyatarto-tangaval-feketelace-garter-belt-with-thong-black\/\" \/>\n<meta property=\"og:site_name\" content=\"Szexshop Belvaros\" \/>\n<meta property=\"article:publisher\" content=\"https:\/\/www.facebook.com\/belvarossecrets\/\" \/>\n<meta property=\"article:modified_time\" content=\"2026-04-10T12:00:36+00:00\" \/>\n<meta property=\"og:image\" content=\"https:\/\/www.szexshopbelvaros.com\/wp-content\/uploads\/2025\/01\/677695c898471a02ff8abcbd.jpeg\" \/>\n\t<meta property=\"og:image:width\" content=\"1200\" \/>\n\t<meta property=\"og:image:height\" content=\"675\" \/>\n\t<meta property=\"og:image:type\" content=\"image\/jpeg\" \/>\n<meta name=\"twitter:card\" content=\"summary_large_image\" \/>\n<meta name=\"twitter:site\" content=\"@belvarossecrets\" \/>\n<script type=\"application\/ld+json\" class=\"yoast-schema-graph\">{\"@context\":\"https:\\\/\\\/schema.org\",\"@graph\":[{\"@type\":\"WebPage\",\"@id\":\"https:\\\/\\\/www.szexshopbelvaros.com\\\/termek\\\/cottelli-harisnyatarto-tangaval-feketelace-garter-belt-with-thong-black\\\/\",\"url\":\"https:\\\/\\\/www.szexshopbelvaros.com\\\/termek\\\/cottelli-harisnyatarto-tangaval-feketelace-garter-belt-with-thong-black\\\/\",\"name\":\"Cottelli - harisnyatart\u00f3 tang\u00e1val (fekete) - Szexshop Belvaros\",\"isPartOf\":{\"@id\":\"https:\\\/\\\/www.szexshopbelvaros.com\\\/#website\"},\"primaryImageOfPage\":{\"@id\":\"https:\\\/\\\/www.szexshopbelvaros.com\\\/termek\\\/cottelli-harisnyatarto-tangaval-feketelace-garter-belt-with-thong-black\\\/#primaryimage\"},\"image\":{\"@id\":\"https:\\\/\\\/www.szexshopbelvaros.com\\\/termek\\\/cottelli-harisnyatarto-tangaval-feketelace-garter-belt-with-thong-black\\\/#primaryimage\"},\"thumbnailUrl\":\"https:\\\/\\\/www.szexshopbelvaros.com\\\/wp-content\\\/uploads\\\/2025\\\/01\\\/677695c898471a02ff8abcbd.jpeg\",\"datePublished\":\"2025-01-31T13:49:39+00:00\",\"dateModified\":\"2026-04-10T12:00:36+00:00\",\"breadcrumb\":{\"@id\":\"https:\\\/\\\/www.szexshopbelvaros.com\\\/termek\\\/cottelli-harisnyatarto-tangaval-feketelace-garter-belt-with-thong-black\\\/#breadcrumb\"},\"inLanguage\":\"en-US\",\"potentialAction\":[{\"@type\":\"ReadAction\",\"target\":[\"https:\\\/\\\/www.szexshopbelvaros.com\\\/termek\\\/cottelli-harisnyatarto-tangaval-feketelace-garter-belt-with-thong-black\\\/\"]}]},{\"@type\":\"ImageObject\",\"inLanguage\":\"en-US\",\"@id\":\"https:\\\/\\\/www.szexshopbelvaros.com\\\/termek\\\/cottelli-harisnyatarto-tangaval-feketelace-garter-belt-with-thong-black\\\/#primaryimage\",\"url\":\"https:\\\/\\\/www.szexshopbelvaros.com\\\/wp-content\\\/uploads\\\/2025\\\/01\\\/677695c898471a02ff8abcbd.jpeg\",\"contentUrl\":\"https:\\\/\\\/www.szexshopbelvaros.com\\\/wp-content\\\/uploads\\\/2025\\\/01\\\/677695c898471a02ff8abcbd.jpeg\",\"width\":1200,\"height\":675},{\"@type\":\"BreadcrumbList\",\"@id\":\"https:\\\/\\\/www.szexshopbelvaros.com\\\/termek\\\/cottelli-harisnyatarto-tangaval-feketelace-garter-belt-with-thong-black\\\/#breadcrumb\",\"itemListElement\":[{\"@type\":\"ListItem\",\"position\":1,\"name\":\"Home\",\"item\":\"https:\\\/\\\/www.szexshopbelvaros.com\\\/\"},{\"@type\":\"ListItem\",\"position\":2,\"name\":\"\u00c1ruh\u00e1z\",\"item\":\"https:\\\/\\\/www.szexshopbelvaros.com\\\/uzlet\\\/\"},{\"@type\":\"ListItem\",\"position\":3,\"name\":\"Cottelli &#8211; harisnyatart\u00f3 tang\u00e1val (fekete)\"}]},{\"@type\":\"WebSite\",\"@id\":\"https:\\\/\\\/www.szexshopbelvaros.com\\\/#website\",\"url\":\"https:\\\/\\\/www.szexshopbelvaros.com\\\/\",\"name\":\"Szexshop Belv\u00e1ros\",\"description\":\"\ud83d\udd25 A szex olyan, mint a p\u00e9nz; csak a t\u00fal sok el\u00e9g!\u2122 Titkok a belv\u00e1rosb\u00f3l \ud83d\udc8b | Secrets from Budapest \ud83d\udc8e Feln\u0151tt j\u00e1t\u00e9kok \u2022 Erotika \u2022 Szexshop Belvaros\",\"publisher\":{\"@id\":\"https:\\\/\\\/www.szexshopbelvaros.com\\\/#organization\"},\"potentialAction\":[{\"@type\":\"SearchAction\",\"target\":{\"@type\":\"EntryPoint\",\"urlTemplate\":\"https:\\\/\\\/www.szexshopbelvaros.com\\\/?s={search_term_string}\"},\"query-input\":{\"@type\":\"PropertyValueSpecification\",\"valueRequired\":true,\"valueName\":\"search_term_string\"}}],\"inLanguage\":\"en-US\"},{\"@type\":\"Organization\",\"@id\":\"https:\\\/\\\/www.szexshopbelvaros.com\\\/#organization\",\"name\":\"Szexshop Belv\u00e1ros\",\"alternateName\":\"szexshopbelvaros.com\",\"url\":\"https:\\\/\\\/www.szexshopbelvaros.com\\\/\",\"logo\":{\"@type\":\"ImageObject\",\"inLanguage\":\"en-US\",\"@id\":\"https:\\\/\\\/www.szexshopbelvaros.com\\\/#\\\/schema\\\/logo\\\/image\\\/\",\"url\":\"https:\\\/\\\/www.szexshopbelvaros.com\\\/wp-content\\\/uploads\\\/2025\\\/09\\\/1Szexshopbelvaroslogo_blurred_stronger.jpg\",\"contentUrl\":\"https:\\\/\\\/www.szexshopbelvaros.com\\\/wp-content\\\/uploads\\\/2025\\\/09\\\/1Szexshopbelvaroslogo_blurred_stronger.jpg\",\"width\":1024,\"height\":1024,\"caption\":\"Szexshop Belv\u00e1ros\"},\"image\":{\"@id\":\"https:\\\/\\\/www.szexshopbelvaros.com\\\/#\\\/schema\\\/logo\\\/image\\\/\"},\"sameAs\":[\"https:\\\/\\\/www.facebook.com\\\/belvarossecrets\\\/\",\"https:\\\/\\\/x.com\\\/belvarossecrets\",\"https:\\\/\\\/www.instagram.com\\\/belvarossecrets\\\/\",\"https:\\\/\\\/www.tiktok.com\\\/@belvarossecrets\"]}]}<\/script>\n<!-- \/ Yoast SEO plugin. -->","yoast_head_json":{"title":"Cottelli - garter belt with thong (black) - Sex shop Belvaros","robots":{"index":"index","follow":"follow","max-snippet":"max-snippet:-1","max-image-preview":"max-image-preview:large","max-video-preview":"max-video-preview:-1"},"canonical":"https:\/\/www.szexshopbelvaros.com\/en\/product\/cottelli-harisnyatarto-tangaval-feketelace-garter-belt-with-thong-black\/","og_locale":"en_US","og_type":"article","og_title":"Cottelli - harisnyatart\u00f3 tang\u00e1val (fekete) - Szexshop Belvaros","og_description":"Szuper szexi, \u00e9rz\u00e9ki csipk\u00e9b\u0151l k\u00e9sz\u00fcl\u0151 harisnyatart\u00f3 \u00e9s tanga szettben! Puha, \u00e1ttetsz\u0151, vir\u00e1gmint\u00e1s csipk\u00e9b\u0151l. Ruham\u00e9ret: M A szett tartalma: Csipke harisnyatart\u00f3: -\u00e1ttetsz\u0151, vir\u00e1gmint\u00e1s csipk\u00e9b\u0151l -4 \u00e1ll\u00edthat\u00f3 harisnyatart\u00f3 p\u00e1nttal -h\u00e1tul kapcsokkal z\u00e1r\u00f3dik Csipke tanga: -\u00e1ttetsz\u0151, vir\u00e1gmint\u00e1s csipk\u00e9b\u0151l -rugalmas p\u00e1ntokkal -h\u00e1tul kis szat\u00e9n masnival Anyaga: 90% Polyamid, 10% Elasthan. Fekete sz\u00ednben. A harisny\u00e1t a csomag nem tartalmazza. &nbsp;","og_url":"https:\/\/www.szexshopbelvaros.com\/en\/product\/cottelli-harisnyatarto-tangaval-feketelace-garter-belt-with-thong-black\/","og_site_name":"Szexshop Belvaros","article_publisher":"https:\/\/www.facebook.com\/belvarossecrets\/","article_modified_time":"2026-04-10T12:00:36+00:00","og_image":[{"width":1200,"height":675,"url":"https:\/\/www.szexshopbelvaros.com\/wp-content\/uploads\/2025\/01\/677695c898471a02ff8abcbd.jpeg","type":"image\/jpeg"}],"twitter_card":"summary_large_image","twitter_site":"@belvarossecrets","schema":{"@context":"https:\/\/schema.org","@graph":[{"@type":"WebPage","@id":"https:\/\/www.szexshopbelvaros.com\/termek\/cottelli-harisnyatarto-tangaval-feketelace-garter-belt-with-thong-black\/","url":"https:\/\/www.szexshopbelvaros.com\/termek\/cottelli-harisnyatarto-tangaval-feketelace-garter-belt-with-thong-black\/","name":"Cottelli - garter belt with thong (black) - Sex shop Belvaros","isPartOf":{"@id":"https:\/\/www.szexshopbelvaros.com\/#website"},"primaryImageOfPage":{"@id":"https:\/\/www.szexshopbelvaros.com\/termek\/cottelli-harisnyatarto-tangaval-feketelace-garter-belt-with-thong-black\/#primaryimage"},"image":{"@id":"https:\/\/www.szexshopbelvaros.com\/termek\/cottelli-harisnyatarto-tangaval-feketelace-garter-belt-with-thong-black\/#primaryimage"},"thumbnailUrl":"https:\/\/www.szexshopbelvaros.com\/wp-content\/uploads\/2025\/01\/677695c898471a02ff8abcbd.jpeg","datePublished":"2025-01-31T13:49:39+00:00","dateModified":"2026-04-10T12:00:36+00:00","breadcrumb":{"@id":"https:\/\/www.szexshopbelvaros.com\/termek\/cottelli-harisnyatarto-tangaval-feketelace-garter-belt-with-thong-black\/#breadcrumb"},"inLanguage":"en-US","potentialAction":[{"@type":"ReadAction","target":["https:\/\/www.szexshopbelvaros.com\/termek\/cottelli-harisnyatarto-tangaval-feketelace-garter-belt-with-thong-black\/"]}]},{"@type":"ImageObject","inLanguage":"en-US","@id":"https:\/\/www.szexshopbelvaros.com\/termek\/cottelli-harisnyatarto-tangaval-feketelace-garter-belt-with-thong-black\/#primaryimage","url":"https:\/\/www.szexshopbelvaros.com\/wp-content\/uploads\/2025\/01\/677695c898471a02ff8abcbd.jpeg","contentUrl":"https:\/\/www.szexshopbelvaros.com\/wp-content\/uploads\/2025\/01\/677695c898471a02ff8abcbd.jpeg","width":1200,"height":675},{"@type":"BreadcrumbList","@id":"https:\/\/www.szexshopbelvaros.com\/termek\/cottelli-harisnyatarto-tangaval-feketelace-garter-belt-with-thong-black\/#breadcrumb","itemListElement":[{"@type":"ListItem","position":1,"name":"Home","item":"https:\/\/www.szexshopbelvaros.com\/"},{"@type":"ListItem","position":2,"name":"\u00c1ruh\u00e1z","item":"https:\/\/www.szexshopbelvaros.com\/uzlet\/"},{"@type":"ListItem","position":3,"name":"Cottelli &#8211; harisnyatart\u00f3 tang\u00e1val (fekete)"}]},{"@type":"WebSite","@id":"https:\/\/www.szexshopbelvaros.com\/#website","url":"https:\/\/www.szexshopbelvaros.com\/","name":"at our Szexshop Belv\u00e1ros","description":"\ud83d\udd25 Sex is like money; only too much is enough!\u2122 Secrets from the city center \ud83d\udc8b | Secrets from Budapest \ud83d\udc8e Adult games \u2022 Erotica \u2022 Sex shop Belvaros","publisher":{"@id":"https:\/\/www.szexshopbelvaros.com\/#organization"},"potentialAction":[{"@type":"SearchAction","target":{"@type":"EntryPoint","urlTemplate":"https:\/\/www.szexshopbelvaros.com\/?s={search_term_string}"},"query-input":{"@type":"PropertyValueSpecification","valueRequired":true,"valueName":"search_term_string"}}],"inLanguage":"en-US"},{"@type":"Organization","@id":"https:\/\/www.szexshopbelvaros.com\/#organization","name":"at our Szexshop Belv\u00e1ros","alternateName":"szexshopbelvaros.com","url":"https:\/\/www.szexshopbelvaros.com\/","logo":{"@type":"ImageObject","inLanguage":"en-US","@id":"https:\/\/www.szexshopbelvaros.com\/#\/schema\/logo\/image\/","url":"https:\/\/www.szexshopbelvaros.com\/wp-content\/uploads\/2025\/09\/1Szexshopbelvaroslogo_blurred_stronger.jpg","contentUrl":"https:\/\/www.szexshopbelvaros.com\/wp-content\/uploads\/2025\/09\/1Szexshopbelvaroslogo_blurred_stronger.jpg","width":1024,"height":1024,"caption":"Szexshop Belv\u00e1ros"},"image":{"@id":"https:\/\/www.szexshopbelvaros.com\/#\/schema\/logo\/image\/"},"sameAs":["https:\/\/www.facebook.com\/belvarossecrets\/","https:\/\/x.com\/belvarossecrets","https:\/\/www.instagram.com\/belvarossecrets\/","https:\/\/www.tiktok.com\/@belvarossecrets"]}]}},"_links":{"self":[{"href":"https:\/\/www.szexshopbelvaros.com\/en\/wp-json\/wp\/v2\/product\/944","targetHints":{"allow":["GET"]}}],"collection":[{"href":"https:\/\/www.szexshopbelvaros.com\/en\/wp-json\/wp\/v2\/product"}],"about":[{"href":"https:\/\/www.szexshopbelvaros.com\/en\/wp-json\/wp\/v2\/types\/product"}],"replies":[{"embeddable":true,"href":"https:\/\/www.szexshopbelvaros.com\/en\/wp-json\/wp\/v2\/comments?post=944"}],"wp:featuredmedia":[{"embeddable":true,"href":"https:\/\/www.szexshopbelvaros.com\/en\/wp-json\/wp\/v2\/media\/945"}],"wp:attachment":[{"href":"https:\/\/www.szexshopbelvaros.com\/en\/wp-json\/wp\/v2\/media?parent=944"}],"wp:term":[{"taxonomy":"product_brand","embeddable":true,"href":"https:\/\/www.szexshopbelvaros.com\/en\/wp-json\/wp\/v2\/product_brand?post=944"},{"taxonomy":"product_cat","embeddable":true,"href":"https:\/\/www.szexshopbelvaros.com\/en\/wp-json\/wp\/v2\/product_cat?post=944"},{"taxonomy":"product_tag","embeddable":true,"href":"https:\/\/www.szexshopbelvaros.com\/en\/wp-json\/wp\/v2\/product_tag?post=944"}],"curies":[{"name":"wp","href":"https:\/\/api.w.org\/{rel}","templated":true}]}}