{"id":979,"date":"2025-01-31T14:51:43","date_gmt":"2025-01-31T13:51:43","guid":{"rendered":"https:\/\/www.szexshopbelvaros.com\/termek\/oriental-crystals-bath-salts-ocean-breeze-75-gr-oriental-crystals-furdosok\/"},"modified":"2026-04-10T14:00:30","modified_gmt":"2026-04-10T12:00:30","slug":"oriental-crystals-bath-salts-ocean-breeze-75-gr-oriental-crystals-furdosok","status":"publish","type":"product","link":"https:\/\/www.szexshopbelvaros.com\/en\/product\/oriental-crystals-bath-salts-ocean-breeze-75-gr-oriental-crystals-furdosok\/","title":{"rendered":"Oriental Crystals Bath Salts - Ocean Breeze 75 gr."},"content":{"rendered":"<p>Oriental Crystals bath salts -Ocean Breeze 75 gr.<\/p>\n<p>Immerse yourself in the realm of pleasures.<br \/>\nAvailable in a single-use box, in 4 enticing scents.<br \/>\nColours the bath water<br \/>\nMade from 100% Dead Sea salt<br \/>\nMakes the skin soft and silky<br \/>\nFoam bubbles form on the surface of the water.<\/p>\n<p>&nbsp;<\/p>","protected":false},"excerpt":{"rendered":"<p>Oriental Crystals Bath Salts -Ocean Breeze 75 gr. Immerse yourself in the realm of pleasure. Available in a single-use box, in 4 seductive scents. Colors the bath water Made from 100% Dead Sea salt Makes the skin soft and silky Foam bubbles form on the surface of the water. &nbsp;<\/p>","protected":false},"featured_media":980,"comment_status":"closed","ping_status":"closed","template":"","meta":[],"product_brand":[],"product_cat":[156,61],"product_tag":[2052,1537,782,2053,1528,2050,2047,2051,452,2056,794,2054,2049,2055,1201,220,2048,799,1529],"class_list":{"0":"post-979","1":"product","2":"type-product","3":"status-publish","4":"has-post-thumbnail","6":"product_cat-drogeria-wellness","7":"product_cat-masszazs-eszkozok","8":"product_tag-adult-care","9":"product_tag-bath-product","10":"product_tag-body-massage","11":"product_tag-couples-wellness","12":"product_tag-drogeria","13":"product_tag-felnotteknek","14":"product_tag-intim-termek","15":"product_tag-intimate-products","16":"product_tag-massage-candle","17":"product_tag-massage-tool","18":"product_tag-masszazs-eszkoz","19":"product_tag-masszazs-gyertya","20":"product_tag-paros-egeszseg","21":"product_tag-relax-masszazs","22":"product_tag-sexual-wellness","23":"product_tag-szexshop-belvaros","24":"product_tag-szexualis-egeszseg","25":"product_tag-testmasszazs","26":"product_tag-wellness","28":"first","29":"instock","30":"taxable","31":"shipping-taxable","32":"purchasable","33":"product-type-simple"},"yoast_head":"<!-- This site is optimized with the Yoast SEO plugin v27.4 - https:\/\/yoast.com\/product\/yoast-seo-wordpress\/ -->\n<title>Oriental Crystals Bath Salts - Ocean Breeze 75 gr. - Szexshop Belvaros<\/title>\n<meta name=\"robots\" content=\"index, follow, max-snippet:-1, max-image-preview:large, max-video-preview:-1\" \/>\n<link rel=\"canonical\" href=\"https:\/\/www.szexshopbelvaros.com\/en\/product\/oriental-crystals-bath-salts-ocean-breeze-75-gr-oriental-crystals-furdosok\/\" \/>\n<meta property=\"og:locale\" content=\"en_US\" \/>\n<meta property=\"og:type\" content=\"article\" \/>\n<meta property=\"og:title\" content=\"Oriental Crystals Bath Salts - Ocean Breeze 75 gr. - Szexshop Belvaros\" \/>\n<meta property=\"og:description\" content=\"Oriental Crystals f\u00fcrd\u0151s\u00f3k -\u00d3ce\u00e1n Szell\u0151 75 gr. Mer\u00fclj\u00f6n el az \u00e9lvezetek birodalm\u00e1ban. Egyszer haszn\u00e1latos dobozban, 4 cs\u00e1b\u00edt\u00f3 illatban kaphat\u00f3. Besz\u00ednezi a f\u00fcrd\u0151vizet 100%-ban holt-tengeri s\u00f3b\u00f3l k\u00e9sz\u00fcl Puh\u00e1v\u00e1 \u00e9s selymess\u00e9 var\u00e1zsolja a b\u0151rt Hab bubor\u00e9kok keletkezik a v\u00edz felsz\u00edn\u00e9n. &nbsp;\" \/>\n<meta property=\"og:url\" content=\"https:\/\/www.szexshopbelvaros.com\/en\/product\/oriental-crystals-bath-salts-ocean-breeze-75-gr-oriental-crystals-furdosok\/\" \/>\n<meta property=\"og:site_name\" content=\"Szexshop Belvaros\" \/>\n<meta property=\"article:publisher\" content=\"https:\/\/www.facebook.com\/belvarossecrets\/\" \/>\n<meta property=\"article:modified_time\" content=\"2026-04-10T12:00:30+00:00\" \/>\n<meta property=\"og:image\" content=\"https:\/\/www.szexshopbelvaros.com\/wp-content\/uploads\/2025\/01\/677fe9f4ef6a465fdb0298f5.jpeg\" \/>\n\t<meta property=\"og:image:width\" content=\"1200\" \/>\n\t<meta property=\"og:image:height\" content=\"675\" \/>\n\t<meta property=\"og:image:type\" content=\"image\/jpeg\" \/>\n<meta name=\"twitter:card\" content=\"summary_large_image\" \/>\n<meta name=\"twitter:site\" content=\"@belvarossecrets\" \/>\n<script type=\"application\/ld+json\" class=\"yoast-schema-graph\">{\"@context\":\"https:\\\/\\\/schema.org\",\"@graph\":[{\"@type\":\"WebPage\",\"@id\":\"https:\\\/\\\/www.szexshopbelvaros.com\\\/termek\\\/oriental-crystals-bath-salts-ocean-breeze-75-gr-oriental-crystals-furdosok\\\/\",\"url\":\"https:\\\/\\\/www.szexshopbelvaros.com\\\/termek\\\/oriental-crystals-bath-salts-ocean-breeze-75-gr-oriental-crystals-furdosok\\\/\",\"name\":\"Oriental Crystals Bath Salts - Ocean Breeze 75 gr. - Szexshop Belvaros\",\"isPartOf\":{\"@id\":\"https:\\\/\\\/www.szexshopbelvaros.com\\\/#website\"},\"primaryImageOfPage\":{\"@id\":\"https:\\\/\\\/www.szexshopbelvaros.com\\\/termek\\\/oriental-crystals-bath-salts-ocean-breeze-75-gr-oriental-crystals-furdosok\\\/#primaryimage\"},\"image\":{\"@id\":\"https:\\\/\\\/www.szexshopbelvaros.com\\\/termek\\\/oriental-crystals-bath-salts-ocean-breeze-75-gr-oriental-crystals-furdosok\\\/#primaryimage\"},\"thumbnailUrl\":\"https:\\\/\\\/www.szexshopbelvaros.com\\\/wp-content\\\/uploads\\\/2025\\\/01\\\/677fe9f4ef6a465fdb0298f5.jpeg\",\"datePublished\":\"2025-01-31T13:51:43+00:00\",\"dateModified\":\"2026-04-10T12:00:30+00:00\",\"breadcrumb\":{\"@id\":\"https:\\\/\\\/www.szexshopbelvaros.com\\\/termek\\\/oriental-crystals-bath-salts-ocean-breeze-75-gr-oriental-crystals-furdosok\\\/#breadcrumb\"},\"inLanguage\":\"en-US\",\"potentialAction\":[{\"@type\":\"ReadAction\",\"target\":[\"https:\\\/\\\/www.szexshopbelvaros.com\\\/termek\\\/oriental-crystals-bath-salts-ocean-breeze-75-gr-oriental-crystals-furdosok\\\/\"]}]},{\"@type\":\"ImageObject\",\"inLanguage\":\"en-US\",\"@id\":\"https:\\\/\\\/www.szexshopbelvaros.com\\\/termek\\\/oriental-crystals-bath-salts-ocean-breeze-75-gr-oriental-crystals-furdosok\\\/#primaryimage\",\"url\":\"https:\\\/\\\/www.szexshopbelvaros.com\\\/wp-content\\\/uploads\\\/2025\\\/01\\\/677fe9f4ef6a465fdb0298f5.jpeg\",\"contentUrl\":\"https:\\\/\\\/www.szexshopbelvaros.com\\\/wp-content\\\/uploads\\\/2025\\\/01\\\/677fe9f4ef6a465fdb0298f5.jpeg\",\"width\":1200,\"height\":675},{\"@type\":\"BreadcrumbList\",\"@id\":\"https:\\\/\\\/www.szexshopbelvaros.com\\\/termek\\\/oriental-crystals-bath-salts-ocean-breeze-75-gr-oriental-crystals-furdosok\\\/#breadcrumb\",\"itemListElement\":[{\"@type\":\"ListItem\",\"position\":1,\"name\":\"Home\",\"item\":\"https:\\\/\\\/www.szexshopbelvaros.com\\\/\"},{\"@type\":\"ListItem\",\"position\":2,\"name\":\"\u00c1ruh\u00e1z\",\"item\":\"https:\\\/\\\/www.szexshopbelvaros.com\\\/uzlet\\\/\"},{\"@type\":\"ListItem\",\"position\":3,\"name\":\"Oriental Crystals Bath Salts &#8211; Ocean Breeze 75 gr.\"}]},{\"@type\":\"WebSite\",\"@id\":\"https:\\\/\\\/www.szexshopbelvaros.com\\\/#website\",\"url\":\"https:\\\/\\\/www.szexshopbelvaros.com\\\/\",\"name\":\"Szexshop Belv\u00e1ros\",\"description\":\"\ud83d\udd25 A szex olyan, mint a p\u00e9nz; csak a t\u00fal sok el\u00e9g!\u2122 Titkok a belv\u00e1rosb\u00f3l \ud83d\udc8b | Secrets from Budapest \ud83d\udc8e Feln\u0151tt j\u00e1t\u00e9kok \u2022 Erotika \u2022 Szexshop Belvaros\",\"publisher\":{\"@id\":\"https:\\\/\\\/www.szexshopbelvaros.com\\\/#organization\"},\"potentialAction\":[{\"@type\":\"SearchAction\",\"target\":{\"@type\":\"EntryPoint\",\"urlTemplate\":\"https:\\\/\\\/www.szexshopbelvaros.com\\\/?s={search_term_string}\"},\"query-input\":{\"@type\":\"PropertyValueSpecification\",\"valueRequired\":true,\"valueName\":\"search_term_string\"}}],\"inLanguage\":\"en-US\"},{\"@type\":\"Organization\",\"@id\":\"https:\\\/\\\/www.szexshopbelvaros.com\\\/#organization\",\"name\":\"Szexshop Belv\u00e1ros\",\"alternateName\":\"szexshopbelvaros.com\",\"url\":\"https:\\\/\\\/www.szexshopbelvaros.com\\\/\",\"logo\":{\"@type\":\"ImageObject\",\"inLanguage\":\"en-US\",\"@id\":\"https:\\\/\\\/www.szexshopbelvaros.com\\\/#\\\/schema\\\/logo\\\/image\\\/\",\"url\":\"https:\\\/\\\/www.szexshopbelvaros.com\\\/wp-content\\\/uploads\\\/2025\\\/09\\\/1Szexshopbelvaroslogo_blurred_stronger.jpg\",\"contentUrl\":\"https:\\\/\\\/www.szexshopbelvaros.com\\\/wp-content\\\/uploads\\\/2025\\\/09\\\/1Szexshopbelvaroslogo_blurred_stronger.jpg\",\"width\":1024,\"height\":1024,\"caption\":\"Szexshop Belv\u00e1ros\"},\"image\":{\"@id\":\"https:\\\/\\\/www.szexshopbelvaros.com\\\/#\\\/schema\\\/logo\\\/image\\\/\"},\"sameAs\":[\"https:\\\/\\\/www.facebook.com\\\/belvarossecrets\\\/\",\"https:\\\/\\\/x.com\\\/belvarossecrets\",\"https:\\\/\\\/www.instagram.com\\\/belvarossecrets\\\/\",\"https:\\\/\\\/www.tiktok.com\\\/@belvarossecrets\"]}]}<\/script>\n<!-- \/ Yoast SEO plugin. -->","yoast_head_json":{"title":"Oriental Crystals Bath Salts - Ocean Breeze 75 gr. - Sexshop Belvaros","robots":{"index":"index","follow":"follow","max-snippet":"max-snippet:-1","max-image-preview":"max-image-preview:large","max-video-preview":"max-video-preview:-1"},"canonical":"https:\/\/www.szexshopbelvaros.com\/en\/product\/oriental-crystals-bath-salts-ocean-breeze-75-gr-oriental-crystals-furdosok\/","og_locale":"en_US","og_type":"article","og_title":"Oriental Crystals Bath Salts - Ocean Breeze 75 gr. - Szexshop Belvaros","og_description":"Oriental Crystals f\u00fcrd\u0151s\u00f3k -\u00d3ce\u00e1n Szell\u0151 75 gr. Mer\u00fclj\u00f6n el az \u00e9lvezetek birodalm\u00e1ban. Egyszer haszn\u00e1latos dobozban, 4 cs\u00e1b\u00edt\u00f3 illatban kaphat\u00f3. Besz\u00ednezi a f\u00fcrd\u0151vizet 100%-ban holt-tengeri s\u00f3b\u00f3l k\u00e9sz\u00fcl Puh\u00e1v\u00e1 \u00e9s selymess\u00e9 var\u00e1zsolja a b\u0151rt Hab bubor\u00e9kok keletkezik a v\u00edz felsz\u00edn\u00e9n. &nbsp;","og_url":"https:\/\/www.szexshopbelvaros.com\/en\/product\/oriental-crystals-bath-salts-ocean-breeze-75-gr-oriental-crystals-furdosok\/","og_site_name":"Szexshop Belvaros","article_publisher":"https:\/\/www.facebook.com\/belvarossecrets\/","article_modified_time":"2026-04-10T12:00:30+00:00","og_image":[{"width":1200,"height":675,"url":"https:\/\/www.szexshopbelvaros.com\/wp-content\/uploads\/2025\/01\/677fe9f4ef6a465fdb0298f5.jpeg","type":"image\/jpeg"}],"twitter_card":"summary_large_image","twitter_site":"@belvarossecrets","schema":{"@context":"https:\/\/schema.org","@graph":[{"@type":"WebPage","@id":"https:\/\/www.szexshopbelvaros.com\/termek\/oriental-crystals-bath-salts-ocean-breeze-75-gr-oriental-crystals-furdosok\/","url":"https:\/\/www.szexshopbelvaros.com\/termek\/oriental-crystals-bath-salts-ocean-breeze-75-gr-oriental-crystals-furdosok\/","name":"Oriental Crystals Bath Salts - Ocean Breeze 75 gr. - Sexshop Belvaros","isPartOf":{"@id":"https:\/\/www.szexshopbelvaros.com\/#website"},"primaryImageOfPage":{"@id":"https:\/\/www.szexshopbelvaros.com\/termek\/oriental-crystals-bath-salts-ocean-breeze-75-gr-oriental-crystals-furdosok\/#primaryimage"},"image":{"@id":"https:\/\/www.szexshopbelvaros.com\/termek\/oriental-crystals-bath-salts-ocean-breeze-75-gr-oriental-crystals-furdosok\/#primaryimage"},"thumbnailUrl":"https:\/\/www.szexshopbelvaros.com\/wp-content\/uploads\/2025\/01\/677fe9f4ef6a465fdb0298f5.jpeg","datePublished":"2025-01-31T13:51:43+00:00","dateModified":"2026-04-10T12:00:30+00:00","breadcrumb":{"@id":"https:\/\/www.szexshopbelvaros.com\/termek\/oriental-crystals-bath-salts-ocean-breeze-75-gr-oriental-crystals-furdosok\/#breadcrumb"},"inLanguage":"en-US","potentialAction":[{"@type":"ReadAction","target":["https:\/\/www.szexshopbelvaros.com\/termek\/oriental-crystals-bath-salts-ocean-breeze-75-gr-oriental-crystals-furdosok\/"]}]},{"@type":"ImageObject","inLanguage":"en-US","@id":"https:\/\/www.szexshopbelvaros.com\/termek\/oriental-crystals-bath-salts-ocean-breeze-75-gr-oriental-crystals-furdosok\/#primaryimage","url":"https:\/\/www.szexshopbelvaros.com\/wp-content\/uploads\/2025\/01\/677fe9f4ef6a465fdb0298f5.jpeg","contentUrl":"https:\/\/www.szexshopbelvaros.com\/wp-content\/uploads\/2025\/01\/677fe9f4ef6a465fdb0298f5.jpeg","width":1200,"height":675},{"@type":"BreadcrumbList","@id":"https:\/\/www.szexshopbelvaros.com\/termek\/oriental-crystals-bath-salts-ocean-breeze-75-gr-oriental-crystals-furdosok\/#breadcrumb","itemListElement":[{"@type":"ListItem","position":1,"name":"Home","item":"https:\/\/www.szexshopbelvaros.com\/"},{"@type":"ListItem","position":2,"name":"\u00c1ruh\u00e1z","item":"https:\/\/www.szexshopbelvaros.com\/uzlet\/"},{"@type":"ListItem","position":3,"name":"Oriental Crystals Bath Salts &#8211; Ocean Breeze 75 gr."}]},{"@type":"WebSite","@id":"https:\/\/www.szexshopbelvaros.com\/#website","url":"https:\/\/www.szexshopbelvaros.com\/","name":"at our Szexshop Belv\u00e1ros","description":"\ud83d\udd25 Sex is like money; only too much is enough!\u2122 Secrets from the city center \ud83d\udc8b | Secrets from Budapest \ud83d\udc8e Adult games \u2022 Erotica \u2022 Sex shop Belvaros","publisher":{"@id":"https:\/\/www.szexshopbelvaros.com\/#organization"},"potentialAction":[{"@type":"SearchAction","target":{"@type":"EntryPoint","urlTemplate":"https:\/\/www.szexshopbelvaros.com\/?s={search_term_string}"},"query-input":{"@type":"PropertyValueSpecification","valueRequired":true,"valueName":"search_term_string"}}],"inLanguage":"en-US"},{"@type":"Organization","@id":"https:\/\/www.szexshopbelvaros.com\/#organization","name":"at our Szexshop Belv\u00e1ros","alternateName":"szexshopbelvaros.com","url":"https:\/\/www.szexshopbelvaros.com\/","logo":{"@type":"ImageObject","inLanguage":"en-US","@id":"https:\/\/www.szexshopbelvaros.com\/#\/schema\/logo\/image\/","url":"https:\/\/www.szexshopbelvaros.com\/wp-content\/uploads\/2025\/09\/1Szexshopbelvaroslogo_blurred_stronger.jpg","contentUrl":"https:\/\/www.szexshopbelvaros.com\/wp-content\/uploads\/2025\/09\/1Szexshopbelvaroslogo_blurred_stronger.jpg","width":1024,"height":1024,"caption":"Szexshop Belv\u00e1ros"},"image":{"@id":"https:\/\/www.szexshopbelvaros.com\/#\/schema\/logo\/image\/"},"sameAs":["https:\/\/www.facebook.com\/belvarossecrets\/","https:\/\/x.com\/belvarossecrets","https:\/\/www.instagram.com\/belvarossecrets\/","https:\/\/www.tiktok.com\/@belvarossecrets"]}]}},"_links":{"self":[{"href":"https:\/\/www.szexshopbelvaros.com\/en\/wp-json\/wp\/v2\/product\/979","targetHints":{"allow":["GET"]}}],"collection":[{"href":"https:\/\/www.szexshopbelvaros.com\/en\/wp-json\/wp\/v2\/product"}],"about":[{"href":"https:\/\/www.szexshopbelvaros.com\/en\/wp-json\/wp\/v2\/types\/product"}],"replies":[{"embeddable":true,"href":"https:\/\/www.szexshopbelvaros.com\/en\/wp-json\/wp\/v2\/comments?post=979"}],"wp:featuredmedia":[{"embeddable":true,"href":"https:\/\/www.szexshopbelvaros.com\/en\/wp-json\/wp\/v2\/media\/980"}],"wp:attachment":[{"href":"https:\/\/www.szexshopbelvaros.com\/en\/wp-json\/wp\/v2\/media?parent=979"}],"wp:term":[{"taxonomy":"product_brand","embeddable":true,"href":"https:\/\/www.szexshopbelvaros.com\/en\/wp-json\/wp\/v2\/product_brand?post=979"},{"taxonomy":"product_cat","embeddable":true,"href":"https:\/\/www.szexshopbelvaros.com\/en\/wp-json\/wp\/v2\/product_cat?post=979"},{"taxonomy":"product_tag","embeddable":true,"href":"https:\/\/www.szexshopbelvaros.com\/en\/wp-json\/wp\/v2\/product_tag?post=979"}],"curies":[{"name":"wp","href":"https:\/\/api.w.org\/{rel}","templated":true}]}}