{"id":989,"date":"2025-01-31T14:51:43","date_gmt":"2025-01-31T13:51:43","guid":{"rendered":"https:\/\/www.szexshopbelvaros.com\/termek\/vibration-coffee-airless-bottle-15ml\/"},"modified":"2026-04-10T14:00:32","modified_gmt":"2026-04-10T12:00:32","slug":"vibration-coffee-airless-bottle-15ml","status":"publish","type":"product","link":"https:\/\/www.szexshopbelvaros.com\/en\/product\/vibration-coffee-airless-bottle-15ml\/","title":{"rendered":"Vibration Coffee Airless Bottle 15ML"},"content":{"rendered":"<p>VIBRATION COFFEE AIRLESS BOTTLE 15ML<\/p>\n<p>INTT Vibration Coffee liquid vibrator gel. A warming, pulsating and vibrating product that lasts up to 30 minutes, also recommended for oral sex thanks to its coffee flavor. Usage: Apply 3 pumps to the clitoris and 1 pump to the penis. Special features: fragrant, stimulating, warming<\/p>\n<p>&nbsp;<\/p>","protected":false},"excerpt":{"rendered":"<p>VIBRATION COFFEE AIRLESS BOTTLE 15ML INTT Vibration Coffee liquid vibrator gel. A warming, pulsating and vibrating product, the effect of which can last up to 30 minutes, also recommended for oral sex thanks to its coffee flavor. Usage: Apply 3 pumps to the clitoris and 1 pump to the penis. Special features: fragrant, stimulating, warming &nbsp;<\/p>","protected":false},"featured_media":990,"comment_status":"closed","ping_status":"closed","template":"","meta":[],"product_brand":[],"product_cat":[156,93,120,80],"product_tag":[2052,2053,1528,474,2050,884,2066,847,849,888,2047,2051,2067,2064,857,2063,2061,2065,863,865,2049,2060,2062,1201,673,899,220,2048,2059,340,346,1529],"class_list":{"0":"post-989","1":"product","2":"type-product","3":"status-publish","4":"has-post-thumbnail","6":"product_cat-drogeria-wellness","7":"product_cat-potencianovelok-serkentok-ferfiaknak","8":"product_cat-potencianovelok-serkentok-noknek","9":"product_cat-sikositok","10":"product_tag-adult-care","11":"product_tag-couples-wellness","12":"product_tag-drogeria","13":"product_tag-erection-support","14":"product_tag-felnotteknek","15":"product_tag-female-enhancement","16":"product_tag-female-stimulant","17":"product_tag-ferfi-potencianovelo","18":"product_tag-ferfi-serkento","19":"product_tag-intim-sikosito","20":"product_tag-intim-termek","21":"product_tag-intimate-products","22":"product_tag-libido-booster","23":"product_tag-libido-fokozasa","24":"product_tag-male-enhancement","25":"product_tag-male-stimulant","26":"product_tag-merevedes-fokozasa","27":"product_tag-noi-izgalom-fokozasa","28":"product_tag-noi-potencianovelo","29":"product_tag-noi-serkento","30":"product_tag-paros-egeszseg","31":"product_tag-personal-lubricant","32":"product_tag-potencianovelo-kapszula","33":"product_tag-sexual-wellness","34":"product_tag-sikosito","35":"product_tag-silicone-lube","36":"product_tag-szexshop-belvaros","37":"product_tag-szexualis-egeszseg","38":"product_tag-szilikonos-sikosito","39":"product_tag-vizbazisu-sikosito","40":"product_tag-water-based-lube","41":"product_tag-wellness","43":"first","44":"instock","45":"taxable","46":"shipping-taxable","47":"purchasable","48":"product-type-simple"},"yoast_head":"<!-- This site is optimized with the Yoast SEO plugin v27.4 - https:\/\/yoast.com\/product\/yoast-seo-wordpress\/ -->\n<title>Vibration Coffee Airless Bottle 15ML - Szexshop Belvaros<\/title>\n<meta name=\"robots\" content=\"index, follow, max-snippet:-1, max-image-preview:large, max-video-preview:-1\" \/>\n<link rel=\"canonical\" href=\"https:\/\/www.szexshopbelvaros.com\/en\/product\/vibration-coffee-airless-bottle-15ml\/\" \/>\n<meta property=\"og:locale\" content=\"en_US\" \/>\n<meta property=\"og:type\" content=\"article\" \/>\n<meta property=\"og:title\" content=\"Vibration Coffee Airless Bottle 15ML - Szexshop Belvaros\" \/>\n<meta property=\"og:description\" content=\"VIBRATION COFFEE AIRLESS BOTTLE 15ML INTT Vibration Coffee foly\u00e9kony vibr\u00e1tor g\u00e9l. Meleg\u00edt\u0151, l\u00fcktet\u0151 \u00e9s vibr\u00e1l\u00f3 \u00e9rz\u00e9st kelt\u0151 k\u00e9sz\u00edtm\u00e9ny, melynek hat\u00e1sa ak\u00e1r 30 percig is tarthat, or\u00e1lis szexhez is javasolt k\u00e1v\u00e9 \u00edzes\u00edt\u00e9s\u00e9nek k\u00f6sz\u00f6nhet\u0151en. Haszn\u00e1lat: 3 pumpanyom\u00e1s felvitele a klitoriszra illetve 1 pumpanyom\u00e1s a p\u00e9niszre. Speci\u00e1lis jellemz\u0151 illatos, stimul\u00e1l\u00f3, forr\u00f3s\u00edt\u00f3 &nbsp;\" \/>\n<meta property=\"og:url\" content=\"https:\/\/www.szexshopbelvaros.com\/en\/product\/vibration-coffee-airless-bottle-15ml\/\" \/>\n<meta property=\"og:site_name\" content=\"Szexshop Belvaros\" \/>\n<meta property=\"article:publisher\" content=\"https:\/\/www.facebook.com\/belvarossecrets\/\" \/>\n<meta property=\"article:modified_time\" content=\"2026-04-10T12:00:32+00:00\" \/>\n<meta property=\"og:image\" content=\"https:\/\/www.szexshopbelvaros.com\/wp-content\/uploads\/2025\/01\/677ffa8aef6a465fdb029ac2.jpeg\" \/>\n\t<meta property=\"og:image:width\" content=\"1200\" \/>\n\t<meta property=\"og:image:height\" content=\"675\" \/>\n\t<meta property=\"og:image:type\" content=\"image\/jpeg\" \/>\n<meta name=\"twitter:card\" content=\"summary_large_image\" \/>\n<meta name=\"twitter:site\" content=\"@belvarossecrets\" \/>\n<meta name=\"twitter:label1\" content=\"Est. reading time\" \/>\n\t<meta name=\"twitter:data1\" content=\"1 minute\" \/>\n<script type=\"application\/ld+json\" class=\"yoast-schema-graph\">{\"@context\":\"https:\\\/\\\/schema.org\",\"@graph\":[{\"@type\":\"WebPage\",\"@id\":\"https:\\\/\\\/www.szexshopbelvaros.com\\\/termek\\\/vibration-coffee-airless-bottle-15ml\\\/\",\"url\":\"https:\\\/\\\/www.szexshopbelvaros.com\\\/termek\\\/vibration-coffee-airless-bottle-15ml\\\/\",\"name\":\"Vibration Coffee Airless Bottle 15ML - Szexshop Belvaros\",\"isPartOf\":{\"@id\":\"https:\\\/\\\/www.szexshopbelvaros.com\\\/#website\"},\"primaryImageOfPage\":{\"@id\":\"https:\\\/\\\/www.szexshopbelvaros.com\\\/termek\\\/vibration-coffee-airless-bottle-15ml\\\/#primaryimage\"},\"image\":{\"@id\":\"https:\\\/\\\/www.szexshopbelvaros.com\\\/termek\\\/vibration-coffee-airless-bottle-15ml\\\/#primaryimage\"},\"thumbnailUrl\":\"https:\\\/\\\/www.szexshopbelvaros.com\\\/wp-content\\\/uploads\\\/2025\\\/01\\\/677ffa8aef6a465fdb029ac2.jpeg\",\"datePublished\":\"2025-01-31T13:51:43+00:00\",\"dateModified\":\"2026-04-10T12:00:32+00:00\",\"breadcrumb\":{\"@id\":\"https:\\\/\\\/www.szexshopbelvaros.com\\\/termek\\\/vibration-coffee-airless-bottle-15ml\\\/#breadcrumb\"},\"inLanguage\":\"en-US\",\"potentialAction\":[{\"@type\":\"ReadAction\",\"target\":[\"https:\\\/\\\/www.szexshopbelvaros.com\\\/termek\\\/vibration-coffee-airless-bottle-15ml\\\/\"]}]},{\"@type\":\"ImageObject\",\"inLanguage\":\"en-US\",\"@id\":\"https:\\\/\\\/www.szexshopbelvaros.com\\\/termek\\\/vibration-coffee-airless-bottle-15ml\\\/#primaryimage\",\"url\":\"https:\\\/\\\/www.szexshopbelvaros.com\\\/wp-content\\\/uploads\\\/2025\\\/01\\\/677ffa8aef6a465fdb029ac2.jpeg\",\"contentUrl\":\"https:\\\/\\\/www.szexshopbelvaros.com\\\/wp-content\\\/uploads\\\/2025\\\/01\\\/677ffa8aef6a465fdb029ac2.jpeg\",\"width\":1200,\"height\":675},{\"@type\":\"BreadcrumbList\",\"@id\":\"https:\\\/\\\/www.szexshopbelvaros.com\\\/termek\\\/vibration-coffee-airless-bottle-15ml\\\/#breadcrumb\",\"itemListElement\":[{\"@type\":\"ListItem\",\"position\":1,\"name\":\"Home\",\"item\":\"https:\\\/\\\/www.szexshopbelvaros.com\\\/\"},{\"@type\":\"ListItem\",\"position\":2,\"name\":\"\u00c1ruh\u00e1z\",\"item\":\"https:\\\/\\\/www.szexshopbelvaros.com\\\/uzlet\\\/\"},{\"@type\":\"ListItem\",\"position\":3,\"name\":\"Vibration Coffee Airless Bottle 15ML\"}]},{\"@type\":\"WebSite\",\"@id\":\"https:\\\/\\\/www.szexshopbelvaros.com\\\/#website\",\"url\":\"https:\\\/\\\/www.szexshopbelvaros.com\\\/\",\"name\":\"Szexshop Belv\u00e1ros\",\"description\":\"\ud83d\udd25 A szex olyan, mint a p\u00e9nz; csak a t\u00fal sok el\u00e9g!\u2122 Titkok a belv\u00e1rosb\u00f3l \ud83d\udc8b | Secrets from Budapest \ud83d\udc8e Feln\u0151tt j\u00e1t\u00e9kok \u2022 Erotika \u2022 Szexshop Belvaros\",\"publisher\":{\"@id\":\"https:\\\/\\\/www.szexshopbelvaros.com\\\/#organization\"},\"potentialAction\":[{\"@type\":\"SearchAction\",\"target\":{\"@type\":\"EntryPoint\",\"urlTemplate\":\"https:\\\/\\\/www.szexshopbelvaros.com\\\/?s={search_term_string}\"},\"query-input\":{\"@type\":\"PropertyValueSpecification\",\"valueRequired\":true,\"valueName\":\"search_term_string\"}}],\"inLanguage\":\"en-US\"},{\"@type\":\"Organization\",\"@id\":\"https:\\\/\\\/www.szexshopbelvaros.com\\\/#organization\",\"name\":\"Szexshop Belv\u00e1ros\",\"alternateName\":\"szexshopbelvaros.com\",\"url\":\"https:\\\/\\\/www.szexshopbelvaros.com\\\/\",\"logo\":{\"@type\":\"ImageObject\",\"inLanguage\":\"en-US\",\"@id\":\"https:\\\/\\\/www.szexshopbelvaros.com\\\/#\\\/schema\\\/logo\\\/image\\\/\",\"url\":\"https:\\\/\\\/www.szexshopbelvaros.com\\\/wp-content\\\/uploads\\\/2025\\\/09\\\/1Szexshopbelvaroslogo_blurred_stronger.jpg\",\"contentUrl\":\"https:\\\/\\\/www.szexshopbelvaros.com\\\/wp-content\\\/uploads\\\/2025\\\/09\\\/1Szexshopbelvaroslogo_blurred_stronger.jpg\",\"width\":1024,\"height\":1024,\"caption\":\"Szexshop Belv\u00e1ros\"},\"image\":{\"@id\":\"https:\\\/\\\/www.szexshopbelvaros.com\\\/#\\\/schema\\\/logo\\\/image\\\/\"},\"sameAs\":[\"https:\\\/\\\/www.facebook.com\\\/belvarossecrets\\\/\",\"https:\\\/\\\/x.com\\\/belvarossecrets\",\"https:\\\/\\\/www.instagram.com\\\/belvarossecrets\\\/\",\"https:\\\/\\\/www.tiktok.com\\\/@belvarossecrets\"]}]}<\/script>\n<!-- \/ Yoast SEO plugin. -->","yoast_head_json":{"title":"Vibration Coffee Airless Bottle 15ML - Sexshop Belvaros","robots":{"index":"index","follow":"follow","max-snippet":"max-snippet:-1","max-image-preview":"max-image-preview:large","max-video-preview":"max-video-preview:-1"},"canonical":"https:\/\/www.szexshopbelvaros.com\/en\/product\/vibration-coffee-airless-bottle-15ml\/","og_locale":"en_US","og_type":"article","og_title":"Vibration Coffee Airless Bottle 15ML - Szexshop Belvaros","og_description":"VIBRATION COFFEE AIRLESS BOTTLE 15ML INTT Vibration Coffee foly\u00e9kony vibr\u00e1tor g\u00e9l. Meleg\u00edt\u0151, l\u00fcktet\u0151 \u00e9s vibr\u00e1l\u00f3 \u00e9rz\u00e9st kelt\u0151 k\u00e9sz\u00edtm\u00e9ny, melynek hat\u00e1sa ak\u00e1r 30 percig is tarthat, or\u00e1lis szexhez is javasolt k\u00e1v\u00e9 \u00edzes\u00edt\u00e9s\u00e9nek k\u00f6sz\u00f6nhet\u0151en. Haszn\u00e1lat: 3 pumpanyom\u00e1s felvitele a klitoriszra illetve 1 pumpanyom\u00e1s a p\u00e9niszre. Speci\u00e1lis jellemz\u0151 illatos, stimul\u00e1l\u00f3, forr\u00f3s\u00edt\u00f3 &nbsp;","og_url":"https:\/\/www.szexshopbelvaros.com\/en\/product\/vibration-coffee-airless-bottle-15ml\/","og_site_name":"Szexshop Belvaros","article_publisher":"https:\/\/www.facebook.com\/belvarossecrets\/","article_modified_time":"2026-04-10T12:00:32+00:00","og_image":[{"width":1200,"height":675,"url":"https:\/\/www.szexshopbelvaros.com\/wp-content\/uploads\/2025\/01\/677ffa8aef6a465fdb029ac2.jpeg","type":"image\/jpeg"}],"twitter_card":"summary_large_image","twitter_site":"@belvarossecrets","twitter_misc":{"Est. reading time":"1 minute"},"schema":{"@context":"https:\/\/schema.org","@graph":[{"@type":"WebPage","@id":"https:\/\/www.szexshopbelvaros.com\/termek\/vibration-coffee-airless-bottle-15ml\/","url":"https:\/\/www.szexshopbelvaros.com\/termek\/vibration-coffee-airless-bottle-15ml\/","name":"Vibration Coffee Airless Bottle 15ML - Sexshop Belvaros","isPartOf":{"@id":"https:\/\/www.szexshopbelvaros.com\/#website"},"primaryImageOfPage":{"@id":"https:\/\/www.szexshopbelvaros.com\/termek\/vibration-coffee-airless-bottle-15ml\/#primaryimage"},"image":{"@id":"https:\/\/www.szexshopbelvaros.com\/termek\/vibration-coffee-airless-bottle-15ml\/#primaryimage"},"thumbnailUrl":"https:\/\/www.szexshopbelvaros.com\/wp-content\/uploads\/2025\/01\/677ffa8aef6a465fdb029ac2.jpeg","datePublished":"2025-01-31T13:51:43+00:00","dateModified":"2026-04-10T12:00:32+00:00","breadcrumb":{"@id":"https:\/\/www.szexshopbelvaros.com\/termek\/vibration-coffee-airless-bottle-15ml\/#breadcrumb"},"inLanguage":"en-US","potentialAction":[{"@type":"ReadAction","target":["https:\/\/www.szexshopbelvaros.com\/termek\/vibration-coffee-airless-bottle-15ml\/"]}]},{"@type":"ImageObject","inLanguage":"en-US","@id":"https:\/\/www.szexshopbelvaros.com\/termek\/vibration-coffee-airless-bottle-15ml\/#primaryimage","url":"https:\/\/www.szexshopbelvaros.com\/wp-content\/uploads\/2025\/01\/677ffa8aef6a465fdb029ac2.jpeg","contentUrl":"https:\/\/www.szexshopbelvaros.com\/wp-content\/uploads\/2025\/01\/677ffa8aef6a465fdb029ac2.jpeg","width":1200,"height":675},{"@type":"BreadcrumbList","@id":"https:\/\/www.szexshopbelvaros.com\/termek\/vibration-coffee-airless-bottle-15ml\/#breadcrumb","itemListElement":[{"@type":"ListItem","position":1,"name":"Home","item":"https:\/\/www.szexshopbelvaros.com\/"},{"@type":"ListItem","position":2,"name":"\u00c1ruh\u00e1z","item":"https:\/\/www.szexshopbelvaros.com\/uzlet\/"},{"@type":"ListItem","position":3,"name":"Vibration Coffee Airless Bottle 15ML"}]},{"@type":"WebSite","@id":"https:\/\/www.szexshopbelvaros.com\/#website","url":"https:\/\/www.szexshopbelvaros.com\/","name":"at our Szexshop Belv\u00e1ros","description":"\ud83d\udd25 Sex is like money; only too much is enough!\u2122 Secrets from the city center \ud83d\udc8b | Secrets from Budapest \ud83d\udc8e Adult games \u2022 Erotica \u2022 Sex shop Belvaros","publisher":{"@id":"https:\/\/www.szexshopbelvaros.com\/#organization"},"potentialAction":[{"@type":"SearchAction","target":{"@type":"EntryPoint","urlTemplate":"https:\/\/www.szexshopbelvaros.com\/?s={search_term_string}"},"query-input":{"@type":"PropertyValueSpecification","valueRequired":true,"valueName":"search_term_string"}}],"inLanguage":"en-US"},{"@type":"Organization","@id":"https:\/\/www.szexshopbelvaros.com\/#organization","name":"at our Szexshop Belv\u00e1ros","alternateName":"szexshopbelvaros.com","url":"https:\/\/www.szexshopbelvaros.com\/","logo":{"@type":"ImageObject","inLanguage":"en-US","@id":"https:\/\/www.szexshopbelvaros.com\/#\/schema\/logo\/image\/","url":"https:\/\/www.szexshopbelvaros.com\/wp-content\/uploads\/2025\/09\/1Szexshopbelvaroslogo_blurred_stronger.jpg","contentUrl":"https:\/\/www.szexshopbelvaros.com\/wp-content\/uploads\/2025\/09\/1Szexshopbelvaroslogo_blurred_stronger.jpg","width":1024,"height":1024,"caption":"Szexshop Belv\u00e1ros"},"image":{"@id":"https:\/\/www.szexshopbelvaros.com\/#\/schema\/logo\/image\/"},"sameAs":["https:\/\/www.facebook.com\/belvarossecrets\/","https:\/\/x.com\/belvarossecrets","https:\/\/www.instagram.com\/belvarossecrets\/","https:\/\/www.tiktok.com\/@belvarossecrets"]}]}},"_links":{"self":[{"href":"https:\/\/www.szexshopbelvaros.com\/en\/wp-json\/wp\/v2\/product\/989","targetHints":{"allow":["GET"]}}],"collection":[{"href":"https:\/\/www.szexshopbelvaros.com\/en\/wp-json\/wp\/v2\/product"}],"about":[{"href":"https:\/\/www.szexshopbelvaros.com\/en\/wp-json\/wp\/v2\/types\/product"}],"replies":[{"embeddable":true,"href":"https:\/\/www.szexshopbelvaros.com\/en\/wp-json\/wp\/v2\/comments?post=989"}],"wp:featuredmedia":[{"embeddable":true,"href":"https:\/\/www.szexshopbelvaros.com\/en\/wp-json\/wp\/v2\/media\/990"}],"wp:attachment":[{"href":"https:\/\/www.szexshopbelvaros.com\/en\/wp-json\/wp\/v2\/media?parent=989"}],"wp:term":[{"taxonomy":"product_brand","embeddable":true,"href":"https:\/\/www.szexshopbelvaros.com\/en\/wp-json\/wp\/v2\/product_brand?post=989"},{"taxonomy":"product_cat","embeddable":true,"href":"https:\/\/www.szexshopbelvaros.com\/en\/wp-json\/wp\/v2\/product_cat?post=989"},{"taxonomy":"product_tag","embeddable":true,"href":"https:\/\/www.szexshopbelvaros.com\/en\/wp-json\/wp\/v2\/product_tag?post=989"}],"curies":[{"name":"wp","href":"https:\/\/api.w.org\/{rel}","templated":true}]}}