{"id":997,"date":"2025-01-31T14:51:43","date_gmt":"2025-01-31T13:51:43","guid":{"rendered":"https:\/\/www.szexshopbelvaros.com\/termek\/szilikon-fekete-allithato-peniszgyuru-adjustable-penis-ring\/"},"modified":"2026-04-10T14:00:32","modified_gmt":"2026-04-10T12:00:32","slug":"szilikon-fekete-allithato-peniszgyuru-adjustable-penis-ring","status":"publish","type":"product","link":"https:\/\/www.szexshopbelvaros.com\/en\/product\/szilikon-fekete-allithato-peniszgyuru-adjustable-penis-ring\/","title":{"rendered":"Silicone, black adjustable penis ring \u2013 Adjustable penis ring"},"content":{"rendered":"<p>Silicone, black adjustable penis ring<\/p>\n<p>A ring that can be placed on the penis, which helps maintain an erection. The degree of tightness can be adjusted as needed. Cleaning: before and after each use, wash with lukewarm soapy water and a device cleaner. Water-based lubricant is recommended, the package contains one dose.<\/p>\n<p>&nbsp;<\/p>","protected":false},"excerpt":{"rendered":"<p>Silicone, black adjustable penis ring A ring that can be placed on the penis, which helps maintain an erection. The degree of tightness can be adjusted as needed. Cleaning: before and after each use, wash with lukewarm soapy water and a device cleaner. Water-based lubricant is recommended, the package contains one dose. &nbsp;<\/p>","protected":false},"featured_media":998,"comment_status":"closed","ping_status":"closed","template":"","meta":[],"product_brand":[],"product_cat":[68,147],"product_tag":[1857,2398,1065,2396,474,2166,2069,2068,1104,1855,2397,2168,2167,573,1858,1856,2077,2175,2079,1051,548,2080,220,2176,2078],"class_list":{"0":"post-997","1":"product","2":"type-product","3":"status-publish","4":"has-post-thumbnail","6":"product_cat-ferfiaknak","7":"product_cat-peniszgyuru","8":"product_tag-adult-toy-for-men","9":"product_tag-allithato-peniszgyuru","10":"product_tag-cock-ring","11":"product_tag-dupla-peniszgyuru","12":"product_tag-erection-support","13":"product_tag-ferfi-elvezet","14":"product_tag-ferfi-felnott-jatek","15":"product_tag-ferfi-intim-jatek","16":"product_tag-ferfi-kiegeszito","17":"product_tag-ferfi-szexjatek","18":"product_tag-heregyuru","19":"product_tag-intimate-toy-for-men","20":"product_tag-male-adult-toy","21":"product_tag-male-sex-toy","22":"product_tag-mens-accessory","23":"product_tag-mens-pleasure","24":"product_tag-merevedes-segito","25":"product_tag-merevedes-tamogatas","26":"product_tag-penis-ring","27":"product_tag-penisz-gyuru","28":"product_tag-peniszgyuru","29":"product_tag-performance-ring","30":"product_tag-szexshop-belvaros","31":"product_tag-teljesitmeny-fokozas","32":"product_tag-teljesitmeny-gyuru","34":"first","35":"instock","36":"featured","37":"taxable","38":"shipping-taxable","39":"purchasable","40":"product-type-simple"},"yoast_head":"<!-- This site is optimized with the Yoast SEO plugin v27.4 - https:\/\/yoast.com\/product\/yoast-seo-wordpress\/ -->\n<title>Szilikon, fekete \u00e1ll\u00edthat\u00f3 p\u00e9niszgy\u0171r\u0171 - Adjustable penis ring - Szexshop Belvaros<\/title>\n<meta name=\"robots\" content=\"index, follow, max-snippet:-1, max-image-preview:large, max-video-preview:-1\" \/>\n<link rel=\"canonical\" href=\"https:\/\/www.szexshopbelvaros.com\/en\/product\/szilikon-fekete-allithato-peniszgyuru-adjustable-penis-ring\/\" \/>\n<meta property=\"og:locale\" content=\"en_US\" \/>\n<meta property=\"og:type\" content=\"article\" \/>\n<meta property=\"og:title\" content=\"Szilikon, fekete \u00e1ll\u00edthat\u00f3 p\u00e9niszgy\u0171r\u0171 - Adjustable penis ring - Szexshop Belvaros\" \/>\n<meta property=\"og:description\" content=\"Szilikon, fekete \u00e1ll\u00edthat\u00f3 p\u00e9niszgy\u0171r\u0171 P\u00e9niszre helyezhet\u0151 gy\u0171r\u0171, mely el\u0151seg\u00edti a mereved\u00e9s fenntart\u00e1s\u00e1t. Szor\u00edt\u00e1s\u00e1nak m\u00e9rt\u00e9ke ig\u00e9ny szerint \u00e1ll\u00edthat\u00f3. Tiszt\u00edt\u00e1sa : minden haszn\u00e1lat el\u0151tt \u00e9s minden haszn\u00e1lat ut\u00e1n langyos szappanos v\u00edzzel \u00e9s seg\u00e9deszk\u00f6z tiszt\u00edt\u00f3val kell lemosni. V\u00edzb\u00e1zis\u00fa s\u00edkos\u00edt\u00f3 javasolt, a csomag egy adagot tartalmaz. &nbsp;\" \/>\n<meta property=\"og:url\" content=\"https:\/\/www.szexshopbelvaros.com\/en\/product\/szilikon-fekete-allithato-peniszgyuru-adjustable-penis-ring\/\" \/>\n<meta property=\"og:site_name\" content=\"Szexshop Belvaros\" \/>\n<meta property=\"article:publisher\" content=\"https:\/\/www.facebook.com\/belvarossecrets\/\" \/>\n<meta property=\"article:modified_time\" content=\"2026-04-10T12:00:32+00:00\" \/>\n<meta property=\"og:image\" content=\"https:\/\/www.szexshopbelvaros.com\/wp-content\/uploads\/2025\/01\/678292a64110e83ad078fb15.jpeg\" \/>\n\t<meta property=\"og:image:width\" content=\"1200\" \/>\n\t<meta property=\"og:image:height\" content=\"675\" \/>\n\t<meta property=\"og:image:type\" content=\"image\/jpeg\" \/>\n<meta name=\"twitter:card\" content=\"summary_large_image\" \/>\n<meta name=\"twitter:site\" content=\"@belvarossecrets\" \/>\n<meta name=\"twitter:label1\" content=\"Est. reading time\" \/>\n\t<meta name=\"twitter:data1\" content=\"1 minute\" \/>\n<script type=\"application\/ld+json\" class=\"yoast-schema-graph\">{\"@context\":\"https:\\\/\\\/schema.org\",\"@graph\":[{\"@type\":\"WebPage\",\"@id\":\"https:\\\/\\\/www.szexshopbelvaros.com\\\/termek\\\/szilikon-fekete-allithato-peniszgyuru-adjustable-penis-ring\\\/\",\"url\":\"https:\\\/\\\/www.szexshopbelvaros.com\\\/termek\\\/szilikon-fekete-allithato-peniszgyuru-adjustable-penis-ring\\\/\",\"name\":\"Szilikon, fekete \u00e1ll\u00edthat\u00f3 p\u00e9niszgy\u0171r\u0171 - Adjustable penis ring - Szexshop Belvaros\",\"isPartOf\":{\"@id\":\"https:\\\/\\\/www.szexshopbelvaros.com\\\/#website\"},\"primaryImageOfPage\":{\"@id\":\"https:\\\/\\\/www.szexshopbelvaros.com\\\/termek\\\/szilikon-fekete-allithato-peniszgyuru-adjustable-penis-ring\\\/#primaryimage\"},\"image\":{\"@id\":\"https:\\\/\\\/www.szexshopbelvaros.com\\\/termek\\\/szilikon-fekete-allithato-peniszgyuru-adjustable-penis-ring\\\/#primaryimage\"},\"thumbnailUrl\":\"https:\\\/\\\/www.szexshopbelvaros.com\\\/wp-content\\\/uploads\\\/2025\\\/01\\\/678292a64110e83ad078fb15.jpeg\",\"datePublished\":\"2025-01-31T13:51:43+00:00\",\"dateModified\":\"2026-04-10T12:00:32+00:00\",\"breadcrumb\":{\"@id\":\"https:\\\/\\\/www.szexshopbelvaros.com\\\/termek\\\/szilikon-fekete-allithato-peniszgyuru-adjustable-penis-ring\\\/#breadcrumb\"},\"inLanguage\":\"en-US\",\"potentialAction\":[{\"@type\":\"ReadAction\",\"target\":[\"https:\\\/\\\/www.szexshopbelvaros.com\\\/termek\\\/szilikon-fekete-allithato-peniszgyuru-adjustable-penis-ring\\\/\"]}]},{\"@type\":\"ImageObject\",\"inLanguage\":\"en-US\",\"@id\":\"https:\\\/\\\/www.szexshopbelvaros.com\\\/termek\\\/szilikon-fekete-allithato-peniszgyuru-adjustable-penis-ring\\\/#primaryimage\",\"url\":\"https:\\\/\\\/www.szexshopbelvaros.com\\\/wp-content\\\/uploads\\\/2025\\\/01\\\/678292a64110e83ad078fb15.jpeg\",\"contentUrl\":\"https:\\\/\\\/www.szexshopbelvaros.com\\\/wp-content\\\/uploads\\\/2025\\\/01\\\/678292a64110e83ad078fb15.jpeg\",\"width\":1200,\"height\":675},{\"@type\":\"BreadcrumbList\",\"@id\":\"https:\\\/\\\/www.szexshopbelvaros.com\\\/termek\\\/szilikon-fekete-allithato-peniszgyuru-adjustable-penis-ring\\\/#breadcrumb\",\"itemListElement\":[{\"@type\":\"ListItem\",\"position\":1,\"name\":\"Home\",\"item\":\"https:\\\/\\\/www.szexshopbelvaros.com\\\/\"},{\"@type\":\"ListItem\",\"position\":2,\"name\":\"\u00c1ruh\u00e1z\",\"item\":\"https:\\\/\\\/www.szexshopbelvaros.com\\\/uzlet\\\/\"},{\"@type\":\"ListItem\",\"position\":3,\"name\":\"Szilikon, fekete \u00e1ll\u00edthat\u00f3 p\u00e9niszgy\u0171r\u0171 &#8211; Adjustable penis ring\"}]},{\"@type\":\"WebSite\",\"@id\":\"https:\\\/\\\/www.szexshopbelvaros.com\\\/#website\",\"url\":\"https:\\\/\\\/www.szexshopbelvaros.com\\\/\",\"name\":\"Szexshop Belv\u00e1ros\",\"description\":\"\ud83d\udd25 A szex olyan, mint a p\u00e9nz; csak a t\u00fal sok el\u00e9g!\u2122 Titkok a belv\u00e1rosb\u00f3l \ud83d\udc8b | Secrets from Budapest \ud83d\udc8e Feln\u0151tt j\u00e1t\u00e9kok \u2022 Erotika \u2022 Szexshop Belvaros\",\"publisher\":{\"@id\":\"https:\\\/\\\/www.szexshopbelvaros.com\\\/#organization\"},\"potentialAction\":[{\"@type\":\"SearchAction\",\"target\":{\"@type\":\"EntryPoint\",\"urlTemplate\":\"https:\\\/\\\/www.szexshopbelvaros.com\\\/?s={search_term_string}\"},\"query-input\":{\"@type\":\"PropertyValueSpecification\",\"valueRequired\":true,\"valueName\":\"search_term_string\"}}],\"inLanguage\":\"en-US\"},{\"@type\":\"Organization\",\"@id\":\"https:\\\/\\\/www.szexshopbelvaros.com\\\/#organization\",\"name\":\"Szexshop Belv\u00e1ros\",\"alternateName\":\"szexshopbelvaros.com\",\"url\":\"https:\\\/\\\/www.szexshopbelvaros.com\\\/\",\"logo\":{\"@type\":\"ImageObject\",\"inLanguage\":\"en-US\",\"@id\":\"https:\\\/\\\/www.szexshopbelvaros.com\\\/#\\\/schema\\\/logo\\\/image\\\/\",\"url\":\"https:\\\/\\\/www.szexshopbelvaros.com\\\/wp-content\\\/uploads\\\/2025\\\/09\\\/1Szexshopbelvaroslogo_blurred_stronger.jpg\",\"contentUrl\":\"https:\\\/\\\/www.szexshopbelvaros.com\\\/wp-content\\\/uploads\\\/2025\\\/09\\\/1Szexshopbelvaroslogo_blurred_stronger.jpg\",\"width\":1024,\"height\":1024,\"caption\":\"Szexshop Belv\u00e1ros\"},\"image\":{\"@id\":\"https:\\\/\\\/www.szexshopbelvaros.com\\\/#\\\/schema\\\/logo\\\/image\\\/\"},\"sameAs\":[\"https:\\\/\\\/www.facebook.com\\\/belvarossecrets\\\/\",\"https:\\\/\\\/x.com\\\/belvarossecrets\",\"https:\\\/\\\/www.instagram.com\\\/belvarossecrets\\\/\",\"https:\\\/\\\/www.tiktok.com\\\/@belvarossecrets\"]}]}<\/script>\n<!-- \/ Yoast SEO plugin. -->","yoast_head_json":{"title":"Silicone, black adjustable penis ring - Adjustable penis ring - Szexshop Belvaros","robots":{"index":"index","follow":"follow","max-snippet":"max-snippet:-1","max-image-preview":"max-image-preview:large","max-video-preview":"max-video-preview:-1"},"canonical":"https:\/\/www.szexshopbelvaros.com\/en\/product\/szilikon-fekete-allithato-peniszgyuru-adjustable-penis-ring\/","og_locale":"en_US","og_type":"article","og_title":"Szilikon, fekete \u00e1ll\u00edthat\u00f3 p\u00e9niszgy\u0171r\u0171 - Adjustable penis ring - Szexshop Belvaros","og_description":"Szilikon, fekete \u00e1ll\u00edthat\u00f3 p\u00e9niszgy\u0171r\u0171 P\u00e9niszre helyezhet\u0151 gy\u0171r\u0171, mely el\u0151seg\u00edti a mereved\u00e9s fenntart\u00e1s\u00e1t. Szor\u00edt\u00e1s\u00e1nak m\u00e9rt\u00e9ke ig\u00e9ny szerint \u00e1ll\u00edthat\u00f3. Tiszt\u00edt\u00e1sa : minden haszn\u00e1lat el\u0151tt \u00e9s minden haszn\u00e1lat ut\u00e1n langyos szappanos v\u00edzzel \u00e9s seg\u00e9deszk\u00f6z tiszt\u00edt\u00f3val kell lemosni. V\u00edzb\u00e1zis\u00fa s\u00edkos\u00edt\u00f3 javasolt, a csomag egy adagot tartalmaz. &nbsp;","og_url":"https:\/\/www.szexshopbelvaros.com\/en\/product\/szilikon-fekete-allithato-peniszgyuru-adjustable-penis-ring\/","og_site_name":"Szexshop Belvaros","article_publisher":"https:\/\/www.facebook.com\/belvarossecrets\/","article_modified_time":"2026-04-10T12:00:32+00:00","og_image":[{"width":1200,"height":675,"url":"https:\/\/www.szexshopbelvaros.com\/wp-content\/uploads\/2025\/01\/678292a64110e83ad078fb15.jpeg","type":"image\/jpeg"}],"twitter_card":"summary_large_image","twitter_site":"@belvarossecrets","twitter_misc":{"Est. reading time":"1 minute"},"schema":{"@context":"https:\/\/schema.org","@graph":[{"@type":"WebPage","@id":"https:\/\/www.szexshopbelvaros.com\/termek\/szilikon-fekete-allithato-peniszgyuru-adjustable-penis-ring\/","url":"https:\/\/www.szexshopbelvaros.com\/termek\/szilikon-fekete-allithato-peniszgyuru-adjustable-penis-ring\/","name":"Silicone, black adjustable penis ring - Adjustable penis ring - Szexshop Belvaros","isPartOf":{"@id":"https:\/\/www.szexshopbelvaros.com\/#website"},"primaryImageOfPage":{"@id":"https:\/\/www.szexshopbelvaros.com\/termek\/szilikon-fekete-allithato-peniszgyuru-adjustable-penis-ring\/#primaryimage"},"image":{"@id":"https:\/\/www.szexshopbelvaros.com\/termek\/szilikon-fekete-allithato-peniszgyuru-adjustable-penis-ring\/#primaryimage"},"thumbnailUrl":"https:\/\/www.szexshopbelvaros.com\/wp-content\/uploads\/2025\/01\/678292a64110e83ad078fb15.jpeg","datePublished":"2025-01-31T13:51:43+00:00","dateModified":"2026-04-10T12:00:32+00:00","breadcrumb":{"@id":"https:\/\/www.szexshopbelvaros.com\/termek\/szilikon-fekete-allithato-peniszgyuru-adjustable-penis-ring\/#breadcrumb"},"inLanguage":"en-US","potentialAction":[{"@type":"ReadAction","target":["https:\/\/www.szexshopbelvaros.com\/termek\/szilikon-fekete-allithato-peniszgyuru-adjustable-penis-ring\/"]}]},{"@type":"ImageObject","inLanguage":"en-US","@id":"https:\/\/www.szexshopbelvaros.com\/termek\/szilikon-fekete-allithato-peniszgyuru-adjustable-penis-ring\/#primaryimage","url":"https:\/\/www.szexshopbelvaros.com\/wp-content\/uploads\/2025\/01\/678292a64110e83ad078fb15.jpeg","contentUrl":"https:\/\/www.szexshopbelvaros.com\/wp-content\/uploads\/2025\/01\/678292a64110e83ad078fb15.jpeg","width":1200,"height":675},{"@type":"BreadcrumbList","@id":"https:\/\/www.szexshopbelvaros.com\/termek\/szilikon-fekete-allithato-peniszgyuru-adjustable-penis-ring\/#breadcrumb","itemListElement":[{"@type":"ListItem","position":1,"name":"Home","item":"https:\/\/www.szexshopbelvaros.com\/"},{"@type":"ListItem","position":2,"name":"\u00c1ruh\u00e1z","item":"https:\/\/www.szexshopbelvaros.com\/uzlet\/"},{"@type":"ListItem","position":3,"name":"Szilikon, fekete \u00e1ll\u00edthat\u00f3 p\u00e9niszgy\u0171r\u0171 &#8211; Adjustable penis ring"}]},{"@type":"WebSite","@id":"https:\/\/www.szexshopbelvaros.com\/#website","url":"https:\/\/www.szexshopbelvaros.com\/","name":"at our Szexshop Belv\u00e1ros","description":"\ud83d\udd25 Sex is like money; only too much is enough!\u2122 Secrets from the city center \ud83d\udc8b | Secrets from Budapest \ud83d\udc8e Adult games \u2022 Erotica \u2022 Sex shop Belvaros","publisher":{"@id":"https:\/\/www.szexshopbelvaros.com\/#organization"},"potentialAction":[{"@type":"SearchAction","target":{"@type":"EntryPoint","urlTemplate":"https:\/\/www.szexshopbelvaros.com\/?s={search_term_string}"},"query-input":{"@type":"PropertyValueSpecification","valueRequired":true,"valueName":"search_term_string"}}],"inLanguage":"en-US"},{"@type":"Organization","@id":"https:\/\/www.szexshopbelvaros.com\/#organization","name":"at our Szexshop Belv\u00e1ros","alternateName":"szexshopbelvaros.com","url":"https:\/\/www.szexshopbelvaros.com\/","logo":{"@type":"ImageObject","inLanguage":"en-US","@id":"https:\/\/www.szexshopbelvaros.com\/#\/schema\/logo\/image\/","url":"https:\/\/www.szexshopbelvaros.com\/wp-content\/uploads\/2025\/09\/1Szexshopbelvaroslogo_blurred_stronger.jpg","contentUrl":"https:\/\/www.szexshopbelvaros.com\/wp-content\/uploads\/2025\/09\/1Szexshopbelvaroslogo_blurred_stronger.jpg","width":1024,"height":1024,"caption":"Szexshop Belv\u00e1ros"},"image":{"@id":"https:\/\/www.szexshopbelvaros.com\/#\/schema\/logo\/image\/"},"sameAs":["https:\/\/www.facebook.com\/belvarossecrets\/","https:\/\/x.com\/belvarossecrets","https:\/\/www.instagram.com\/belvarossecrets\/","https:\/\/www.tiktok.com\/@belvarossecrets"]}]}},"_links":{"self":[{"href":"https:\/\/www.szexshopbelvaros.com\/en\/wp-json\/wp\/v2\/product\/997","targetHints":{"allow":["GET"]}}],"collection":[{"href":"https:\/\/www.szexshopbelvaros.com\/en\/wp-json\/wp\/v2\/product"}],"about":[{"href":"https:\/\/www.szexshopbelvaros.com\/en\/wp-json\/wp\/v2\/types\/product"}],"replies":[{"embeddable":true,"href":"https:\/\/www.szexshopbelvaros.com\/en\/wp-json\/wp\/v2\/comments?post=997"}],"wp:featuredmedia":[{"embeddable":true,"href":"https:\/\/www.szexshopbelvaros.com\/en\/wp-json\/wp\/v2\/media\/998"}],"wp:attachment":[{"href":"https:\/\/www.szexshopbelvaros.com\/en\/wp-json\/wp\/v2\/media?parent=997"}],"wp:term":[{"taxonomy":"product_brand","embeddable":true,"href":"https:\/\/www.szexshopbelvaros.com\/en\/wp-json\/wp\/v2\/product_brand?post=997"},{"taxonomy":"product_cat","embeddable":true,"href":"https:\/\/www.szexshopbelvaros.com\/en\/wp-json\/wp\/v2\/product_cat?post=997"},{"taxonomy":"product_tag","embeddable":true,"href":"https:\/\/www.szexshopbelvaros.com\/en\/wp-json\/wp\/v2\/product_tag?post=997"}],"curies":[{"name":"wp","href":"https:\/\/api.w.org\/{rel}","templated":true}]}}